{"id":23408,"date":"2025-04-09T15:35:19","date_gmt":"2025-04-09T13:35:19","guid":{"rendered":"https:\/\/etge.pl\/produkt\/montazownica-do-opon-etge-530l-ramie-pomocnicze-dp30\/"},"modified":"2025-11-25T13:40:35","modified_gmt":"2025-11-25T12:40:35","slug":"montazownica-do-opon-etge-530l-ramie-pomocnicze-dp30","status":"publish","type":"product","link":"https:\/\/etge.pl\/cs\/produkt\/montazownica-do-opon-etge-530l-ramie-pomocnicze-dp30\/","title":{"rendered":"Automatyczna Monta\u017cownica  do opon ETGE 530L + Rami\u0119 pomocnicze DP30"},"content":{"rendered":"<div class=\"mpof_ki myre_zn myre_8v_l m389_6m_l\">\n<div class=\"mp4t_16_s mryx_16_s mr3m_1 mli2_1 mh85_56 mh85_0_l\">\n<div class=\"mgn2_16 _0d3bd_am0a-\"><\/div>\n<\/div>\n<\/div>\n<div class=\"mpof_ki myre_zn myre_8v_l m389_6m_l\">\n<div class=\"mp4t_16_s mryx_16_s mr3m_1 mli2_1 mh85_56 mh85_0_l\">\n<div class=\"mgn2_16 _0d3bd_am0a-\">\n<h4 style=\"text-align: left;\"><strong>AUTOMATYCZNA MONTA\u017bOWNICA DO OPON EURO TRADE ETGE-530L RUNFLAT 400V<\/strong><\/h4>\n<p style=\"text-align: left;\"><b>Obs\u0142uga k\u00f3\u0142 samochod\u00f3w osobowych i dostawczych<\/b> \u2013 kompatybilno\u015b\u0107 z szerokim zakresem felg.<\/p>\n<p style=\"text-align: left;\"><b>Wysoka jako\u015b\u0107 wykonania<\/b> \u2013 solidna konstrukcja zapewnia d\u0142ugotrwa\u0142\u0105, bezawaryjn\u0105 prac\u0119.<\/p>\n<p style=\"text-align: left;\"><b>Dodatkowe akcesoria w zestawie<\/b>: pojemnik na past\u0119, \u0142y\u017cka<\/p>\n<\/div>\n<\/div>\n<\/div>\n<div class=\"mpof_ki myre_zn myre_8v_l m389_6m_l\" style=\"text-align: left;\">\n<div class=\"mp4t_16_s mryx_16_s mr3m_1 mli2_1 mh85_56 mh85_0_l\">\n<div class=\"mg9e_8 mj7a_8 mg9e_0_s mvrt_0_s mj7a_0_s mh36_0_s mzmg_6m munh_16_l m3h2_16_l\">\n<div class=\"mp4t_0 mryx_0 munh_56 m3h2_56\">\n<div class=\"mp7g_oh\"><\/div>\n<\/div>\n<\/div>\n<\/div>\n<div class=\"mp4t_16_s mryx_16_s mr3m_1 mli2_1 mh85_56 mh85_0_l\">\n<div class=\"mgn2_16 _0d3bd_am0a-\">\n<h4><strong>Monta\u017cownica Opon ETGE-530L + DP30<\/strong><\/h4>\n<h4><b>Specyfikacja:<\/b><\/h4>\n<p><b>Zasilanie<\/b>: 380V<\/p>\n<p><b>Moc silnika<\/b>: 2.2 kW<\/p>\n<p><b>Zasilanie pneumatyczne<\/b>: 8-10 Bar<\/p>\n<p><b>Zakres felg (wewn\u0119trzne mocowanie)<\/b>: 10&#8243; &#8211; 24&#8243;<\/p>\n<p><b>Zakres felg (zewn\u0119trzne mocowanie)<\/b>: 12&#8243; &#8211; 28&#8243;<\/p>\n<p><b>Moc zbijaka<\/b>: 2700 kg<\/p>\n<p><b>Maksymalna \u015brednica ko\u0142a<\/b>: 1150 mm<\/p>\n<p><b>Maksymalna szeroko\u015b\u0107 ko\u0142a<\/b>: 15&#8243;<\/p>\n<p><b>Poziom ha\u0142asu<\/b>: &lt;70 dB<\/p>\n<p>&nbsp;<\/p>\n<\/div>\n<\/div>\n<\/div>\n<div class=\"mpof_ki myre_zn myre_8v_l m389_6m_l\" style=\"text-align: left;\">\n<div class=\"mp4t_16_s mryx_16_s mr3m_1 mli2_1 mh85_56 mh85_0_l\">\n<div class=\"mgn2_16 _0d3bd_am0a-\">\n<h4><strong>Dodatkowe informacje:<\/strong><\/h4>\n<ul>\n<li><b>Monta\u017cownica do opon \u00a0ETGE-530L<\/b>\u00a0jest przystosowana do\u00a0profesjonalnego zastosowania\u00a0w serwisach wymiany opon.<\/li>\n<li><b>Maszyna posiada rozbudowane rami\u0119 pomocnicze Run Flat<\/b> ze sterowaniem pneumatycznym (g\u00f3ra-d\u00f3\u0142)<\/li>\n<li><b>St\u00f3\u0142 monta\u017cowy<\/b> (z obrotami prawo\/lewo) z systemem\u00a0samocentruj\u0105cych szcz\u0119k<\/li>\n<li><b>Stopka wraz z systemem blokowania<\/b><\/li>\n<li><b>Panel steruj\u0105cy<\/b> (podnoszeniem i opuszczaniem) ramieniem\u00a0DP30<\/li>\n<li><b>Odwadniacz + naolejacz <\/b>wraz z\u00a0pistoletem do pompowania opon<\/li>\n<li><b>Peda\u0142y steruj\u0105ce\u00a0<\/b>(\u00a0od lewej : odchylanie g\u0142\u00f3wnego ramienia ze stopk\u0105 monta\u017cow\u0105, sterowanie otwarciem\/zamkni\u0119ciem si\u0119 szcz\u0119k , sterowanie zbijakiem , sterowanie sto\u0142em obrotowym)<\/li>\n<li><b>Zbijak o maksymalnym\u00a0nacisku 2700KG<\/b><\/li>\n<li><b>Rami\u0119 pomocnicze\u00a0Run Flat DP30<\/b><\/li>\n<\/ul>\n<\/div>\n<\/div>\n<div class=\"mp4t_16_s mryx_16_s mr3m_1 mli2_1 mh85_56 mh85_0_l\">\n<div class=\"mg9e_8 mj7a_8 mg9e_0_s mvrt_0_s mj7a_0_s mh36_0_s mzmg_6m munh_16_l m3h2_16_l\">\n<div class=\"mp4t_0 mryx_0 munh_56 m3h2_56\">\n<div class=\"mp7g_oh\"><\/div>\n<\/div>\n<\/div>\n<\/div>\n<\/div>\n<div class=\"mpof_ki myre_zn myre_8v_l m389_6m_l\" style=\"text-align: left;\">\n<div class=\"mp4t_16_s mryx_16_s mr3m_1 mli2_1 mh85_56 mh85_0_l\">\n<div class=\"mgn2_16 _0d3bd_am0a-\">\n<h4><strong>Monta\u017cownica zawiera:<\/strong><\/h4>\n<ul>\n<li>\u0141y\u017cka\u00a0monta\u017cowa<\/li>\n<li>Pistolet\u00a0do pompowania opon<\/li>\n<li>Pojemnik na past\u0119<\/li>\n<\/ul>\n<\/div>\n<\/div>\n<div class=\"mp4t_16_s mryx_16_s mr3m_1 mli2_1 mh85_56 mh85_0_l\">\n<div class=\"mg9e_8 mj7a_8 mg9e_0_s mvrt_0_s mj7a_0_s mh36_0_s mzmg_6m munh_16_l m3h2_16_l\">\n<div class=\"mp4t_0 mryx_0 munh_56 m3h2_56\">\n<div class=\"mp7g_oh\"><\/div>\n<\/div>\n<\/div>\n<\/div>\n<\/div>\n<div class=\"mpof_ki myre_zn myre_8v_l m389_6m_l\" style=\"text-align: left;\">\n<div class=\"mp4t_16_s mryx_16_s mr3m_1 mli2_1 mh85_56 mh85_0_l\">\n<div class=\"mg9e_8 mj7a_8 mg9e_0_s mvrt_0_s mj7a_0_s mh36_0_s mzmg_6m munh_16_l m3h2_16_l\">\n<div class=\"mp4t_0 mryx_0 munh_56 m3h2_56\">\n<div class=\"mp7g_oh\"><\/div>\n<\/div>\n<\/div>\n<\/div>\n<div class=\"mp4t_16_s mryx_16_s mr3m_1 mli2_1 mh85_56 mh85_0_l\">\n<div class=\"mgn2_16 _0d3bd_am0a-\">\n<h4><strong>Dlaczego warto zainteresowa\u0107 si\u0119 monta\u017cownic\u0105 ETGE 530L z ramieniem DP30?<\/strong><\/h4>\n<ul>\n<li>Posiada system\u00a04-samocentruj\u0105cych szcz\u0119k, obroty sto\u0142u prawo\/lewo.<\/li>\n<li>Rami\u0119 g\u0142\u00f3wne\u00a0odchyla si\u0119 i w ty\u0142\u00a0i powraca do pozycji roboczej za pomoc\u0105 pneumatycznego si\u0142ownika poprzez naci\u015bniecie peda\u0142u.<\/li>\n<li>Operator, przyk\u0142ada stopk\u0119 do rantu felgi, \u00a0po naci\u015bni\u0119ciu przycisku pneumatycznego blokowania, stopka\u00a0automatyczne\u00a0unosi si\u0119 i blokuje kilka milimetr\u00f3w nad rantem felgi\u00a0nie uszkadzaj\u0105c jej w procesie zak\u0142adania opony.<\/li>\n<\/ul>\n<\/div>\n<\/div>\n<\/div>\n<div class=\"mpof_ki myre_zn myre_8v_l m389_6m_l\" style=\"text-align: left;\">\n<div class=\"mp4t_16_s mryx_16_s mr3m_1 mli2_1 mh85_56 mh85_0_l\">\n<div class=\"mgn2_16 _0d3bd_am0a-\">\n<h4><strong>Jako\u015b\u0107 wykonania monta\u017cownicy:<\/strong><\/h4>\n<p><b>Monta\u017cownica ETGE-530L z ramieniem DP30 <\/b>to wysokiej jako\u015bci monta\u017cownica do k\u00f3\u0142 oparta o najlepsze komponenty &#8211;<b> jako\u015b\u0107 wykonania monta\u017cownicy<\/b> sprawa, \u017ce maszyna <b>b\u0119dzie bezawaryjnie s\u0142u\u017cy\u0107 przez d\u0142ugi czas.<\/b><\/p>\n<\/div>\n<\/div>\n<div class=\"mp4t_16_s mryx_16_s mr3m_1 mli2_1 mh85_56 mh85_0_l\">\n<div class=\"mg9e_8 mj7a_8 mg9e_0_s mvrt_0_s mj7a_0_s mh36_0_s mzmg_6m munh_16_l m3h2_16_l\">\n<div class=\"mp4t_0 mryx_0 munh_56 m3h2_56\">\n<div class=\"mp7g_oh\"><\/div>\n<\/div>\n<\/div>\n<\/div>\n<\/div>\n<div class=\"mpof_ki myre_zn myre_8v_l m389_6m_l\" style=\"text-align: left;\">\n<div class=\"mp4t_16_s mryx_16_s mr3m_1 mli2_1 mh85_56 mh85_0_l\">\n<div class=\"mgn2_16 _0d3bd_am0a-\">\n<h4><strong>W zestawie z monta\u017cownic\u0105 znajduj\u0105 si\u0119 :<\/strong><\/h4>\n<ul>\n<li>Sto\u017cki centruj\u0105ce,<\/li>\n<li>M\u0142otko-szczypce do monta\u017cu i demonta\u017cu ci\u0119\u017cark\u00f3w,<\/li>\n<li>Cyrkiel<\/li>\n<\/ul>\n<\/div>\n<\/div>\n<\/div>\n<div class=\"mpof_ki myre_zn myre_8v_l m389_6m_l\">\n<div class=\"mp4t_16_s mryx_16_s mr3m_1 mli2_1 mh85_56 mh85_0_l\">\n<div class=\"mg9e_8 mj7a_8 mg9e_0_s mvrt_0_s mj7a_0_s mh36_0_s mzmg_6m munh_16_l m3h2_16_l\">\n<div class=\"mp4t_0 mryx_0 munh_56 m3h2_56\">\n<div class=\"mp7g_oh\" style=\"text-align: left;\"><\/div>\n<\/div>\n<\/div>\n<\/div>\n<\/div>","protected":false},"excerpt":{"rendered":"<h4 style=\"text-align: left;\"><strong>Monta\u017cownica do opon ETGE 530L + Rami\u0119 pomocnicze DP30\u00a0<\/strong><\/h4>\n<p style=\"text-align: left;\">Monta\u017cownica \u00a0do opon ETGE 530L + Rami\u0119 pomocnicze\u00a0DP30 Profesjonalna monta\u017cownica do opon\u00a0ETGE 530L\u00a0\u00a0z rozbudowanym ramieniem pomocniczym DP30\u00a0do felg niskoprofilowych.<\/p>","protected":false},"featured_media":23346,"comment_status":"open","ping_status":"closed","template":"","meta":[],"product_brand":[],"product_cat":[124,119],"product_tag":[],"class_list":{"0":"post-23408","1":"product","2":"type-product","3":"status-publish","4":"has-post-thumbnail","6":"product_cat-wszystkie-urzadzenia-euro-trade","7":"product_cat-05-montazownice-do-opon","8":"product_shipping_class-wywazarka-montazownica-solo","10":"first","11":"instock","12":"taxable","13":"shipping-taxable","14":"purchasable","15":"product-type-simple"},"_links":{"self":[{"href":"https:\/\/etge.pl\/cs\/wp-json\/wp\/v2\/product\/23408","targetHints":{"allow":["GET"]}}],"collection":[{"href":"https:\/\/etge.pl\/cs\/wp-json\/wp\/v2\/product"}],"about":[{"href":"https:\/\/etge.pl\/cs\/wp-json\/wp\/v2\/types\/product"}],"replies":[{"embeddable":true,"href":"https:\/\/etge.pl\/cs\/wp-json\/wp\/v2\/comments?post=23408"}],"wp:featuredmedia":[{"embeddable":true,"href":"https:\/\/etge.pl\/cs\/wp-json\/wp\/v2\/media\/23346"}],"wp:attachment":[{"href":"https:\/\/etge.pl\/cs\/wp-json\/wp\/v2\/media?parent=23408"}],"wp:term":[{"taxonomy":"product_brand","embeddable":true,"href":"https:\/\/etge.pl\/cs\/wp-json\/wp\/v2\/product_brand?post=23408"},{"taxonomy":"product_cat","embeddable":true,"href":"https:\/\/etge.pl\/cs\/wp-json\/wp\/v2\/product_cat?post=23408"},{"taxonomy":"product_tag","embeddable":true,"href":"https:\/\/etge.pl\/cs\/wp-json\/wp\/v2\/product_tag?post=23408"}],"curies":[{"name":"wp","href":"https:\/\/api.w.org\/{rel}","templated":true}]}}