{"id":23409,"date":"2025-04-09T15:35:19","date_gmt":"2025-04-09T13:35:19","guid":{"rendered":"https:\/\/etge.pl\/produkt\/montazownica-do-opon-etge-210\/"},"modified":"2026-02-18T11:49:11","modified_gmt":"2026-02-18T10:49:11","slug":"montazownica-do-opon-etge-210","status":"publish","type":"product","link":"https:\/\/etge.pl\/cs\/produkt\/montazownica-do-opon-etge-210\/","title":{"rendered":"Monta\u017cownica do k\u00f3\u0142 opon Euro Trade ETGE-210"},"content":{"rendered":"<div class=\"mpof_ki myre_zn myre_8v_l m389_6m_l\">\n<div class=\"mp4t_16_s mryx_16_s mr3m_1 mli2_1 mh85_56 mh85_0_l\">\n<div class=\"mg9e_8 mj7a_8 mg9e_0_s mvrt_0_s mj7a_0_s mh36_0_s mzmg_6m munh_16_l m3h2_16_l\">\n<h4 class=\"mp4t_0 mryx_0 munh_56 m3h2_56\" style=\"text-align: left;\"><strong>MONTA\u017bOWNICA DO K\u00d3\u0141 OPON SAMOCHODOWYCH EURO TRADE ETGE-210<\/strong><\/h4>\n<\/div>\n<\/div>\n<div class=\"mp4t_16_s mryx_16_s mr3m_1 mli2_1 mh85_56 mh85_0_l\" style=\"text-align: left;\">\n<div class=\"mgn2_16 _0d3bd_am0a-\">\n<p style=\"text-align: left;\"><b>Marka: Euro Trade\u00a0<\/b>Szukasz niezawodnego i profesjonalnego sprz\u0119tu do serwisu opon?<\/p>\n<p style=\"text-align: left;\"><b>Monta\u017cownica ETGE-210<\/b>\u00a0od\u00a0<b>Euro Trade<\/b> to doskona\u0142y wyb\u00f3r dla ka\u017cdego warsztatu wulkanizacyjnego!<\/p>\n<p style=\"text-align: left;\">\n<\/div>\n<\/div>\n<\/div>\n<div class=\"mpof_ki myre_zn myre_8v_l m389_6m_l\" style=\"text-align: left;\">\n<div class=\"mp4t_16_s mryx_16_s mr3m_1 mli2_1 mh85_56 mh85_0_l\">\n<div class=\"mgn2_16 _0d3bd_am0a-\">\n<h4><strong>Monta\u017cownica do opon ETGE-210<\/strong><\/h4>\n<h4><strong>Akcesoria wulkanizacyjne:<\/strong><\/h4>\n<ul>\n<li>Pojemnik na past\u0119<\/li>\n<li>\u0141y\u017cka monta\u017cowa<\/li>\n<\/ul>\n<\/div>\n<\/div>\n<div class=\"mp4t_16_s mryx_16_s mr3m_1 mli2_1 mh85_56 mh85_0_l\">\n<div class=\"mg9e_8 mj7a_8 mg9e_0_s mvrt_0_s mj7a_0_s mh36_0_s mzmg_6m munh_16_l m3h2_16_l\"><\/div>\n<\/div>\n<\/div>\n<div class=\"mpof_ki myre_zn myre_8v_l m389_6m_l\" style=\"text-align: left;\">\n<div class=\"mp4t_16_s mryx_16_s mr3m_1 mli2_1 mh85_56 mh85_0_l\">\n<div class=\"mgn2_16 _0d3bd_am0a-\">\n<p><strong>Monta\u017cownica do Opon ETGE-210<\/strong><\/p>\n<h4><strong>Specyfikacja techniczna:<\/strong><\/h4>\n<p><b>&#8211; Zasilanie:<\/b>\u00a0380V<\/p>\n<p><b>&#8211; Moc silnika:<\/b>\u00a02.2 kW<\/p>\n<p><b>&#8211; Zasilanie pneumatyczne:<\/b>\u00a08-10 Bar<\/p>\n<p><b>&#8211; Zakres mocowania felg wewn\u0119trznych:<\/b>\u00a010&#8243; \u2013 22&#8243;<\/p>\n<p><b>&#8211; Zakres mocowania felg zewn\u0119trznych:<\/b>\u00a012&#8243; \u2013 24&#8243;<\/p>\n<p><b>&#8211; Moc zbijaka:<\/b>\u00a02700 kg<\/p>\n<p><b>&#8211; Maksymalna \u015brednica ko\u0142a:<\/b>\u00a0960 mm<\/p>\n<p><b>&#8211; Maksymalna szeroko\u015b\u0107 ko\u0142a:<\/b>\u00a015&#8243;<\/p>\n<p><b>&#8211; Poziom ha\u0142asu:<\/b>\u00a0&lt; 70 dB<\/p>\n<p>&nbsp;<\/p>\n<\/div>\n<\/div>\n<\/div>\n<div class=\"mpof_ki myre_zn myre_8v_l m389_6m_l\" style=\"text-align: left;\">\n<div class=\"mp4t_16_s mryx_16_s mr3m_1 mli2_1 mh85_56 mh85_0_l\">\n<div class=\"mgn2_16 _0d3bd_am0a-\">\n<h4><strong>Dodatkowe informacje:<\/strong><\/h4>\n<p><b>&#8211; Monta\u017cownica do opon \u00a0ETGE-210<\/b>\u00a0jest przystosowana do\u00a0profesjonalnego zastosowania\u00a0w serwisach wymiany opon.<\/p>\n<p><b>&#8211; St\u00f3\u0142 monta\u017cowy<\/b>\u00a0(z obrotami prawo\/lewo) z systemem\u00a0samocentruj\u0105cych szcz\u0119k<\/p>\n<p><b>&#8211; Stopka wraz z systemem blokowania<\/b><\/p>\n<p><b>&#8211; Odwadniacz + naolejacz <\/b>wraz z\u00a0pistoletem do pompowania opon<\/p>\n<p><b>&#8211; Peda\u0142y steruj\u0105ce <\/b>( od lewej : obroty sto\u0142u, sterowanie otwarciem\/zamkni\u0119ciem si\u0119 szcz\u0119k , sterowanie zbijakiem)<\/p>\n<p><b>&#8211; Zbijak o maksymalnym nacisku 2700KG<\/b><\/p>\n<\/div>\n<\/div>\n<div class=\"mp4t_16_s mryx_16_s mr3m_1 mli2_1 mh85_56 mh85_0_l\">\n<div class=\"mg9e_8 mj7a_8 mg9e_0_s mvrt_0_s mj7a_0_s mh36_0_s mzmg_6m munh_16_l m3h2_16_l\">\n<div class=\"mp4t_0 mryx_0 munh_56 m3h2_56\">\n<div class=\"mp7g_oh\"><\/div>\n<\/div>\n<\/div>\n<\/div>\n<\/div>\n<div class=\"mpof_ki myre_zn myre_8v_l m389_6m_l\">\n<div class=\"mp4t_16_s mryx_16_s mr3m_1 mli2_1 mh85_56 mh85_0_l\" style=\"text-align: left;\">\n<div class=\"mg9e_8 mj7a_8 mg9e_0_s mvrt_0_s mj7a_0_s mh36_0_s mzmg_6m munh_16_l m3h2_16_l\">\n<div class=\"mp4t_0 mryx_0 munh_56 m3h2_56\">\n<div class=\"mp7g_oh\"><\/div>\n<\/div>\n<\/div>\n<\/div>\n<div class=\"mp4t_16_s mryx_16_s mr3m_1 mli2_1 mh85_56 mh85_0_l\">\n<div class=\"mgn2_16 _0d3bd_am0a-\">\n<h4 style=\"text-align: left;\"><strong>Dlaczego warto wybra\u0107 monta\u017cownic\u0119 ETGE-210?<\/strong><\/h4>\n<p style=\"text-align: left;\"><b>Szerokie zastosowanie:<\/b>\u00a0Doskona\u0142a do serwis\u00f3w opon w samochodach osobowych i dostawczych!<\/p>\n<p style=\"text-align: left;\"><b>Niezawodno\u015b\u0107:<\/b>\u00a0Wysokiej jako\u015bci komponenty zapewniaj\u0105 niezawodn\u0105, d\u0142ugotrwa\u0142\u0105 prac\u0119!<\/p>\n<p style=\"text-align: left;\"><b>\u0141atwa obs\u0142uga:<\/b>\u00a0Peda\u0142y steruj\u0105ce (obr\u00f3t sto\u0142u, otwieranie\/zamykanie szcz\u0119k, sterowanie zbijakiem) zapewniaj\u0105 wygod\u0119 pracy!<\/p>\n<\/div>\n<\/div>\n<\/div>","protected":false},"excerpt":{"rendered":"<h4><strong>Monta\u017cownica do opon ETGE-210 \u2013 idealny wyb\u00f3r do profesjonalnych warsztat\u00f3w!<\/strong><\/h4>\n<p><b>Marka: Euro Trade\u00a0<\/b>Szukasz niezawodnego i profesjonalnego sprz\u0119tu do serwisu opon?<\/p>\n<p><b>Monta\u017cownica ETGE-210<\/b>\u00a0od\u00a0<b>Euro Trade<\/b> to doskona\u0142y wyb\u00f3r dla ka\u017cdego warsztatu wulkanizacyjnego!<\/p>","protected":false},"featured_media":23392,"comment_status":"open","ping_status":"closed","template":"","meta":[],"product_brand":[],"product_cat":[124,119],"product_tag":[],"class_list":{"0":"post-23409","1":"product","2":"type-product","3":"status-publish","4":"has-post-thumbnail","6":"product_cat-wszystkie-urzadzenia-euro-trade","7":"product_cat-05-montazownice-do-opon","8":"product_shipping_class-wywazarka-montazownica-solo","10":"first","11":"instock","12":"taxable","13":"shipping-taxable","14":"purchasable","15":"product-type-simple"},"_links":{"self":[{"href":"https:\/\/etge.pl\/cs\/wp-json\/wp\/v2\/product\/23409","targetHints":{"allow":["GET"]}}],"collection":[{"href":"https:\/\/etge.pl\/cs\/wp-json\/wp\/v2\/product"}],"about":[{"href":"https:\/\/etge.pl\/cs\/wp-json\/wp\/v2\/types\/product"}],"replies":[{"embeddable":true,"href":"https:\/\/etge.pl\/cs\/wp-json\/wp\/v2\/comments?post=23409"}],"wp:featuredmedia":[{"embeddable":true,"href":"https:\/\/etge.pl\/cs\/wp-json\/wp\/v2\/media\/23392"}],"wp:attachment":[{"href":"https:\/\/etge.pl\/cs\/wp-json\/wp\/v2\/media?parent=23409"}],"wp:term":[{"taxonomy":"product_brand","embeddable":true,"href":"https:\/\/etge.pl\/cs\/wp-json\/wp\/v2\/product_brand?post=23409"},{"taxonomy":"product_cat","embeddable":true,"href":"https:\/\/etge.pl\/cs\/wp-json\/wp\/v2\/product_cat?post=23409"},{"taxonomy":"product_tag","embeddable":true,"href":"https:\/\/etge.pl\/cs\/wp-json\/wp\/v2\/product_tag?post=23409"}],"curies":[{"name":"wp","href":"https:\/\/api.w.org\/{rel}","templated":true}]}}