{"id":23425,"date":"2025-04-09T15:35:19","date_gmt":"2025-04-09T13:35:19","guid":{"rendered":"https:\/\/etge.pl\/produkt\/podnosnik-samochodowy-dwukolumnowy-automatyczny-euro-trade-ae4000\/"},"modified":"2026-02-16T13:04:48","modified_gmt":"2026-02-16T12:04:48","slug":"podnosnik-samochodowy-dwukolumnowy-automatyczny-euro-trade-ae4000","status":"publish","type":"product","link":"https:\/\/etge.pl\/cs\/produkt\/podnosnik-samochodowy-dwukolumnowy-automatyczny-euro-trade-ae4000\/","title":{"rendered":"Podno\u015bnik samochodowy dwukolumnowy automatyczny Euro-Trade AE4000"},"content":{"rendered":"<div class=\"product-description-text\">\n<h4><strong>Podno\u015bnik samochodowy dwukolumnowy automatyczny Euro-Trade AE4000<\/strong><\/h4>\n<p><strong>Idealny wyb\u00f3r do profesjonalnych warsztat\u00f3w!<\/strong> Podno\u015bnik dwukolumnowy samochodowy automatyczny Euro Trade SAE-40<\/p>\n<\/div>\n<div class=\"product-tech-specs\">\n<h3>Dane techniczne<\/h3>\n<ul>\n<li>Producent: Euro Trade<\/li>\n<li>ud\u017awig: 4000 kg<\/li>\n<li>wysoko\u015b\u0107 ca\u0142kowita: 2830 mm<\/li>\n<li>wysoko\u015b\u0107 podnoszenia: 1850 mm<\/li>\n<li>szeroko\u015b\u0107 ca\u0142kowita: 3426 mm<\/li>\n<li>odleg\u0142o\u015b\u0107 mi\u0119dzy kolumnami: 2801 mm<\/li>\n<li>zasilanie: 400 V \/ 50 Hz \/ 3 Ph<\/li>\n<li>typ blokady: elektro-magnetyczna<\/li>\n<\/ul>\n<\/div>\n<div class=\"product-extra-info\">\n<h3>Dodatkowe informacje<\/h3>\n<ul>\n<li>Automatyczne odblokowanie zapadek za pomoc\u0105 elektromagnes\u00f3w<\/li>\n<li>Nap\u0119d elektro-hydrauliczny<\/li>\n<li>Asymetryczne ramiona<\/li>\n<li>Wy\u0142\u0105cznik kra\u0144cowy<\/li>\n<li>Zabezpieczenie przed zmia\u017cd\u017ceniem stopy (wymagane przez UDT).<\/li>\n<li>Ryflowana obudowa lin synchronizacji i przewodu hydraulicznego ( samoch\u00f3d nie \u015blizga si\u0119 podczas przejazdu)<\/li>\n<li>Pe\u0142na dokumentacja: deklaracja zgodno\u015bci, certyfikat CE, polska instrukcja obs\u0142ugi<\/li>\n<li>Solidna i estetyczna konstrukcja<\/li>\n<li>Wzmocniona pompa hydrauliczna<\/li>\n<li>Lakierowanie proszkowe<\/li>\n<\/ul>\n<\/div>","protected":false},"excerpt":{"rendered":"<h4 style=\"text-align: left;\"><strong>Podno\u015bnik samochodowy dwukolumnowy automatyczny Euro-Trade AE4000<\/strong><\/h4>\n<p style=\"text-align: left;\"><strong>Idealny wyb\u00f3r do profesjonalnych warsztat\u00f3w!<\/strong> Podno\u015bnik dwukolumnowy samochodowy automatyczny Euro Trade SAE-40<\/p>","protected":false},"featured_media":23426,"comment_status":"open","ping_status":"closed","template":"","meta":[],"product_brand":[],"product_cat":[125],"product_tag":[],"class_list":{"0":"post-23425","1":"product","2":"type-product","3":"status-publish","4":"has-post-thumbnail","6":"product_cat-02-podnosniki-dwukolumnowe","7":"product_shipping_class-2-kol-4t","9":"first","10":"instock","11":"taxable","12":"shipping-taxable","13":"purchasable","14":"product-type-simple"},"_links":{"self":[{"href":"https:\/\/etge.pl\/cs\/wp-json\/wp\/v2\/product\/23425","targetHints":{"allow":["GET"]}}],"collection":[{"href":"https:\/\/etge.pl\/cs\/wp-json\/wp\/v2\/product"}],"about":[{"href":"https:\/\/etge.pl\/cs\/wp-json\/wp\/v2\/types\/product"}],"replies":[{"embeddable":true,"href":"https:\/\/etge.pl\/cs\/wp-json\/wp\/v2\/comments?post=23425"}],"wp:featuredmedia":[{"embeddable":true,"href":"https:\/\/etge.pl\/cs\/wp-json\/wp\/v2\/media\/23426"}],"wp:attachment":[{"href":"https:\/\/etge.pl\/cs\/wp-json\/wp\/v2\/media?parent=23425"}],"wp:term":[{"taxonomy":"product_brand","embeddable":true,"href":"https:\/\/etge.pl\/cs\/wp-json\/wp\/v2\/product_brand?post=23425"},{"taxonomy":"product_cat","embeddable":true,"href":"https:\/\/etge.pl\/cs\/wp-json\/wp\/v2\/product_cat?post=23425"},{"taxonomy":"product_tag","embeddable":true,"href":"https:\/\/etge.pl\/cs\/wp-json\/wp\/v2\/product_tag?post=23425"}],"curies":[{"name":"wp","href":"https:\/\/api.w.org\/{rel}","templated":true}]}}