{"id":24813,"date":"2025-08-19T14:12:44","date_gmt":"2025-08-19T12:12:44","guid":{"rendered":"https:\/\/etge.pl\/?post_type=product&#038;p=24813"},"modified":"2025-09-24T15:25:56","modified_gmt":"2025-09-24T13:25:56","slug":"podnosnik-czterokolumnowy-etge-404-4000kg-zestaw-mobilny-podnosnik-osi","status":"publish","type":"product","link":"https:\/\/etge.pl\/cs\/produkt\/podnosnik-czterokolumnowy-etge-404-4000kg-zestaw-mobilny-podnosnik-osi\/","title":{"rendered":"Podno\u015bnik Czterokolumnowy ETGE-404 4000kg Zestaw Mobilny + Podno\u015bnik osi"},"content":{"rendered":"<div class=\"mp4t_16_s mryx_16_s mr3m_1 mli2_1 mh85_56 mh85_0_l\">\n<div class=\"mgn2_16 _0d3bd_am0a-\">\n<h4 style=\"text-align: left;\">Podno\u015bnik Czterokolumnowy ETGE-HL404 4000kg \u00a0Zestaw Mobilny + Podno\u015bnik osi + Akcesoria<\/h4>\n<p style=\"text-align: left;\">Profesjonalny czterokolumnowy podno\u015bnik parkingowy ETGE-HL404 o ud\u017awigu 4000 kg to idealne rozwi\u0105zanie dla warsztat\u00f3w, gara\u017cy i zastosowa\u0144 ekspozycyjnych. Dzi\u0119ki zasilaniu 220V (1-fazowemu) doskonale sprawdzi si\u0119 r\u00f3wnie\u017c w warunkach domowych.<\/p>\n<p style=\"text-align: left;\">W komplecie otrzymujesz pe\u0142ne wyposa\u017cenie, umo\u017cliwiaj\u0105ce zar\u00f3wno wygodne parkowanie, jak i serwisowanie pojazd\u00f3w.<\/p>\n<\/div>\n<div class=\"mpof_ki myre_zn myre_8v_l m389_6m_l\">\n<div class=\"mp4t_16_s mryx_16_s mr3m_1 mli2_1 mh85_56 mh85_0_l\" style=\"text-align: left;\">\n<div class=\"mgn2_16 _0d3bd_am0a-\">\n<h4>W zestawie otrzymujesz:<\/h4>\n<ul>\n<li>Podno\u015bnik czterokolumnowy ETGE-HL404 \u2013 ud\u017awig 4000 kg<\/li>\n<li>Mobil Kit \u2013 zestaw k\u00f3\u0142ek i uchwyt\u00f3w do przemieszczania<\/li>\n<li>Rampy najazdowe<\/li>\n<li>Tacka ociekowa \u2013 z wytrzyma\u0142ego tworzywa, do zbierania p\u0142yn\u00f3w<\/li>\n<li>Przesuwne kuwety serwisowe \u2013 z profilowanej blachy, do pracy i przechowywania<\/li>\n<li>Podno\u015bnik osiowy przesuwny \u2013 do unoszenia ca\u0142ej osi pojazdu<\/li>\n<li>Szyny prowadz\u0105ce podno\u015bnika osiowego<\/li>\n<li>Pe\u0142en zestaw mocowa\u0144, zabezpiecze\u0144 i instrukcja w j\u0119zyku polskim<\/li>\n<\/ul>\n<\/div>\n<\/div>\n<div class=\"mp4t_16_s mryx_16_s mr3m_1 mli2_1 mh85_56 mh85_0_l\">\n<div class=\"mg9e_8 mj7a_8 mg9e_0_s mvrt_0_s mj7a_0_s mh36_0_s mzmg_6m munh_16_l m3h2_16_l\">\n<div class=\"mp4t_0 mryx_0 munh_56 m3h2_56\">\n<div class=\"mp7g_oh\">\n<div class=\"mpof_ki myre_zn myre_8v_l m389_6m_l\">\n<div class=\"mp4t_16_s mryx_16_s mr3m_1 mli2_1 mh85_56 mh85_0_l\">\n<div class=\"mgn2_16 _0d3bd_am0a-\">\n<h4 style=\"text-align: left;\">Specyfikacja<\/h4>\n<ul style=\"text-align: left;\">\n<li>Ud\u017awig: 4000 kg<\/li>\n<li>Wysoko\u015b\u0107 minimalna: 147 mm<\/li>\n<li>Wysoko\u015b\u0107 maksymalna podnoszenia: 2220 mm<\/li>\n<li>D\u0142ugo\u015b\u0107 ca\u0142kowita: 5782,5 mm<\/li>\n<li>Szeroko\u015b\u0107 ca\u0142kowita: 3341 mm<\/li>\n<li>Wysoko\u015b\u0107 ca\u0142kowita: 2456 mm<\/li>\n<li>D\u0142ugo\u015b\u0107 platform: 4790 mm<\/li>\n<li>Szeroko\u015b\u0107 platform: 508 mm<\/li>\n<li>Szeroko\u015b\u0107 mi\u0119dzy s\u0142upami: 2484 mm<\/li>\n<li>Szeroko\u015b\u0107 mi\u0119dzy platformami: 994 mm<\/li>\n<li>Czas podnoszenia: 50 sekund<\/li>\n<li>Czas opuszczania: 35 sekund<\/li>\n<li>Moc silnika: 2,2 kW<\/li>\n<li>Zasilanie: 220V \/ 50Hz \/ 1-fazowe<\/li>\n<\/ul>\n<div class=\"mp4t_16_s mryx_16_s mr3m_1 mli2_1 mh85_56 mh85_0_l\">\n<div class=\"mgn2_16 _0d3bd_am0a-\">\n<h4 style=\"text-align: left;\">Najwa\u017cniejsze zalety:<\/h4>\n<ul>\n<li style=\"text-align: left;\">Mobilno\u015b\u0107 \u2013 mo\u017cesz przemieszcza\u0107 podno\u015bnik w dowolne miejsce (Mobil Kit w zestawie)<\/li>\n<li style=\"text-align: left;\">Serwis zawieszenia i k\u00f3\u0142 \u2013 dzi\u0119ki podno\u015bnikowi osiowemu i szynom<\/li>\n<li style=\"text-align: left;\">Kompletne wyposa\u017cenie \u2013 rampy, tacki, kuwety i zabezpieczenia<\/li>\n<li style=\"text-align: left;\">Solidna konstrukcja \u2013 stalowa rama, blokady mechaniczne i stabilne platformy<\/li>\n<li style=\"text-align: left;\">Uniwersalne zasilanie \u2013 220V \/ 1-fazowe, idealne do gara\u017cu i warsztatu<\/li>\n<\/ul>\n<\/div>\n<\/div>\n<\/div>\n<\/div>\n<\/div>\n<\/div>\n<\/div>\n<\/div>\n<\/div>\n<\/div>\n<\/div>","protected":false},"excerpt":{"rendered":"<h5 style=\"text-align: left;\">Podno\u015bnik czterokolumnowy mobilny ETGE-HL404<\/h5>\n<p style=\"text-align: left;\">Profesjonalny czterokolumnowy podno\u015bnik parkingowy ETGE-HL404 o ud\u017awigu 4000 kg to idealne rozwi\u0105zanie dla warsztat\u00f3w, gara\u017cy i zastosowa\u0144 ekspozycyjnych. Dzi\u0119ki zasilaniu 220V (1-fazowemu) doskonale sprawdzi si\u0119 r\u00f3wnie\u017c w warunkach domowych.<\/p>\n<p style=\"text-align: left;\">W komplecie otrzymujesz pe\u0142ne wyposa\u017cenie, umo\u017cliwiaj\u0105ce zar\u00f3wno wygodne parkowanie, jak i serwisowanie pojazd\u00f3w.<\/p>","protected":false},"featured_media":24814,"comment_status":"open","ping_status":"closed","template":"","meta":[],"product_brand":[],"product_cat":[133,126],"product_tag":[],"class_list":{"0":"post-24813","1":"product","2":"type-product","3":"status-publish","4":"has-post-thumbnail","6":"product_cat-podnosniki-kolumnowe","7":"product_cat-03-podnosniki-czterokolumnowe","8":"product_shipping_class-4-kol-male","10":"first","11":"instock","12":"taxable","13":"shipping-taxable","14":"purchasable","15":"product-type-simple"},"_links":{"self":[{"href":"https:\/\/etge.pl\/cs\/wp-json\/wp\/v2\/product\/24813","targetHints":{"allow":["GET"]}}],"collection":[{"href":"https:\/\/etge.pl\/cs\/wp-json\/wp\/v2\/product"}],"about":[{"href":"https:\/\/etge.pl\/cs\/wp-json\/wp\/v2\/types\/product"}],"replies":[{"embeddable":true,"href":"https:\/\/etge.pl\/cs\/wp-json\/wp\/v2\/comments?post=24813"}],"wp:featuredmedia":[{"embeddable":true,"href":"https:\/\/etge.pl\/cs\/wp-json\/wp\/v2\/media\/24814"}],"wp:attachment":[{"href":"https:\/\/etge.pl\/cs\/wp-json\/wp\/v2\/media?parent=24813"}],"wp:term":[{"taxonomy":"product_brand","embeddable":true,"href":"https:\/\/etge.pl\/cs\/wp-json\/wp\/v2\/product_brand?post=24813"},{"taxonomy":"product_cat","embeddable":true,"href":"https:\/\/etge.pl\/cs\/wp-json\/wp\/v2\/product_cat?post=24813"},{"taxonomy":"product_tag","embeddable":true,"href":"https:\/\/etge.pl\/cs\/wp-json\/wp\/v2\/product_tag?post=24813"}],"curies":[{"name":"wp","href":"https:\/\/api.w.org\/{rel}","templated":true}]}}