{"id":24913,"date":"2025-11-21T15:51:07","date_gmt":"2025-11-21T14:51:07","guid":{"rendered":"https:\/\/etge.pl\/?post_type=product&#038;p=24913"},"modified":"2025-11-21T15:59:23","modified_gmt":"2025-11-21T14:59:23","slug":"zestaw-wulkanizacji-wywazarka-etge-908-black-lcd-laser-montazownica-etge-530l-black-runflat","status":"publish","type":"product","link":"https:\/\/etge.pl\/cs\/produkt\/zestaw-wulkanizacji-wywazarka-etge-908-black-lcd-laser-montazownica-etge-530l-black-runflat\/","title":{"rendered":"Zestaw Wulkanizacji Wywa\u017carka ETGE-908 BLACK LCD LASER Monta\u017cownica ETGE-530L BLACK Runflat"},"content":{"rendered":"<div class=\"mpof_ki myre_zn myre_8v_l m389_6m_l\">\n<div class=\"mp4t_16_s mryx_16_s mr3m_1 mli2_1 mh85_56 mh85_0_l\">\n<div class=\"mgn2_16 _0d3bd_am0a-\">\n<h1>Kompletny zestaw do wulkanizacji \u2013 dla profesjonalnych warsztat\u00f3w i serwis\u00f3w opon<\/h1>\n<p><b>Postaw na niezawodno\u015b\u0107, precyzj\u0119 i moc <\/b>\u2013 wybierz zestaw <b>EURO TRADE ETGE-530L BLACK + EURO TRADE ETGE-908 BLACK LCD LASER<\/b>, kt\u00f3ry \u0142\u0105czy w sobie <b>najwy\u017csz\u0105 jako\u015b\u0107 wykonania<\/b> z funkcjonalno\u015bci\u0105 na poziomie sprz\u0119tu <b>premium.<\/b><\/p>\n<p>To idealne rozwi\u0105zanie zar\u00f3wno do <b>profesjonalnych<\/b> <b>warsztat\u00f3w samochodowych<\/b>, jak i mniejszych serwis\u00f3w opon osobowych i warsztat\u00f3w.<\/p>\n<\/div>\n<\/div>\n<\/div>\n<div class=\"mpof_ki myre_zn myre_8v_l m389_6m_l\">\n<div class=\"mp4t_16_s mryx_16_s mr3m_1 mli2_1 mh85_56 mh85_0_l\">\n<div class=\"mg9e_8 mj7a_8 mg9e_0_s mvrt_0_s mj7a_0_s mh36_0_s mzmg_6m munh_16_l m3h2_16_l\">\n<div class=\"mp4t_0 mryx_0 munh_56 m3h2_56\">\n<div class=\"mp7g_oh\"><\/div>\n<\/div>\n<\/div>\n<\/div>\n<\/div>\n<div class=\"mpof_ki myre_zn myre_8v_l m389_6m_l\">\n<div class=\"mp4t_16_s mryx_16_s mr3m_1 mli2_1 mh85_56 mh85_0_l\">\n<div class=\"mgn2_16 _0d3bd_am0a-\">\n<h1>Nowoczesna monta\u017cownica EURO TRADE ETGE-530L BLACK<\/h1>\n<p>To <b>solidne, niezawodne i niezwykle funkcjonalne urz\u0105dzenie<\/b>, stworzone z my\u015bl\u0105 o <b>profesjonalnych serwisach opon<\/b>, warsztatach samochodowych oraz punktach mobilnych.<\/p>\n<p>Dzi\u0119ki zastosowaniu najnowszych rozwi\u0105za\u0144 technicznych, monta\u017cownica pozwala na<b> szybki, precyzyjny i bezpieczny <\/b>monta\u017c i demonta\u017c opon, w tym opon typu <b>Run Flat i niskoprofilowych.<\/b><\/p>\n<\/div>\n<\/div>\n<\/div>\n<div class=\"mpof_ki myre_zn myre_8v_l m389_6m_l\">\n<div class=\"mp4t_16_s mryx_16_s mr3m_1 mli2_1 mh85_56 mh85_0_l\">\n<div class=\"mg9e_8 mj7a_8 mg9e_0_s mvrt_0_s mj7a_0_s mh36_0_s mzmg_6m munh_16_l m3h2_16_l\">\n<div class=\"mp4t_0 mryx_0 munh_56 m3h2_56\">\n<div class=\"mp7g_oh\"><\/div>\n<\/div>\n<\/div>\n<\/div>\n<\/div>\n<div class=\"mpof_ki myre_zn myre_8v_l m389_6m_l\">\n<div class=\"mp4t_16_s mryx_16_s mr3m_1 mli2_1 mh85_56 mh85_0_l\">\n<div class=\"mgn2_16 _0d3bd_am0a-\">\n<h1>Rami\u0119 pomocnicze 3D RunFlat \u2013 pe\u0142na kontrola nad ka\u017cd\u0105 opon\u0105<\/h1>\n<p><b>Nowoczesne rami\u0119 pomocnicze 3D RunFlat,<\/b> w kt\u00f3re wyposa\u017cono monta\u017cownic\u0119 <b>ETGE-530L BLACK<\/b>, to kluczowy element, kt\u00f3ry zapewnia komfort, precyzj\u0119 i bezpiecze\u0144stwo podczas pracy z najbardziej wymagaj\u0105cymi oponami \u2013 Run Flat, niskoprofilowymi i sztywnymi.<\/p>\n<p>Dzi\u0119ki przemy\u015blanej konstrukcji oraz pneumatycznemu sterowaniu za pomoc\u0105 joysticka, operator ma pe\u0142n\u0105 kontrol\u0119 nad wszystkimi ruchami ramienia, bez potrzeby u\u017cywania si\u0142y.<\/p>\n<\/div>\n<\/div>\n<\/div>\n<div class=\"mpof_ki myre_zn myre_8v_l m389_6m_l\">\n<div class=\"mp4t_16_s mryx_16_s mr3m_1 mli2_1 mh85_56 mh85_0_l\">\n<div class=\"mg9e_8 mj7a_8 mg9e_0_s mvrt_0_s mj7a_0_s mh36_0_s mzmg_6m munh_16_l m3h2_16_l\">\n<div class=\"mp4t_0 mryx_0 munh_56 m3h2_56\">\n<div class=\"mp7g_oh\"><\/div>\n<\/div>\n<\/div>\n<\/div>\n<\/div>\n<div class=\"mpof_ki myre_zn myre_8v_l m389_6m_l\">\n<div class=\"mp4t_16_s mryx_16_s mr3m_1 mli2_1 mh85_56 mh85_0_l\">\n<div class=\"mgn2_16 _0d3bd_am0a-\">\n<h1>St\u00f3\u0142 monta\u017cowy z dwoma si\u0142ownikami<\/h1>\n<p><b>St\u00f3\u0142 monta\u017cowy w monta\u017cownicy EURO TRADE ETGE-530L BLACK<\/b> zosta\u0142 zaprojektowany z my\u015bl\u0105 o maksymalnej precyzji i trwa\u0142o\u015bci.<\/p>\n<p>Wyposa\u017cony jest w<b> dwa mocne si\u0142owniki pneumatyczne,<\/b> zapewnia p\u0142ynne i stabilne dzia\u0142anie podczas <b>mocowania i obracania ko\u0142a.<\/b><\/p>\n<p>Dzi\u0119ki takiemu rozwi\u0105zaniu masz pewno\u015b\u0107,\u00a0<b>\u017ce ka\u017cde ko\u0142o \u2013 niezale\u017cnie od rozmiaru i wagi<\/b> \u2013 b\u0119dzie bezpiecznie utrzymane w trakcie pracy.<\/p>\n<p><b>System podw\u00f3jnych si\u0142ownik\u00f3w gwarantuje r\u00f3wnomierny nacisk i doskona\u0142\u0105 kontrol\u0119 nad procesem monta\u017cu opon<\/b>, co przek\u0142ada si\u0119 na wy\u017csz\u0105 precyzj\u0119 i mniejsze ryzyko uszkodzenia felgi.<\/p>\n<p>Dodatkowo st\u00f3\u0142 charakteryzuje si\u0119 <b>solidn\u0105 konstrukcj\u0105 <\/b>i idealnym wywa\u017ceniem, co umo\u017cliwia komfortow\u0105 <b>obs\u0142ug\u0119 k\u00f3\u0142 od 12 do 28,5 cali.<\/b><\/p>\n<p>To rozwi\u0105zanie, kt\u00f3re sprawia, \u017ce ka\u017cda wymiana opon przebiega <b>szybciej, bezpieczniej i z pe\u0142n\u0105 kontrol\u0105<\/b> \u2013 dok\u0142adnie tak, jak powinno by\u0107 w <b>profesjonalnym serwisie.<\/b><\/p>\n<\/div>\n<\/div>\n<\/div>\n<div class=\"mpof_ki myre_zn myre_8v_l m389_6m_l\">\n<div class=\"mp4t_16_s mryx_16_s mr3m_1 mli2_1 mh85_56 mh85_0_l\">\n<div class=\"mg9e_8 mj7a_8 mg9e_0_s mvrt_0_s mj7a_0_s mh36_0_s mzmg_6m munh_16_l m3h2_16_l\">\n<div class=\"mp4t_0 mryx_0 munh_56 m3h2_56\">\n<div class=\"mp7g_oh\"><\/div>\n<\/div>\n<\/div>\n<\/div>\n<\/div>\n<div class=\"mpof_ki myre_zn myre_8v_l m389_6m_l\">\n<div class=\"mp4t_16_s mryx_16_s mr3m_1 mli2_1 mh85_56 mh85_0_l\">\n<div class=\"mgn2_16 _0d3bd_am0a-\">\n<h1>Zbijak o nacisku a\u017c 2700KG<\/h1>\n<p><b>Zbijak w monta\u017cownicy EURO TRADE ETGE-530L BLACK<\/b> to element, kt\u00f3ry <b>wyr\u00f3\u017cnia ten model na tle konkurencji.<\/b><\/p>\n<p>Zbijak jest wyposa\u017cony w <b>si\u0142ownik o ogromnej sile nacisku<\/b> \u2013 a\u017c <b>2700KG,<\/b> gwarantuje b\u0142yskawiczne i skuteczne odrywanie opony od felgi, nawet w przypadku najbardziej opornych <b>k\u00f3\u0142 typu Run Flat czy niskoprofilowych opon.<\/b><\/p>\n<p><b>Solidna konstrukcja zbijaka i precyzyjny uk\u0142ad pneumatyczny <\/b>zapewniaj\u0105 pe\u0142n\u0105 kontrol\u0119 nad ruchem ramienia, co minimalizuje ryzyko uszkodzenia felgi lub opony.<\/p>\n<p><b>Dzi\u0119ki ergonomicznemu ustawieniu i du\u017cemu zakresowi pracy<\/b>, operator mo\u017ce wygodnie obs\u0142ugiwa\u0107 zar\u00f3wno <b>ma\u0142e felgi, jak i du\u017ce ko\u0142a dostawcze.<\/b><\/p>\n<p>To rozwi\u0105zanie stworzone <b>z<\/b> <b>my\u015bl\u0105 o profesjonalistach,<\/b> kt\u00f3rzy wymagaj\u0105 nie tylko si\u0142y, ale te\u017c precyzji i niezawodno\u015bci.<\/p>\n<p><b>Zbijak 2700KG to gwarancja,<\/b> \u017ce \u017cadne ko\u0142o nie b\u0119dzie stanowi\u0142o problemu, niezale\u017cnie od rodzaju czy stanu ogumienia.<\/p>\n<\/div>\n<\/div>\n<\/div>\n<div class=\"mpof_ki myre_zn myre_8v_l m389_6m_l\">\n<div class=\"mp4t_16_s mryx_16_s mr3m_1 mli2_1 mh85_56 mh85_0_l\">\n<div class=\"mg9e_8 mj7a_8 mg9e_0_s mvrt_0_s mj7a_0_s mh36_0_s mzmg_6m munh_16_l m3h2_16_l\">\n<div class=\"mp4t_0 mryx_0 munh_56 m3h2_56\">\n<div class=\"mp7g_oh\"><\/div>\n<\/div>\n<\/div>\n<\/div>\n<\/div>\n<div class=\"mpof_ki myre_zn myre_8v_l m389_6m_l\">\n<div class=\"mp4t_16_s mryx_16_s mr3m_1 mli2_1 mh85_56 mh85_0_l\">\n<div class=\"mgn2_16 _0d3bd_am0a-\">\n<h1>Rami\u0119 odchylane do ty\u0142u i automatyczna blokada stopki<\/h1>\n<p><b>Rami\u0119 g\u0142\u00f3wne w monta\u017cownicy do k\u00f3\u0142 EURO TRADE ETGE-530L BLACK odchylane jest do ty\u0142u,<\/b> co umo\u017cliwia wygodne mocowanie i demonta\u017c opon.Takie rozwi\u0105zanie zwi\u0119ksza ergonomi\u0119 pracy, <b>przyspiesza proces monta\u017cu i sprawia<\/b>, \u017ce operator ma pe\u0142n\u0105 kontrol\u0119 nad ka\u017cdym etapem zak\u0142adania opony.<\/p>\n<p><b>Stopka w monta\u017cownicy EURO TRADE ETGE-530L BLACK<\/b> to kluczowy element zapewniaj\u0105cy stabilno\u015b\u0107 i precyzj\u0119 podczas zak\u0142adania opon.<\/p>\n<p><b>Dzi\u0119ki pneumatycznemu systemowi blokowania<\/b>, stopka automatycznie unosi si\u0119 i stabilnie blokuje w odpowiedniej pozycji przy obr\u0119czy felgi, co chroni felg\u0119 przed uszkodzeniem i u\u0142atwia precyzyjn\u0105 prac\u0119 operatora.<\/p>\n<\/div>\n<\/div>\n<\/div>\n<div class=\"mpof_ki myre_zn myre_8v_l m389_6m_l\">\n<div class=\"mp4t_16_s mryx_16_s mr3m_1 mli2_1 mh85_56 mh85_0_l\">\n<div class=\"mg9e_8 mj7a_8 mg9e_0_s mvrt_0_s mj7a_0_s mh36_0_s mzmg_6m munh_16_l m3h2_16_l\">\n<div class=\"mp4t_0 mryx_0 munh_56 m3h2_56\">\n<div class=\"mp7g_oh\"><\/div>\n<\/div>\n<\/div>\n<\/div>\n<\/div>\n<div class=\"mpof_ki myre_zn myre_8v_l m389_6m_l\">\n<div class=\"mp4t_16_s mryx_16_s mr3m_1 mli2_1 mh85_56 mh85_0_l\">\n<div class=\"mgn2_16 _0d3bd_am0a-\">\n<h1>Odwadniacz i naolejacz<\/h1>\n<p>W zestawie z <b>monta\u017cownic\u0105 EURO TRADE ETGE-530L BLACK<\/b> znajduje si\u0119 <b>odwadniacz i naolejacz <\/b>zaprojektowany z my\u015bl\u0105 o profesjonalnym warsztacie.<\/p>\n<p><b>Wysokiej jako\u015bci wykonanie <\/b>zapewnia<b> d\u0142ugotrwa\u0142\u0105 i niezawodn\u0105 prac\u0119<\/b>, umo\u017cliwiaj\u0105c <b>precyzyjne dozowanie oleju<\/b> i <b>usuwanie wilgoci z systemu pneumatycznego.<\/b><\/p>\n<p>To niezb\u0119dny element <b>profesjonalnej monta\u017cownicy <\/b>do wymiany opon!<\/p>\n<\/div>\n<\/div>\n<\/div>\n<div class=\"mpof_ki myre_zn myre_8v_l m389_6m_l\">\n<div class=\"mp4t_16_s mryx_16_s mr3m_1 mli2_1 mh85_56 mh85_0_l\">\n<div class=\"mg9e_8 mj7a_8 mg9e_0_s mvrt_0_s mj7a_0_s mh36_0_s mzmg_6m munh_16_l m3h2_16_l\">\n<div class=\"mp4t_0 mryx_0 munh_56 m3h2_56\">\n<div class=\"mp7g_oh\"><\/div>\n<\/div>\n<\/div>\n<\/div>\n<\/div>\n<div class=\"mpof_ki myre_zn myre_8v_l m389_6m_l\">\n<div class=\"mp4t_16_s mryx_16_s mr3m_1 mli2_1 mh85_56 mh85_0_l\">\n<div class=\"mgn2_16 _0d3bd_am0a-\">\n<h1>Wbudowany manometr i przew\u00f3d do pompowania<\/h1>\n<p><b>Monta\u017cownica EURO TRADE ETGE-530L BLACK<\/b> wyposa\u017cona jest w <b>wbudowany manometr <\/b>oraz <b>przew\u00f3d do pompowania opon<\/b>, co pozwala na <b>dok\u0142adny pomiar ci\u015bnienia<\/b> i szybkie <b>dopompowanie k\u00f3\u0142 <\/b>bez dodatkowych narz\u0119dzi.<\/p>\n<\/div>\n<\/div>\n<\/div>\n<div class=\"mpof_ki myre_zn myre_8v_l m389_6m_l\">\n<div class=\"mp4t_16_s mryx_16_s mr3m_1 mli2_1 mh85_56 mh85_0_l\">\n<div class=\"mg9e_8 mj7a_8 mg9e_0_s mvrt_0_s mj7a_0_s mh36_0_s mzmg_6m munh_16_l m3h2_16_l\">\n<div class=\"mp4t_0 mryx_0 munh_56 m3h2_56\">\n<div class=\"mp7g_oh\"><\/div>\n<\/div>\n<\/div>\n<\/div>\n<\/div>\n<div class=\"mpof_ki myre_zn myre_8v_l m389_6m_l\">\n<div class=\"mp4t_16_s mryx_16_s mr3m_1 mli2_1 mh85_56 mh85_0_l\">\n<div class=\"mgn2_16 _0d3bd_am0a-\">\n<h1>Specyfikacja techniczna monta\u017cownicy EURO TRADE ETGE-530L :<\/h1>\n<ul>\n<li>Zasilanie elektryczne: 380V<\/li>\n<li>Moc silnika: 2,2 kW<\/li>\n<li>Zasilanie pneumatyczne: 8\u201310 bar<\/li>\n<li>Zakres obs\u0142ugi felg (wewn\u0119trzne mocowanie): 12\u201d\u201326.5\u201d<\/li>\n<li>Zakres obs\u0142ugi felg (zewn\u0119trzne mocowanie): 14\u201d-28.5\u201d<\/li>\n<li>Maksymalna \u015brednica ko\u0142a: 1150 mm<\/li>\n<li>Maksymalna szeroko\u015b\u0107 ko\u0142a: 14&#8243;<\/li>\n<li>Moc zbijaka: 2700 kg<\/li>\n<li>Stopka monta\u017cowa: regulowana, z pneumatycznym blokowaniem<\/li>\n<li>Rami\u0119 g\u0142\u00f3wne: odchylane do ty\u0142u, z pe\u0142n\u0105 kontrol\u0105 pneumatyczn\u0105<\/li>\n<li>Panel steruj\u0105cy: intuicyjny, joystick do sterowania ramieniem, odchylanie, dociskanie, odblokowanie<\/li>\n<li>Odwadniacz + naolejacz: solidna konstrukcja, szybkie i bezpieczne przygotowanie powietrza i smarowanie<\/li>\n<li>Wbudowany manometr i przew\u00f3d do pompowania: precyzyjny i wygodny w u\u017cyciu<\/li>\n<\/ul>\n<\/div>\n<\/div>\n<\/div>\n<div class=\"mpof_ki myre_zn myre_8v_l m389_6m_l\">\n<div class=\"mp4t_16_s mryx_16_s mr3m_1 mli2_1 mh85_56 mh85_0_l\">\n<div class=\"mg9e_8 mj7a_8 mg9e_0_s mvrt_0_s mj7a_0_s mh36_0_s mzmg_6m munh_16_l m3h2_16_l\">\n<div class=\"mp4t_0 mryx_0 munh_56 m3h2_56\">\n<div class=\"mp7g_oh\"><\/div>\n<\/div>\n<\/div>\n<\/div>\n<\/div>\n<div class=\"mpof_ki myre_zn myre_8v_l m389_6m_l\">\n<div class=\"mp4t_16_s mryx_16_s mr3m_1 mli2_1 mh85_56 mh85_0_l\">\n<div class=\"mgn2_16 _0d3bd_am0a-\">\n<h1>W zestawie z monta\u017cownic\u0105 ETGE-530L BLACK<\/h1>\n<ul>\n<li>Rami\u0119 pomocnicze RunFlat DP30 z pe\u0142nym sterowaniem pneumatycznym<\/li>\n<li>\u0141y\u017cka monta\u017cowa<\/li>\n<li>Pistolet do pompowania opon<\/li>\n<li>Pojemnik na past\u0119 monta\u017cow\u0105<\/li>\n<li>Cyrkiel do wywa\u017cania k\u00f3\u0142<\/li>\n<\/ul>\n<\/div>\n<\/div>\n<\/div>\n<div class=\"mpof_ki myre_zn myre_8v_l m389_6m_l\">\n<div class=\"mp4t_16_s mryx_16_s mr3m_1 mli2_1 mh85_56 mh85_0_l\">\n<div class=\"mg9e_8 mj7a_8 mg9e_0_s mvrt_0_s mj7a_0_s mh36_0_s mzmg_6m munh_16_l m3h2_16_l\">\n<div class=\"mp4t_0 mryx_0 munh_56 m3h2_56\">\n<div class=\"mp7g_oh\"><\/div>\n<\/div>\n<\/div>\n<\/div>\n<\/div>\n<div class=\"mpof_ki myre_zn myre_8v_l m389_6m_l\">\n<div class=\"mp4t_16_s mryx_16_s mr3m_1 mli2_1 mh85_56 mh85_0_l\">\n<div class=\"mgn2_16 _0d3bd_am0a-\">\n<h1>Wywa\u017carka do k\u00f3\u0142 ETGE-908 \u2013 precyzyjna i profesjonalna<\/h1>\n<p><b>Wywa\u017carka EURO TRADE ETGE-908 BLACK LCD<\/b>\u00a0to nowoczesne, automatyczne urz\u0105dzenie przeznaczone do <b>wywa\u017cania k\u00f3\u0142 samochod\u00f3w osobowych, dostawczych oraz motocykli <\/b>wyposa\u017cony w <b>ekran LCD , nowoczesne systemy pomiarowe , automatyczny hamulec oraz laser<\/b><\/p>\n<p>Dzi\u0119ki <b>zaawansowanej technologii i solidnej konstrukcji<\/b> proces wywa\u017cania staje si\u0119 <b>szybki, precyzyjny i komfortowy<\/b> dla operatora.<\/p>\n<\/div>\n<\/div>\n<\/div>\n<div class=\"mpof_ki myre_zn myre_8v_l m389_6m_l\">\n<div class=\"mp4t_16_s mryx_16_s mr3m_1 mli2_1 mh85_56 mh85_0_l\">\n<div class=\"mg9e_8 mj7a_8 mg9e_0_s mvrt_0_s mj7a_0_s mh36_0_s mzmg_6m munh_16_l m3h2_16_l\">\n<div class=\"mp4t_0 mryx_0 munh_56 m3h2_56\">\n<div class=\"mp7g_oh\"><\/div>\n<\/div>\n<\/div>\n<\/div>\n<\/div>\n<div class=\"mpof_ki myre_zn myre_8v_l m389_6m_l\">\n<div class=\"mp4t_16_s mryx_16_s mr3m_1 mli2_1 mh85_56 mh85_0_l\">\n<div class=\"mgn2_16 _0d3bd_am0a-\">\n<h1>Cechy i zalety wywa\u017carki EURO TRADE ETGE-908 BLACK:<\/h1>\n<ul>\n<li><b>Automatyczny START\/STOP<\/b> \u2013 urz\u0105dzenie uruchamia si\u0119 i zatrzymuje po zamkni\u0119ciu os\u0142ony ko\u0142a, co zwi\u0119ksza bezpiecze\u0144stwo i komfort pracy.<\/li>\n<li><b>Wy\u015bwietlacz LCD<\/b><\/li>\n<li><b>Laserowy wska\u017anik monta\u017cu ci\u0119\u017cark\u00f3w<\/b> \u2013 precyzyjne pozycjonowanie obci\u0105\u017ce\u0144, minimalizuj\u0105ce b\u0142\u0105d wywa\u017cania.<\/li>\n<li><b>Tryby pracy:<\/b> statyczny, dynamiczny; dla felg stalowych, aluminiowych i motocyklowych.<\/li>\n<li><b>Dok\u0142adno\u015b\u0107 wywa\u017cania: <\/b>1 g, zapewnia perfekcyjn\u0105 r\u00f3wnowag\u0119 ko\u0142a.<\/li>\n<li><b>Obs\u0142uga szerokiego zakresu k\u00f3\u0142<\/b>: \u015brednica 10&#8243; \u2013 24&#8243;, maksymalna waga 65 kg.<\/li>\n<li><b>Czas pomiaru<\/b>: zaledwie 8 sekund \u2013 szybki i wydajny proces.<\/li>\n<li><b>Funkcja samodiagnozy i kalibracji <\/b>\u2013 utrzymuje urz\u0105dzenie w idealnym stanie przez d\u0142ugi czas.<\/li>\n<li><b>Praktyczne schowki na ci\u0119\u017carki i akcesoria<\/b> \u2013 wszystko pod r\u0119k\u0105, porz\u0105dek w warsztacie.<\/li>\n<li><b>Niski poziom ha\u0142asu: <\/b>&lt;70 dB \u2013 komfortowa praca w zamkni\u0119tym pomieszczeniu.<\/li>\n<li><b>Certyfikat CE <\/b>\u2013 urz\u0105dzenie zgodne z europejskimi normami bezpiecze\u0144stwa.<\/li>\n<\/ul>\n<\/div>\n<\/div>\n<\/div>\n<div class=\"mpof_ki myre_zn myre_8v_l m389_6m_l\">\n<div class=\"mp4t_16_s mryx_16_s mr3m_1 mli2_1 mh85_56 mh85_0_l\">\n<div class=\"mg9e_8 mj7a_8 mg9e_0_s mvrt_0_s mj7a_0_s mh36_0_s mzmg_6m munh_16_l m3h2_16_l\">\n<div class=\"mp4t_0 mryx_0 munh_56 m3h2_56\">\n<div class=\"mp7g_oh\"><\/div>\n<\/div>\n<\/div>\n<\/div>\n<\/div>\n<div class=\"mpof_ki myre_zn myre_8v_l m389_6m_l\">\n<div class=\"mp4t_16_s mryx_16_s mr3m_1 mli2_1 mh85_56 mh85_0_l\">\n<div class=\"mgn2_16 _0d3bd_am0a-\">\n<h1>Intuicyjny panel steruj\u0105cy i komputerowy wy\u015bwietlacz LCD<\/h1>\n<p>\u0141atwe i szybkie ustawienia wywa\u017carki, przejrzysty wy\u015bwietlacz LCD<\/p>\n<\/div>\n<\/div>\n<\/div>\n<div class=\"mpof_ki myre_zn myre_8v_l m389_6m_l\">\n<div class=\"mp4t_16_s mryx_16_s mr3m_1 mli2_1 mh85_56 mh85_0_l\">\n<div class=\"mg9e_8 mj7a_8 mg9e_0_s mvrt_0_s mj7a_0_s mh36_0_s mzmg_6m munh_16_l m3h2_16_l\">\n<div class=\"mp4t_0 mryx_0 munh_56 m3h2_56\">\n<div class=\"mp7g_oh\"><\/div>\n<\/div>\n<\/div>\n<\/div>\n<\/div>\n<div class=\"mpof_ki myre_zn myre_8v_l m389_6m_l\">\n<div class=\"mp4t_16_s mryx_16_s mr3m_1 mli2_1 mh85_56 mh85_0_l\">\n<div class=\"mgn2_16 _0d3bd_am0a-\">\n<h1>Wbudowany laser , automatyczny hamulec , wy\u015bwietlacz LCD<\/h1>\n<p><b>Laserowy wska\u017anik <\/b>pozycjonowania precyzyjnie wskazuje miejsce monta\u017cu ci\u0119\u017cark\u00f3w na feldze. Dzi\u0119ki temu operator unika b\u0142\u0119d\u00f3w i skraca czas pracy, a ko\u0142a s\u0105 idealnie wywa\u017cone ju\u017c za pierwszym razem.<\/p>\n<p><b>Automatyczna funkcja START\/STOP<\/b> z elektrycznym wbudowanym hamulcem &#8211; brak koniec<\/p>\n<p>To rozwi\u0105zania, kt\u00f3re znacz\u0105co podnosz\u0105 profesjonalizm i dok\u0142adno\u015b\u0107 ka\u017cdego wywa\u017cenia.<\/p>\n<p><b>Pe\u0142ny komputerowy wy\u015bwietlacz LCD<\/b><\/p>\n<\/div>\n<\/div>\n<\/div>\n<div class=\"mpof_ki myre_zn myre_8v_l m389_6m_l\">\n<div class=\"mp4t_16_s mryx_16_s mr3m_1 mli2_1 mh85_56 mh85_0_l\">\n<div class=\"mg9e_8 mj7a_8 mg9e_0_s mvrt_0_s mj7a_0_s mh36_0_s mzmg_6m munh_16_l m3h2_16_l\">\n<div class=\"mp4t_0 mryx_0 munh_56 m3h2_56\">\n<div class=\"mp7g_oh\"><\/div>\n<\/div>\n<\/div>\n<\/div>\n<\/div>\n<div class=\"mpof_ki myre_zn myre_8v_l m389_6m_l\">\n<div class=\"mp4t_16_s mryx_16_s mr3m_1 mli2_1 mh85_56 mh85_0_l\">\n<div class=\"mgn2_16 _0d3bd_am0a-\">\n<h1>Specyfikacja wywa\u017carki Euro Trade ETGE-908<\/h1>\n<ul>\n<li><b>Zasilanie:<\/b> 230 V<\/li>\n<li><b>Moc silnika:<\/b> 250 W<\/li>\n<li><b>Maksymalna waga ko\u0142a:<\/b> 70 kg<\/li>\n<li><b>\u015arednica ko\u0142a:<\/b> 12&#8243; \u2013 24&#8243;<\/li>\n<li><b>Dok\u0142adno\u015b\u0107 wywa\u017cania: <\/b>1 g<\/li>\n<li><b>Czas pomiaru:<\/b> 8 s<\/li>\n<li><b>Poziom ha\u0142asu:<\/b> &lt; 70 dB<\/li>\n<li><b>Certyfikat CE<\/b><\/li>\n<\/ul>\n<p><b>Tryby wywa\u017cania:<\/b><\/p>\n<ul>\n<li>Statyczny i dynamiczny<\/li>\n<li>Felgi stalowe i aluminiowe (ci\u0119\u017carki klejone, nabijane, ukrywane)<\/li>\n<li>Felgi motocyklowe<\/li>\n<li>Alu S \u2013 optymalizacja niewywa\u017cenia<\/li>\n<\/ul>\n<p><b>Funkcje dodatkowe:<\/b><\/p>\n<ul>\n<li>Automatyczny START\/STOP po zamkni\u0119ciu os\u0142ony ko\u0142a<\/li>\n<li>Hamulec elektryczny<\/li>\n<li>Automatyczny pomiar parametr\u00f3w ko\u0142a ( \u015brednica , odleg\u0142o\u015b\u0107 ko\u0142a od maszyny )<\/li>\n<li>Funkcja samodiagnozy i kalibracji<\/li>\n<li>Pe\u0142ny wy\u015bwietlacz LCD<\/li>\n<li>Laserowy wska\u017anik do precyzyjnego monta\u017cu ci\u0119\u017cark\u00f3w<\/li>\n<li>Praktyczne schowki na ci\u0119\u017carki i akcesoria<\/li>\n<\/ul>\n<\/div>\n<\/div>\n<\/div>\n<div class=\"mpof_ki myre_zn myre_8v_l m389_6m_l\">\n<div class=\"mp4t_16_s mryx_16_s mr3m_1 mli2_1 mh85_56 mh85_0_l\">\n<div class=\"mg9e_8 mj7a_8 mg9e_0_s mvrt_0_s mj7a_0_s mh36_0_s mzmg_6m munh_16_l m3h2_16_l\">\n<div class=\"mp4t_0 mryx_0 munh_56 m3h2_56\">\n<div class=\"mp7g_oh\"><\/div>\n<\/div>\n<\/div>\n<\/div>\n<\/div>\n<div class=\"mgn2_16 _0d3bd_am0a-\">\n<h1>W zestawie wraz z wywa\u017cark\u0105 znajduj\u0105 si\u0119:<\/h1>\n<ul>\n<li><b>Zestaw sto\u017ck\u00f3w centruj\u0105cych <\/b>\u2013 umo\u017cliwia precyzyjne dopasowanie do r\u00f3\u017cnych \u015brednic otwor\u00f3w felg.<\/li>\n<li><b>M\u0142otko\u2013szczypce do ci\u0119\u017cark\u00f3w<\/b> \u2013 do \u0142atwego monta\u017cu i demonta\u017cu ci\u0119\u017cark\u00f3w wywa\u017caj\u0105cych.<\/li>\n<li><b>Cyrkiel pomiarowy<\/b> \u2013 zapewnia dok\u0142adny odczyt szeroko\u015bci i \u015brednicy felgi.<\/li>\n<li><b>Ci\u0119\u017carek testowy do kalibracji <\/b>\u2013 umo\u017cliwia utrzymanie dok\u0142adno\u015bci pomiar\u00f3w przez ca\u0142y okres u\u017cytkowania.<\/li>\n<li><b>Os\u0142ona bezpiecze\u0144stwa ko\u0142a<\/b> \u2013 chroni operatora podczas pracy i spe\u0142nia wymogi CE<\/li>\n<\/ul>\n<\/div>","protected":false},"excerpt":{"rendered":"<div class=\"mp4t_16_s mryx_16_s mr3m_1 mli2_1 mh85_56 mh85_0_l\">\n<div class=\"mgn2_16 _0d3bd_am0a-\">\n<h1>Kompletny zestaw do wulkanizacji \u2013 dla profesjonalnych warsztat\u00f3w i serwis\u00f3w opon<\/h1>\n<p><b>Postaw na niezawodno\u015b\u0107, precyzj\u0119 i moc <\/b>\u2013 wybierz zestaw <b>EURO TRADE ETGE-530L BLACK + EURO TRADE ETGE-908 BLACK LCD LASER<\/b>, kt\u00f3ry \u0142\u0105czy w sobie <b>najwy\u017csz\u0105 jako\u015b\u0107 wykonania<\/b> z funkcjonalno\u015bci\u0105 na poziomie sprz\u0119tu <b>premium.<\/b><\/p>\n<p>To idealne rozwi\u0105zanie zar\u00f3wno do <b>profesjonalnych<\/b> <b>warsztat\u00f3w samochodowych<\/b>, jak i mniejszych serwis\u00f3w opon osobowych i warsztat\u00f3w.<\/p>\n<\/div>\n<\/div>","protected":false},"featured_media":24919,"comment_status":"open","ping_status":"closed","template":"","meta":[],"product_brand":[],"product_cat":[121,120,119],"product_tag":[],"class_list":{"0":"post-24913","1":"product","2":"type-product","3":"status-publish","4":"has-post-thumbnail","6":"product_cat-07-zestawy-urzadzen-warsztatowych","7":"product_cat-06-wywazarki-do-kol","8":"product_cat-05-montazownice-do-opon","9":"product_shipping_class-zestaw-maszyn","11":"first","12":"instock","13":"taxable","14":"shipping-taxable","15":"purchasable","16":"product-type-simple"},"_links":{"self":[{"href":"https:\/\/etge.pl\/cs\/wp-json\/wp\/v2\/product\/24913","targetHints":{"allow":["GET"]}}],"collection":[{"href":"https:\/\/etge.pl\/cs\/wp-json\/wp\/v2\/product"}],"about":[{"href":"https:\/\/etge.pl\/cs\/wp-json\/wp\/v2\/types\/product"}],"replies":[{"embeddable":true,"href":"https:\/\/etge.pl\/cs\/wp-json\/wp\/v2\/comments?post=24913"}],"wp:featuredmedia":[{"embeddable":true,"href":"https:\/\/etge.pl\/cs\/wp-json\/wp\/v2\/media\/24919"}],"wp:attachment":[{"href":"https:\/\/etge.pl\/cs\/wp-json\/wp\/v2\/media?parent=24913"}],"wp:term":[{"taxonomy":"product_brand","embeddable":true,"href":"https:\/\/etge.pl\/cs\/wp-json\/wp\/v2\/product_brand?post=24913"},{"taxonomy":"product_cat","embeddable":true,"href":"https:\/\/etge.pl\/cs\/wp-json\/wp\/v2\/product_cat?post=24913"},{"taxonomy":"product_tag","embeddable":true,"href":"https:\/\/etge.pl\/cs\/wp-json\/wp\/v2\/product_tag?post=24913"}],"curies":[{"name":"wp","href":"https:\/\/api.w.org\/{rel}","templated":true}]}}