{"id":24419,"date":"2025-05-15T17:39:27","date_gmt":"2025-05-15T15:39:27","guid":{"rendered":"https:\/\/etge.pl\/?page_id=24419"},"modified":"2025-05-20T17:18:31","modified_gmt":"2025-05-20T15:18:31","slug":"dla-dostawcow","status":"publish","type":"page","link":"https:\/\/etge.pl\/de\/dla-dostawcow\/","title":{"rendered":"Dla dostawc\u00f3w"},"content":{"rendered":"<div data-elementor-type=\"wp-page\" data-elementor-id=\"24419\" class=\"elementor elementor-24419\" data-elementor-post-type=\"page\">\n\t\t\t\t\t\t<section class=\"elementor-section elementor-top-section elementor-element elementor-element-5d26f4f elementor-section-full_width elementor-section-content-top elementor-section-height-default elementor-section-height-default\" data-id=\"5d26f4f\" data-element_type=\"section\" data-settings=\"{&quot;background_background&quot;:&quot;classic&quot;}\">\n\t\t\t\t\t\t<div class=\"elementor-container elementor-column-gap-default\">\n\t\t\t\t\t<div class=\"elementor-column elementor-col-50 elementor-top-column elementor-element elementor-element-5f3b611\" data-id=\"5f3b611\" data-element_type=\"column\" data-settings=\"{&quot;background_background&quot;:&quot;classic&quot;}\">\n\t\t\t<div class=\"elementor-widget-wrap elementor-element-populated\">\n\t\t\t\t\t\t<div class=\"elementor-element elementor-element-1b6088d tytul_artykul elementor-widget elementor-widget-neuros_heading\" data-id=\"1b6088d\" data-element_type=\"widget\" data-widget_type=\"neuros_heading.default\">\n\t\t\t\t<div class=\"elementor-widget-container\">\n\t\t\t\t\t<div class=\"neuros-heading-widget\"><h2 class=\"neuros-heading\"><span class=\"neuros-heading-content has_gradient_color_text\">Zosta\u0144 naszym partnerem i rozwijaj swoj\u0105 mark\u0119 z Etge.pl<\/span><\/h2><\/div>\t\t\t\t<\/div>\n\t\t\t\t<\/div>\n\t\t\t\t<div class=\"elementor-element elementor-element-224e538 elementor-widget elementor-widget-text-editor\" data-id=\"224e538\" data-element_type=\"widget\" data-widget_type=\"text-editor.default\">\n\t\t\t\t<div class=\"elementor-widget-container\">\n\t\t\t\t\t\t\t\t\t<p>Etge.pl to nowoczesna platforma sprzeda\u017cy sprz\u0119tu i wyposa\u017cenia warsztatowego. Stale poszerzamy ofert\u0119 i szukamy <strong>solidnych, zaanga\u017cowanych dostawc\u00f3w<\/strong>, kt\u00f3rzy chc\u0105 dotrze\u0107 do klient\u00f3w z bran\u017cy motoryzacyjnej \u2013 zar\u00f3wno profesjonalnych, jak i indywidualnych.<\/p><p>Je\u015bli oferujesz produkty, kt\u00f3re wpisuj\u0105 si\u0119 w potrzeby warsztat\u00f3w, serwis\u00f3w, gara\u017cy lub klient\u00f3w technicznych \u2013 <strong>ch\u0119tnie porozmawiamy o wsp\u00f3\u0142pracy<\/strong>.<\/p><p>Oferujemy:<\/p>\t\t\t\t\t\t\t\t<\/div>\n\t\t\t\t<\/div>\n\t\t\t\t<div class=\"elementor-element elementor-element-4eac74a elementor-widget elementor-widget-text-editor\" data-id=\"4eac74a\" data-element_type=\"widget\" data-widget_type=\"text-editor.default\">\n\t\t\t\t<div class=\"elementor-widget-container\">\n\t\t\t\t\t\t\t\t\t<ul><li><p>Profesjonalne podej\u015bcie i elastyczne warunki<\/p><\/li><li><p>Wsparcie sprzeda\u017cy i widoczno\u015b\u0107 w sklepie<\/p><\/li><li><p>D\u0142ugoterminow\u0105, partnersk\u0105 relacj\u0119<\/p><\/li><\/ul>\t\t\t\t\t\t\t\t<\/div>\n\t\t\t\t<\/div>\n\t\t\t\t\t<\/div>\n\t\t<\/div>\n\t\t\t\t<div class=\"elementor-column elementor-col-50 elementor-top-column elementor-element elementor-element-9042388\" data-id=\"9042388\" data-element_type=\"column\" data-settings=\"{&quot;background_background&quot;:&quot;classic&quot;}\">\n\t\t\t<div class=\"elementor-widget-wrap elementor-element-populated\">\n\t\t\t\t\t\t<div class=\"elementor-element elementor-element-d95d948 wpforms-button-border-style-solid wpforms-button-bakground-style-solid elementor-widget elementor-widget-neuros_wpforms\" data-id=\"d95d948\" data-element_type=\"widget\" data-widget_type=\"neuros_wpforms.default\">\n\t\t\t\t<div class=\"elementor-widget-container\">\n\t\t\t\t\t        <div class=\"neuros-wpforms-widget\">\n            <style id=\"wpforms-css-vars-24424\">\n\t\t\t\t#wpforms-24424 {\n\t\t\t\t\n\t\t\t}\n\t\t\t<\/style><div class=\"wpforms-container wpforms-container-full wpforms-render-modern\" id=\"wpforms-24424\"><form id=\"wpforms-form-24424\" class=\"wpforms-validate wpforms-form wpforms-ajax-form\" data-formid=\"24424\" method=\"post\" enctype=\"multipart\/form-data\" action=\"\/de\/wp-json\/wp\/v2\/pages\/24419\" data-token=\"f65c8799c1f86cc9129a6ceafbca083b\" data-token-time=\"1777210616\" data-trp-original-action=\"\/de\/wp-json\/wp\/v2\/pages\/24419\"><noscript class=\"wpforms-error-noscript\">Bitte aktiviere JavaScript in deinem Browser, um dieses Formular fertigzustellen.<\/noscript><div id=\"wpforms-error-noscript\" style=\"display: none;\">Bitte aktiviere JavaScript in deinem Browser, um dieses Formular fertigzustellen.<\/div><div class=\"wpforms-field-container\"><div id=\"wpforms-24424-field_1-container\" class=\"wpforms-field wpforms-field-name\" data-field-id=\"1\"><label class=\"wpforms-field-label\" for=\"wpforms-24424-field_1\">Nazwa Firmy <span class=\"wpforms-required-label\" aria-hidden=\"true\">*<\/span><\/label><input type=\"text\" id=\"wpforms-24424-field_1\" class=\"wpforms-field-medium wpforms-field-required\" name=\"wpforms[fields][1]\" aria-errormessage=\"wpforms-24424-field_1-error\" required><\/div><div id=\"wpforms-24424-field_4-container\" class=\"wpforms-field wpforms-field-select wpforms-field-select-style-classic\" data-field-id=\"4\"><label class=\"wpforms-field-label\" for=\"wpforms-24424-field_4\">Kategoria produkt\u00f3w<\/label><div class=\"select-wrap wpforms-field-medium\"><select id=\"wpforms-24424-field_4\" class=\"wpforms-field-medium\" name=\"wpforms[fields][4]\"><option value=\"Podno\u015bniki no\u017cycowe\"  class=\"choice-2 depth-1\"  >Podno\u015bniki no\u017cycowe<\/option><option value=\"Podno\u015bniki kolumnowe\"  class=\"choice-3 depth-1\"  >Podno\u015bniki kolumnowe<\/option><option value=\"Monta\u017cownice do opon\"  class=\"choice-1 depth-1\"  >Monta\u017cownice do opon<\/option><option value=\"Wywa\u017carki do k\u00f3\u0142\"  class=\"choice-4 depth-1\"  >Wywa\u017carki do k\u00f3\u0142<\/option><option value=\"Zestawy do wulkanizacji\"  class=\"choice-5 depth-1\"  >Zestawy do wulkanizacji<\/option><option value=\"Cz\u0119\u015bci i akcesoria\"  class=\"choice-6 depth-1\"  >Cz\u0119\u015bci i akcesoria<\/option><option value=\"Inne\"  class=\"choice-7 depth-1\"  >Inne<\/option><\/select><\/div><\/div>\t\t<div id=\"wpforms-24424-field_5-container\"\n\t\t\tclass=\"wpforms-field wpforms-field-text\"\n\t\t\tdata-field-type=\"text\"\n\t\t\tdata-field-id=\"5\"\n\t\t\t>\n\t\t\t<label class=\"wpforms-field-label\" for=\"wpforms-24424-field_5\" >Kategoria Nazwa produkt\u00f3w<\/label>\n\t\t\t<input type=\"text\" id=\"wpforms-24424-field_5\" class=\"wpforms-field-medium\" name=\"wpforms[fields][5]\" >\n\t\t<\/div>\n\t\t<div id=\"wpforms-24424-field_2-container\" class=\"wpforms-field wpforms-field-email\" data-field-id=\"2\"><label class=\"wpforms-field-label\" for=\"wpforms-24424-field_2\">Adres e-mail <span class=\"wpforms-required-label\" aria-hidden=\"true\">*<\/span><\/label><input type=\"email\" id=\"wpforms-24424-field_2\" class=\"wpforms-field-medium wpforms-field-required\" name=\"wpforms[fields][2]\" spellcheck=\"false\" aria-errormessage=\"wpforms-24424-field_2-error\" required><\/div><div id=\"wpforms-24424-field_3-container\" class=\"wpforms-field wpforms-field-textarea\" data-field-id=\"3\"><label class=\"wpforms-field-label\" for=\"wpforms-24424-field_3\">Tre\u015b\u0107 wiadomo\u015bci<\/label><textarea id=\"wpforms-24424-field_3\" class=\"wpforms-field-medium\" name=\"wpforms[fields][3]\" aria-errormessage=\"wpforms-24424-field_3-error\" ><\/textarea><\/div><script>\n\t\t\t\t( function() {\n\t\t\t\t\tconst style = document.createElement( 'style' );\n\t\t\t\t\tstyle.appendChild( document.createTextNode( '#wpforms-24424-field_5-container { position: absolute !important; overflow: hidden !important; display: inline !important; height: 1px !important; width: 1px !important; z-index: -1000 !important; padding: 0 !important; } #wpforms-24424-field_5-container input { visibility: hidden; } #wpforms-conversational-form-page #wpforms-24424-field_5-container label { counter-increment: none; }' ) );\n\t\t\t\t\tdocument.head.appendChild( style );\n\t\t\t\t\tdocument.currentScript?.remove();\n\t\t\t\t} )();\n\t\t\t<\/script><\/div><!-- .wpforms-field-container --><div class=\"wpforms-submit-container\" ><input type=\"hidden\" name=\"wpforms[id]\" value=\"24424\"><input type=\"hidden\" name=\"page_title\" value=\"\"><input type=\"hidden\" name=\"page_url\" value=\"https:\/\/etge.pl\/de\/wp-json\/wp\/v2\/pages\/24419\"><input type=\"hidden\" name=\"url_referer\" value=\"\"><button type=\"submit\" name=\"wpforms[submit]\" id=\"wpforms-submit-24424\" class=\"wpforms-submit\" data-alt-text=\"Wysy\u0142anie...\" data-submit-text=\"Prze\u015blij\" aria-live=\"assertive\" value=\"wpforms-submit\">Prze\u015blij<\/button><img decoding=\"async\" src=\"https:\/\/etge.pl\/wp-content\/plugins\/wpforms-lite\/assets\/images\/submit-spin.svg\" class=\"wpforms-submit-spinner\" style=\"display: none;\" width=\"26\" height=\"26\" alt=\"Wird geladen\"><\/div><input type=\"hidden\" name=\"trp-form-language\" value=\"de\"\/><\/form><\/div>  <!-- .wpforms-container -->        <\/div>\n        \t\t\t\t<\/div>\n\t\t\t\t<\/div>\n\t\t\t\t\t<\/div>\n\t\t<\/div>\n\t\t\t\t\t<\/div>\n\t\t<\/section>\n\t\t\t\t<\/div>","protected":false},"excerpt":{"rendered":"<p>Etge.pl to nowoczesna platforma sprzeda\u017cy sprz\u0119tu i wyposa\u017cenia warsztatowego. Stale poszerzamy ofert\u0119 i szukamy solidnych, zaanga\u017cowanych dostawc\u00f3w, kt\u00f3rzy chc\u0105 dotrze\u0107 do klient\u00f3w z bran\u017cy motoryzacyjnej \u2013 zar\u00f3wno profesjonalnych, jak i indywidualnych. Je\u015bli oferujesz produkty, kt\u00f3re wpisuj\u0105 si\u0119 w potrzeby warsztat\u00f3w, serwis\u00f3w,&#8230;<\/p>","protected":false},"author":1,"featured_media":0,"parent":0,"menu_order":0,"comment_status":"closed","ping_status":"closed","template":"elementor_header_footer","meta":{"footnotes":""},"class_list":["post-24419","page","type-page","status-publish","hentry"],"_links":{"self":[{"href":"https:\/\/etge.pl\/de\/wp-json\/wp\/v2\/pages\/24419","targetHints":{"allow":["GET"]}}],"collection":[{"href":"https:\/\/etge.pl\/de\/wp-json\/wp\/v2\/pages"}],"about":[{"href":"https:\/\/etge.pl\/de\/wp-json\/wp\/v2\/types\/page"}],"author":[{"embeddable":true,"href":"https:\/\/etge.pl\/de\/wp-json\/wp\/v2\/users\/1"}],"replies":[{"embeddable":true,"href":"https:\/\/etge.pl\/de\/wp-json\/wp\/v2\/comments?post=24419"}],"version-history":[{"count":40,"href":"https:\/\/etge.pl\/de\/wp-json\/wp\/v2\/pages\/24419\/revisions"}],"predecessor-version":[{"id":24684,"href":"https:\/\/etge.pl\/de\/wp-json\/wp\/v2\/pages\/24419\/revisions\/24684"}],"wp:attachment":[{"href":"https:\/\/etge.pl\/de\/wp-json\/wp\/v2\/media?parent=24419"}],"curies":[{"name":"wp","href":"https:\/\/api.w.org\/{rel}","templated":true}]}}