{"id":24497,"date":"2025-05-20T13:59:32","date_gmt":"2025-05-20T11:59:32","guid":{"rendered":"https:\/\/etge.pl\/?page_id=24497"},"modified":"2025-05-20T17:12:59","modified_gmt":"2025-05-20T15:12:59","slug":"o-nas","status":"publish","type":"page","link":"https:\/\/etge.pl\/de\/o-nas\/","title":{"rendered":"O nas"},"content":{"rendered":"<div data-elementor-type=\"wp-page\" data-elementor-id=\"24497\" class=\"elementor elementor-24497\" data-elementor-post-type=\"page\">\n\t\t\t\t\t\t<section class=\"elementor-section elementor-top-section elementor-element elementor-element-7f13bdc elementor-section-full_width elementor-section-content-middle elementor-section-height-default elementor-section-height-default\" data-id=\"7f13bdc\" data-element_type=\"section\" data-settings=\"{&quot;background_background&quot;:&quot;classic&quot;}\">\n\t\t\t\t\t\t<div class=\"elementor-container elementor-column-gap-default\">\n\t\t\t\t\t<div class=\"elementor-column elementor-col-100 elementor-top-column elementor-element elementor-element-e7c0f19\" data-id=\"e7c0f19\" data-element_type=\"column\" data-settings=\"{&quot;background_background&quot;:&quot;classic&quot;}\">\n\t\t\t<div class=\"elementor-widget-wrap elementor-element-populated\">\n\t\t\t\t\t\t<div class=\"elementor-element elementor-element-e0f9c7d elementor-widget elementor-widget-heading\" data-id=\"e0f9c7d\" data-element_type=\"widget\" data-widget_type=\"heading.default\">\n\t\t\t\t<div class=\"elementor-widget-container\">\n\t\t\t\t\t<h2 class=\"elementor-heading-title elementor-size-default\">O nas<\/h2>\t\t\t\t<\/div>\n\t\t\t\t<\/div>\n\t\t\t\t\t<\/div>\n\t\t<\/div>\n\t\t\t\t\t<\/div>\n\t\t<\/section>\n\t\t\t\t<section class=\"elementor-section elementor-top-section elementor-element elementor-element-0aa9913 elementor-section-boxed elementor-section-height-default elementor-section-height-default\" data-id=\"0aa9913\" data-element_type=\"section\">\n\t\t\t\t\t\t<div class=\"elementor-container elementor-column-gap-default\">\n\t\t\t\t\t<div class=\"elementor-column elementor-col-50 elementor-top-column elementor-element elementor-element-38c3c6c\" data-id=\"38c3c6c\" data-element_type=\"column\">\n\t\t\t<div class=\"elementor-widget-wrap elementor-element-populated\">\n\t\t\t\t\t\t<div class=\"elementor-element elementor-element-76c0353 tytul_artykul elementor-widget elementor-widget-heading\" data-id=\"76c0353\" data-element_type=\"widget\" data-widget_type=\"heading.default\">\n\t\t\t\t<div class=\"elementor-widget-container\">\n\t\t\t\t\t<h2 class=\"elementor-heading-title elementor-size-default\">Profesjonalne wyposa\u017cenie warsztatu. Dla serwis\u00f3w, warsztat\u00f3w i pasjonat\u00f3w.<\/h2>\t\t\t\t<\/div>\n\t\t\t\t<\/div>\n\t\t\t\t<div class=\"elementor-element elementor-element-89799bd elementor-widget elementor-widget-text-editor\" data-id=\"89799bd\" data-element_type=\"widget\" data-widget_type=\"text-editor.default\">\n\t\t\t\t<div class=\"elementor-widget-container\">\n\t\t\t\t\t\t\t\t\t<p>Witamy w <strong>Etge.pl<\/strong> \u2013 sklepie internetowym, w kt\u00f3rym znajdziesz <strong>kompleksowe wyposa\u017cenie warsztatu samochodowego<\/strong>. Od lat wspieramy profesjonalist\u00f3w i hobbyst\u00f3w, dostarczaj\u0105c niezawodny sprz\u0119t warsztatowy, kt\u00f3ry \u0142\u0105czy jako\u015b\u0107, trwa\u0142o\u015b\u0107 i przyst\u0119pn\u0105 cen\u0119.<\/p>\t\t\t\t\t\t\t\t<\/div>\n\t\t\t\t<\/div>\n\t\t\t\t<div class=\"elementor-element elementor-element-fc50137 tytul_artykul elementor-widget elementor-widget-heading\" data-id=\"fc50137\" data-element_type=\"widget\" data-widget_type=\"heading.default\">\n\t\t\t\t<div class=\"elementor-widget-container\">\n\t\t\t\t\t<h2 class=\"elementor-heading-title elementor-size-default\">Nasza oferta \u2013 wszystko, czego potrzebujesz w jednym miejscu<\/h2>\t\t\t\t<\/div>\n\t\t\t\t<\/div>\n\t\t\t\t<div class=\"elementor-element elementor-element-f1df96d elementor-widget elementor-widget-text-editor\" data-id=\"f1df96d\" data-element_type=\"widget\" data-widget_type=\"text-editor.default\">\n\t\t\t\t<div class=\"elementor-widget-container\">\n\t\t\t\t\t\t\t\t\tW Etge.pl kupisz:\t\t\t\t\t\t\t\t<\/div>\n\t\t\t\t<\/div>\n\t\t\t\t<div class=\"elementor-element elementor-element-9bb9a00 elementor-widget elementor-widget-text-editor\" data-id=\"9bb9a00\" data-element_type=\"widget\" data-widget_type=\"text-editor.default\">\n\t\t\t\t<div class=\"elementor-widget-container\">\n\t\t\t\t\t\t\t\t\t<ul>\n \t<li><strong>Podno\u015bniki samochodowe<\/strong> \u2013 jednokolumnowe, dwukolumnowe, czterokolumnowe, no\u017cycowe<\/li>\n \t<li><strong>Monta\u017cownice do opon<\/strong> \u2013 automatyczne i p\u00f3\u0142automatyczne<\/li>\n \t<li><strong>Wywa\u017carki do k\u00f3\u0142<\/strong> \u2013 nowoczesne, szybkie, precyzyjne<\/li>\n \t<li><strong>Zestawy maszyn do warsztatu<\/strong> \u2013 gotowe konfiguracje, kt\u00f3re usprawni\u0105 prac\u0119<\/li>\n \t<li><strong>Cz\u0119\u015bci zamienne<\/strong> \u2013 kluczowe elementy do Twoich maszyn<\/li>\n<\/ul>\nKa\u017cdy produkt w naszej ofercie zosta\u0142 wybrany z my\u015bl\u0105 o <strong>codziennej pracy w serwisie samochodowym<\/strong> \u2013 niezale\u017cnie od tego, czy prowadzisz du\u017cy zak\u0142ad, ma\u0142y warsztat, czy pracujesz w gara\u017cu.\t\t\t\t\t\t\t\t<\/div>\n\t\t\t\t<\/div>\n\t\t\t\t<div class=\"elementor-element elementor-element-21ff826 tytul_artykul elementor-widget elementor-widget-heading\" data-id=\"21ff826\" data-element_type=\"widget\" data-widget_type=\"heading.default\">\n\t\t\t\t<div class=\"elementor-widget-container\">\n\t\t\t\t\t<h2 class=\"elementor-heading-title elementor-size-default\">Dlaczego warto wybra\u0107 Etge.pl?<\/h2>\t\t\t\t<\/div>\n\t\t\t\t<\/div>\n\t\t\t\t<div class=\"elementor-element elementor-element-9da07f5 elementor-widget elementor-widget-text-editor\" data-id=\"9da07f5\" data-element_type=\"widget\" data-widget_type=\"text-editor.default\">\n\t\t\t\t<div class=\"elementor-widget-container\">\n\t\t\t\t\t\t\t\t\t<ul><li><p><strong>Sprawdzony sprz\u0119t warsztatowy<\/strong> \u2013 wybieramy tylko solidne, funkcjonalne urz\u0105dzenia<\/p><\/li><li><p><strong>Gotowe zestawy maszyn<\/strong> \u2013 idealne na start i rozw\u00f3j warsztatu<\/p><\/li><li><p><strong>Szybka wysy\u0142ka i dost\u0119pno\u015b\u0107 cz\u0119\u015bci<\/strong> \u2013 maszyny gotowe do pracy bez przestoj\u00f3w<\/p><\/li><li><p><strong>Doradztwo techniczne<\/strong> \u2013 pomagamy dobra\u0107 sprz\u0119t dopasowany do Twoich potrzeb<\/p><\/li><li><p><strong>Dla profesjonalist\u00f3w i amator\u00f3w<\/strong> \u2013 nie musisz by\u0107 ekspertem, \u017ceby kupowa\u0107 jak profesjonalista<\/p><\/li><\/ul>\t\t\t\t\t\t\t\t<\/div>\n\t\t\t\t<\/div>\n\t\t\t\t<div class=\"elementor-element elementor-element-e60e0a0 tytul_artykul elementor-widget elementor-widget-heading\" data-id=\"e60e0a0\" data-element_type=\"widget\" data-widget_type=\"heading.default\">\n\t\t\t\t<div class=\"elementor-widget-container\">\n\t\t\t\t\t<h2 class=\"elementor-heading-title elementor-size-default\">Zaufaj Etge.pl \u2013 i skoncentruj si\u0119 na tym, co potrafisz najlepiej<\/h2>\t\t\t\t<\/div>\n\t\t\t\t<\/div>\n\t\t\t\t<div class=\"elementor-element elementor-element-1b95fcf elementor-widget elementor-widget-text-editor\" data-id=\"1b95fcf\" data-element_type=\"widget\" data-widget_type=\"text-editor.default\">\n\t\t\t\t<div class=\"elementor-widget-container\">\n\t\t\t\t\t\t\t\t\tWiesz, jak naprawi\u0107 auto. My wiemy, jak dobra\u0107 sprz\u0119t, kt\u00f3ry Ci w tym pomo\u017ce.\nEtge.pl to partner Twojego warsztatu \u2013 niezale\u017cnie od skali dzia\u0142alno\u015bci.\t\t\t\t\t\t\t\t<\/div>\n\t\t\t\t<\/div>\n\t\t\t\t\t<\/div>\n\t\t<\/div>\n\t\t\t\t<div class=\"elementor-column elementor-col-50 elementor-top-column elementor-element elementor-element-3b8af74 zdjecie_obramowane elementor-hidden-tablet_extra elementor-hidden-tablet elementor-hidden-mobile_extra elementor-hidden-mobile\" data-id=\"3b8af74\" data-element_type=\"column\" data-settings=\"{&quot;background_background&quot;:&quot;classic&quot;}\">\n\t\t\t<div class=\"elementor-widget-wrap\">\n\t\t\t\t\t\t\t<\/div>\n\t\t<\/div>\n\t\t\t\t\t<\/div>\n\t\t<\/section>\n\t\t\t\t<\/div>","protected":false},"excerpt":{"rendered":"<p>Profesjonalne wyposa\u017cenie warsztatu. Dla serwis\u00f3w, warsztat\u00f3w i pasjonat\u00f3w. Witamy w Etge.pl \u2013 sklepie internetowym, w kt\u00f3rym znajdziesz kompleksowe wyposa\u017cenie warsztatu samochodowego. Od lat wspieramy profesjonalist\u00f3w i hobbyst\u00f3w, dostarczaj\u0105c niezawodny sprz\u0119t warsztatowy, kt\u00f3ry \u0142\u0105czy jako\u015b\u0107, trwa\u0142o\u015b\u0107 i przyst\u0119pn\u0105 cen\u0119. Nasza oferta \u2013&#8230;<\/p>","protected":false},"author":1,"featured_media":0,"parent":0,"menu_order":0,"comment_status":"closed","ping_status":"closed","template":"elementor_header_footer","meta":{"footnotes":""},"class_list":["post-24497","page","type-page","status-publish","hentry"],"_links":{"self":[{"href":"https:\/\/etge.pl\/de\/wp-json\/wp\/v2\/pages\/24497","targetHints":{"allow":["GET"]}}],"collection":[{"href":"https:\/\/etge.pl\/de\/wp-json\/wp\/v2\/pages"}],"about":[{"href":"https:\/\/etge.pl\/de\/wp-json\/wp\/v2\/types\/page"}],"author":[{"embeddable":true,"href":"https:\/\/etge.pl\/de\/wp-json\/wp\/v2\/users\/1"}],"replies":[{"embeddable":true,"href":"https:\/\/etge.pl\/de\/wp-json\/wp\/v2\/comments?post=24497"}],"version-history":[{"count":29,"href":"https:\/\/etge.pl\/de\/wp-json\/wp\/v2\/pages\/24497\/revisions"}],"predecessor-version":[{"id":24666,"href":"https:\/\/etge.pl\/de\/wp-json\/wp\/v2\/pages\/24497\/revisions\/24666"}],"wp:attachment":[{"href":"https:\/\/etge.pl\/de\/wp-json\/wp\/v2\/media?parent=24497"}],"curies":[{"name":"wp","href":"https:\/\/api.w.org\/{rel}","templated":true}]}}