{"id":3486,"date":"2024-02-19T19:59:09","date_gmt":"2024-02-19T17:59:09","guid":{"rendered":"https:\/\/demo.artureanec.com\/themes\/neuros\/?page_id=3486"},"modified":"2025-05-20T16:58:27","modified_gmt":"2025-05-20T14:58:27","slug":"finansowanie","status":"publish","type":"page","link":"https:\/\/etge.pl\/de\/finansowanie\/","title":{"rendered":"Finansowanie"},"content":{"rendered":"<div data-elementor-type=\"wp-page\" data-elementor-id=\"3486\" class=\"elementor elementor-3486\" data-elementor-post-type=\"page\">\n\t\t\t\t\t\t<section class=\"elementor-section elementor-top-section elementor-element elementor-element-3761ee6 elementor-section-boxed elementor-section-height-default elementor-section-height-default\" data-id=\"3761ee6\" data-element_type=\"section\">\n\t\t\t\t\t\t<div class=\"elementor-container elementor-column-gap-default\">\n\t\t\t\t\t<div class=\"elementor-column elementor-col-100 elementor-top-column elementor-element elementor-element-4245c4c\" data-id=\"4245c4c\" data-element_type=\"column\">\n\t\t\t<div class=\"elementor-widget-wrap elementor-element-populated\">\n\t\t\t\t\t\t<div class=\"elementor-element elementor-element-ac73e23 elementor-widget elementor-widget-neuros_heading\" data-id=\"ac73e23\" data-element_type=\"widget\" data-widget_type=\"neuros_heading.default\">\n\t\t\t\t<div class=\"elementor-widget-container\">\n\t\t\t\t\t<div class=\"neuros-heading-widget\"><h2 class=\"neuros-heading\"><span class=\"neuros-heading-content has_gradient_color_text\">Zapoznaj si\u0119 z naszymi us\u0142ugami finansowania<\/span><\/h2><\/div>\t\t\t\t<\/div>\n\t\t\t\t<\/div>\n\t\t\t\t\t<\/div>\n\t\t<\/div>\n\t\t\t\t\t<\/div>\n\t\t<\/section>\n\t\t\t\t<section class=\"elementor-section elementor-top-section elementor-element elementor-element-47d1e3a elementor-section-boxed elementor-section-height-default elementor-section-height-default\" data-id=\"47d1e3a\" data-element_type=\"section\">\n\t\t\t\t\t\t<div class=\"elementor-container elementor-column-gap-wide\">\n\t\t\t\t\t<div class=\"elementor-column elementor-col-33 elementor-top-column elementor-element elementor-element-7079eb3\" data-id=\"7079eb3\" data-element_type=\"column\" data-settings=\"{&quot;background_background&quot;:&quot;classic&quot;}\">\n\t\t\t<div class=\"elementor-widget-wrap elementor-element-populated\">\n\t\t\t\t\t\t<div class=\"elementor-element elementor-element-465820b elementor-widget elementor-widget-image\" data-id=\"465820b\" data-element_type=\"widget\" data-widget_type=\"image.default\">\n\t\t\t\t<div class=\"elementor-widget-container\">\n\t\t\t\t\t\t\t\t\t\t\t\t\t\t\t<img fetchpriority=\"high\" decoding=\"async\" width=\"500\" height=\"300\" src=\"https:\/\/etge.pl\/wp-content\/uploads\/2025\/04\/payu_white.png\" class=\"attachment-large size-large wp-image-23960\" alt=\"\" srcset=\"https:\/\/etge.pl\/wp-content\/uploads\/2025\/04\/payu_white.png 500w, https:\/\/etge.pl\/wp-content\/uploads\/2025\/04\/payu_white-300x180.png 300w, https:\/\/etge.pl\/wp-content\/uploads\/2025\/04\/payu_white-18x12.png 18w, https:\/\/etge.pl\/wp-content\/uploads\/2025\/04\/payu_white-100x60.png 100w\" sizes=\"(max-width: 500px) 100vw, 500px\" \/>\t\t\t\t\t\t\t\t\t\t\t\t\t\t\t<\/div>\n\t\t\t\t<\/div>\n\t\t\t\t<div class=\"elementor-element elementor-element-29a7763 elementor-widget elementor-widget-neuros_heading\" data-id=\"29a7763\" data-element_type=\"widget\" data-widget_type=\"neuros_heading.default\">\n\t\t\t\t<div class=\"elementor-widget-container\">\n\t\t\t\t\t<div class=\"neuros-heading-widget\"><h5 class=\"neuros-heading\"><span class=\"neuros-heading-content has_gradient_color_text\">Raty Payu<\/span><\/h5><\/div>\t\t\t\t<\/div>\n\t\t\t\t<\/div>\n\t\t\t\t<div class=\"elementor-element elementor-element-693bc26 elementor-widget elementor-widget-text-editor\" data-id=\"693bc26\" data-element_type=\"widget\" data-widget_type=\"text-editor.default\">\n\t\t\t\t<div class=\"elementor-widget-container\">\n\t\t\t\t\t\t\t\t\t<p>Mo\u017cliwo\u015b\u0107 zakupu sprz\u0119tu warsztatowego w ratach za po\u015brednictwem systemu PayU podczas zakup\u00f3w w naszym sklepie internetowym.<\/p>\t\t\t\t\t\t\t\t<\/div>\n\t\t\t\t<\/div>\n\t\t\t\t<div class=\"elementor-element elementor-element-2fe6b8d elementor-view-stacked neuros-icon-decoration-on elementor-absolute neuros-icon-alignment-right elementor-shape-circle elementor-widget elementor-widget-icon\" data-id=\"2fe6b8d\" data-element_type=\"widget\" data-settings=\"{&quot;_position&quot;:&quot;absolute&quot;}\" data-widget_type=\"icon.default\">\n\t\t\t\t<div class=\"elementor-widget-container\">\n\t\t\t\t\t\t\t<div class=\"elementor-icon-wrapper\">\n\t\t\t<div class=\"elementor-icon elementor-animation-slide-horizontal\">\n\t\t\t<i aria-hidden=\"true\" class=\"fontello icon-button-arrow\"><\/i>\t\t\t<\/div>\n\t\t<\/div>\n\t\t\t\t\t\t<\/div>\n\t\t\t\t<\/div>\n\t\t\t\t\t<\/div>\n\t\t<\/div>\n\t\t\t\t<div class=\"elementor-column elementor-col-33 elementor-top-column elementor-element elementor-element-ea1dffe\" data-id=\"ea1dffe\" data-element_type=\"column\" data-settings=\"{&quot;background_background&quot;:&quot;classic&quot;}\">\n\t\t\t<div class=\"elementor-widget-wrap elementor-element-populated\">\n\t\t\t\t\t\t<div class=\"elementor-element elementor-element-165622b elementor-widget elementor-widget-image\" data-id=\"165622b\" data-element_type=\"widget\" data-widget_type=\"image.default\">\n\t\t\t\t<div class=\"elementor-widget-container\">\n\t\t\t\t\t\t\t\t\t\t\t\t\t\t\t<img decoding=\"async\" width=\"230\" height=\"150\" src=\"https:\/\/etge.pl\/wp-content\/uploads\/2025\/04\/allior_bank.webp\" class=\"attachment-large size-large wp-image-23957\" alt=\"\" srcset=\"https:\/\/etge.pl\/wp-content\/uploads\/2025\/04\/allior_bank.webp 230w, https:\/\/etge.pl\/wp-content\/uploads\/2025\/04\/allior_bank-18x12.webp 18w, https:\/\/etge.pl\/wp-content\/uploads\/2025\/04\/allior_bank-100x65.webp 100w\" sizes=\"(max-width: 230px) 100vw, 230px\" \/>\t\t\t\t\t\t\t\t\t\t\t\t\t\t\t<\/div>\n\t\t\t\t<\/div>\n\t\t\t\t<div class=\"elementor-element elementor-element-88d59cc elementor-widget elementor-widget-neuros_heading\" data-id=\"88d59cc\" data-element_type=\"widget\" data-widget_type=\"neuros_heading.default\">\n\t\t\t\t<div class=\"elementor-widget-container\">\n\t\t\t\t\t<div class=\"neuros-heading-widget\"><h5 class=\"neuros-heading\"><span class=\"neuros-heading-content has_gradient_color_text\">Raty Allior Bank<\/span><\/h5><\/div>\t\t\t\t<\/div>\n\t\t\t\t<\/div>\n\t\t\t\t<div class=\"elementor-element elementor-element-a3c0ebe elementor-widget elementor-widget-text-editor\" data-id=\"a3c0ebe\" data-element_type=\"widget\" data-widget_type=\"text-editor.default\">\n\t\t\t\t<div class=\"elementor-widget-container\">\n\t\t\t\t\t\t\t\t\t<p>Mo\u017cliwo\u015b\u0107 zakupu sprz\u0119tu warsztatowego w ratach za po\u015brednictwem systemu PayU podczas zakup\u00f3w w naszym sklepie internetowym.<\/p>\t\t\t\t\t\t\t\t<\/div>\n\t\t\t\t<\/div>\n\t\t\t\t<div class=\"elementor-element elementor-element-b71f7cd elementor-view-stacked neuros-icon-decoration-on elementor-absolute neuros-icon-alignment-right elementor-shape-circle elementor-widget elementor-widget-icon\" data-id=\"b71f7cd\" data-element_type=\"widget\" data-settings=\"{&quot;_position&quot;:&quot;absolute&quot;}\" data-widget_type=\"icon.default\">\n\t\t\t\t<div class=\"elementor-widget-container\">\n\t\t\t\t\t\t\t<div class=\"elementor-icon-wrapper\">\n\t\t\t<div class=\"elementor-icon elementor-animation-slide-horizontal\">\n\t\t\t<i aria-hidden=\"true\" class=\"fontello icon-button-arrow\"><\/i>\t\t\t<\/div>\n\t\t<\/div>\n\t\t\t\t\t\t<\/div>\n\t\t\t\t<\/div>\n\t\t\t\t\t<\/div>\n\t\t<\/div>\n\t\t\t\t<div class=\"elementor-column elementor-col-33 elementor-top-column elementor-element elementor-element-1061d1f\" data-id=\"1061d1f\" data-element_type=\"column\">\n\t\t\t<div class=\"elementor-widget-wrap elementor-element-populated\">\n\t\t\t\t\t\t<section class=\"elementor-section elementor-inner-section elementor-element elementor-element-071635f elementor-section-boxed elementor-section-height-default elementor-section-height-default\" data-id=\"071635f\" data-element_type=\"section\" data-settings=\"{&quot;background_background&quot;:&quot;classic&quot;}\">\n\t\t\t\t\t\t<div class=\"elementor-container elementor-column-gap-default\">\n\t\t\t\t\t<div class=\"elementor-column elementor-col-100 elementor-inner-column elementor-element elementor-element-a7df136\" data-id=\"a7df136\" data-element_type=\"column\">\n\t\t\t<div class=\"elementor-widget-wrap elementor-element-populated\">\n\t\t\t\t\t\t<div class=\"elementor-element elementor-element-b3613e2 elementor-widget elementor-widget-neuros_heading\" data-id=\"b3613e2\" data-element_type=\"widget\" data-widget_type=\"neuros_heading.default\">\n\t\t\t\t<div class=\"elementor-widget-container\">\n\t\t\t\t\t<div class=\"neuros-heading-widget\"><h5 class=\"neuros-heading\"><span class=\"neuros-heading-content has_gradient_color_text\">Leasing<\/span><\/h5><\/div>\t\t\t\t<\/div>\n\t\t\t\t<\/div>\n\t\t\t\t<div class=\"elementor-element elementor-element-859c9de elementor-widget elementor-widget-text-editor\" data-id=\"859c9de\" data-element_type=\"widget\" data-widget_type=\"text-editor.default\">\n\t\t\t\t<div class=\"elementor-widget-container\">\n\t\t\t\t\t\t\t\t\t<p>Wyposa\u017c sw\u00f3j warsztat samochodowy w podno\u015bniki samochodowe, wywa\u017carki do k\u00f3\u0142, monta\u017cownice do opon oraz inne urz\u0105dzenia dzi\u0119ki korzystnemu leasingowi.&nbsp;&nbsp;<\/p><p>Firma Euro Trade wsp\u00f3\u0142pracuje z kilkoma instytucjami leasingowymi, aby zapewni\u0107 przedsi\u0119biorstwom atrakcyjne warunki finansowania.<\/p>\t\t\t\t\t\t\t\t<\/div>\n\t\t\t\t<\/div>\n\t\t\t\t\t<\/div>\n\t\t<\/div>\n\t\t\t\t\t<\/div>\n\t\t<\/section>\n\t\t\t\t<section class=\"elementor-section elementor-inner-section elementor-element elementor-element-2b45ed8 elementor-section-boxed elementor-section-height-default elementor-section-height-default\" data-id=\"2b45ed8\" data-element_type=\"section\" data-settings=\"{&quot;background_background&quot;:&quot;classic&quot;}\">\n\t\t\t\t\t\t<div class=\"elementor-container elementor-column-gap-default\">\n\t\t\t\t\t<div class=\"elementor-column elementor-col-100 elementor-inner-column elementor-element elementor-element-6ae610d\" data-id=\"6ae610d\" data-element_type=\"column\">\n\t\t\t<div class=\"elementor-widget-wrap elementor-element-populated\">\n\t\t\t\t\t\t<div class=\"elementor-element elementor-element-fe9ecd5 elementor-widget elementor-widget-text-editor\" data-id=\"fe9ecd5\" data-element_type=\"widget\" data-widget_type=\"text-editor.default\">\n\t\t\t\t<div class=\"elementor-widget-container\">\n\t\t\t\t\t\t\t\t\t<p>Po wi\u0119cej szczeg\u00f3\u0142\u00f3w skontaktuj si\u0119 z nami<\/p>\t\t\t\t\t\t\t\t<\/div>\n\t\t\t\t<\/div>\n\t\t\t\t<div class=\"elementor-element elementor-element-eee9205 elementor-position-left elementor-view-default elementor-mobile-position-top elementor-widget elementor-widget-icon-box\" data-id=\"eee9205\" data-element_type=\"widget\" data-widget_type=\"icon-box.default\">\n\t\t\t\t<div class=\"elementor-widget-container\">\n\t\t\t\t\t\t\t<div class=\"elementor-icon-box-wrapper\">\n\n\t\t\t\t\t\t<div class=\"elementor-icon-box-icon\">\n\t\t\t\t<a href=\"\" class=\"elementor-icon\" tabindex=\"-1\" aria-label=\"Zadzwo\u0144: +48 801 011 680\">\n\t\t\t\t<i aria-hidden=\"true\" class=\"fas fa-phone-alt\"><\/i>\t\t\t\t<\/a>\n\t\t\t<\/div>\n\t\t\t\n\t\t\t\t\t\t<div class=\"elementor-icon-box-content\">\n\n\t\t\t\t\t\t\t\t\t<h3 class=\"elementor-icon-box-title\">\n\t\t\t\t\t\t<a href=\"\" >\n\t\t\t\t\t\t\tZadzwo\u0144: +48 801 011 680\t\t\t\t\t\t<\/a>\n\t\t\t\t\t<\/h3>\n\t\t\t\t\n\t\t\t\t\n\t\t\t<\/div>\n\t\t\t\n\t\t<\/div>\n\t\t\t\t\t\t<\/div>\n\t\t\t\t<\/div>\n\t\t\t\t<div class=\"elementor-element elementor-element-8ed3291 elementor-position-left elementor-view-default elementor-mobile-position-top elementor-widget elementor-widget-icon-box\" data-id=\"8ed3291\" data-element_type=\"widget\" data-widget_type=\"icon-box.default\">\n\t\t\t\t<div class=\"elementor-widget-container\">\n\t\t\t\t\t\t\t<div class=\"elementor-icon-box-wrapper\">\n\n\t\t\t\t\t\t<div class=\"elementor-icon-box-icon\">\n\t\t\t\t<a href=\"mailto:info@etge.pl\" class=\"elementor-icon\" tabindex=\"-1\" aria-label=\"Napisz: info@etge.pl\">\n\t\t\t\t<i aria-hidden=\"true\" class=\"far fa-envelope-open\"><\/i>\t\t\t\t<\/a>\n\t\t\t<\/div>\n\t\t\t\n\t\t\t\t\t\t<div class=\"elementor-icon-box-content\">\n\n\t\t\t\t\t\t\t\t\t<h3 class=\"elementor-icon-box-title\">\n\t\t\t\t\t\t<a href=\"mailto:info@etge.pl\" >\n\t\t\t\t\t\t\tNapisz: info@etge.pl\t\t\t\t\t\t<\/a>\n\t\t\t\t\t<\/h3>\n\t\t\t\t\n\t\t\t\t\n\t\t\t<\/div>\n\t\t\t\n\t\t<\/div>\n\t\t\t\t\t\t<\/div>\n\t\t\t\t<\/div>\n\t\t\t\t<div class=\"elementor-element elementor-element-d05ce22 elementor-view-stacked neuros-icon-decoration-on neuros-icon-alignment-right elementor-shape-circle elementor-widget elementor-widget-icon\" data-id=\"d05ce22\" data-element_type=\"widget\" data-widget_type=\"icon.default\">\n\t\t\t\t<div class=\"elementor-widget-container\">\n\t\t\t\t\t\t\t<div class=\"elementor-icon-wrapper\">\n\t\t\t<a class=\"elementor-icon elementor-animation-slide-horizontal\" href=\"https:\/\/etge.pl\/de\/kontakt\/\" target=\"_blank\">\n\t\t\t<i aria-hidden=\"true\" class=\"fontello icon-button-arrow\"><\/i>\t\t\t<\/a>\n\t\t<\/div>\n\t\t\t\t\t\t<\/div>\n\t\t\t\t<\/div>\n\t\t\t\t\t<\/div>\n\t\t<\/div>\n\t\t\t\t\t<\/div>\n\t\t<\/section>\n\t\t\t\t\t<\/div>\n\t\t<\/div>\n\t\t\t\t\t<\/div>\n\t\t<\/section>\n\t\t\t\t<\/div>","protected":false},"excerpt":{"rendered":"<p>Mo\u017cliwo\u015b\u0107 zakupu sprz\u0119tu warsztatowego w ratach za po\u015brednictwem systemu PayU podczas zakup\u00f3w w naszym sklepie internetowym. Mo\u017cliwo\u015b\u0107 zakupu sprz\u0119tu warsztatowego w ratach za po\u015brednictwem systemu PayU podczas zakup\u00f3w w naszym sklepie internetowym. Wyposa\u017c sw\u00f3j warsztat samochodowy w podno\u015bniki samochodowe, wywa\u017carki do&#8230;<\/p>","protected":false},"author":1,"featured_media":0,"parent":0,"menu_order":0,"comment_status":"closed","ping_status":"closed","template":"","meta":{"footnotes":""},"class_list":["post-3486","page","type-page","status-publish","hentry"],"_links":{"self":[{"href":"https:\/\/etge.pl\/de\/wp-json\/wp\/v2\/pages\/3486","targetHints":{"allow":["GET"]}}],"collection":[{"href":"https:\/\/etge.pl\/de\/wp-json\/wp\/v2\/pages"}],"about":[{"href":"https:\/\/etge.pl\/de\/wp-json\/wp\/v2\/types\/page"}],"author":[{"embeddable":true,"href":"https:\/\/etge.pl\/de\/wp-json\/wp\/v2\/users\/1"}],"replies":[{"embeddable":true,"href":"https:\/\/etge.pl\/de\/wp-json\/wp\/v2\/comments?post=3486"}],"version-history":[{"count":46,"href":"https:\/\/etge.pl\/de\/wp-json\/wp\/v2\/pages\/3486\/revisions"}],"predecessor-version":[{"id":24647,"href":"https:\/\/etge.pl\/de\/wp-json\/wp\/v2\/pages\/3486\/revisions\/24647"}],"wp:attachment":[{"href":"https:\/\/etge.pl\/de\/wp-json\/wp\/v2\/media?parent=3486"}],"curies":[{"name":"wp","href":"https:\/\/api.w.org\/{rel}","templated":true}]}}