{"id":23410,"date":"2025-04-09T15:35:19","date_gmt":"2025-04-09T13:35:19","guid":{"rendered":"https:\/\/etge.pl\/produkt\/wywazarka-do-kol-etge-905\/"},"modified":"2025-09-24T15:26:08","modified_gmt":"2025-09-24T13:26:08","slug":"wywazarka-do-kol-etge-905","status":"publish","type":"product","link":"https:\/\/etge.pl\/de\/produkt\/wywazarka-do-kol-etge-905\/","title":{"rendered":"WYWA\u017bARKA DO K\u00d3\u0141 OPON EURO TRADE ETGE-905 AUTOMAT Z LASEREM 230V"},"content":{"rendered":"<div class=\"mpof_ki myre_zn myre_8v_l m389_6m_l\">\n<div class=\"mp4t_16_s mryx_16_s mr3m_1 mli2_1 mh85_56 mh85_0_l\">\n<div class=\"mgn2_16 _0d3bd_am0a-\">\n<h4 style=\"text-align: left;\"><strong>WYWA\u017bARKA DO K\u00d3\u0141 OPON EURO TRADE ETGE-905 AUTOMAT Z LASEREM 230V<\/strong><\/h4>\n<p style=\"text-align: left;\"><b>Profesjonalna wywa\u017carka automatyczna<\/b> \u2013 idealny do serwis\u00f3w wymiany opon i warsztat\u00f3w samochodowych.<\/p>\n<p style=\"text-align: left;\"><b>Obs\u0142uga k\u00f3\u0142 samochod\u00f3w osobowych i dostawczych<\/b> \u2013 kompatybilno\u015b\u0107 z szerokim zakresem felg.<\/p>\n<p style=\"text-align: left;\"><b>Wysoka jako\u015b\u0107 wykonania<\/b> \u2013 solidna konstrukcja zapewnia d\u0142ugotrwa\u0142\u0105, bezawaryjn\u0105 prac\u0119.<\/p>\n<p style=\"text-align: left;\"><b>Dodatkowe akcesoria w zestawie<\/b>: m\u0142otko-szczypce, \u015bruba mocuj\u0105ca, zestaw sto\u017ck\u00f3w.<\/p>\n<p style=\"text-align: left;\">\n<\/div>\n<\/div>\n<\/div>\n<div class=\"mpof_ki myre_zn myre_8v_l m389_6m_l\" style=\"text-align: left;\">\n<div class=\"mp4t_16_s mryx_16_s mr3m_1 mli2_1 mh85_56 mh85_0_l\">\n<div class=\"mgn2_16 _0d3bd_am0a-\">\n<h4><strong>Wywa\u017carka do k\u00f3\u0142 ETGE-905<\/strong><\/h4>\n<h4><strong>Wywa\u017carka do K\u00f3\u0142 Osobowych Automatyczna z Laserem ETGE-905<\/strong><\/h4>\n<p>Wysokiej klasy, nowoczesna wywa\u017carka do k\u00f3\u0142 samochod\u00f3w: osobowych, dostawczych, oraz motocykli. Charakteryzuje si\u0119 bardzo dobr\u0105 jako\u015bci\u0105 wykonania, solidn\u0105 konstrukcj\u0105, oraz bardzo bogatym zakresem tryb\u00f3w wywa\u017cania.<\/p>\n<\/div>\n<\/div>\n<div class=\"mp4t_16_s mryx_16_s mr3m_1 mli2_1 mh85_56 mh85_0_l\">\n<div class=\"mg9e_8 mj7a_8 mg9e_0_s mvrt_0_s mj7a_0_s mh36_0_s mzmg_6m munh_16_l m3h2_16_l\">\n<div class=\"mp4t_0 mryx_0 munh_56 m3h2_56\">\n<div class=\"mp7g_oh\"><\/div>\n<\/div>\n<\/div>\n<\/div>\n<\/div>\n<div class=\"mpof_ki myre_zn myre_8v_l m389_6m_l\" style=\"text-align: left;\">\n<div class=\"mp4t_16_s mryx_16_s mr3m_1 mli2_1 mh85_56 mh85_0_l\">\n<div class=\"mgn2_16 _0d3bd_am0a-\">\n<h4><strong>Specyfikacja:<\/strong><\/h4>\n<ul>\n<li><b>Zasilanie<\/b>: 230V<\/li>\n<li><b>Moc silnika<\/b>: 250W<\/li>\n<li><b>Maksymalna waga ko\u0142a<\/b>: 70 kg<\/li>\n<li><b>Szeroko\u015b\u0107 ko\u0142a<\/b>: 1,5&#8243; &#8211; 20&#8243;<\/li>\n<li><b>\u015arednica ko\u0142a<\/b>: 10&#8243; &#8211; 28&#8243;<\/li>\n<li><b>Dok\u0142adno\u015b\u0107<\/b>: 1 g<\/li>\n<li><b>Czas pomiaru<\/b>: 8 s<\/li>\n<li><b>Poziom ha\u0142asu<\/b>: &lt;70 dB<\/li>\n<li><b>Certyfikat CE<\/b><\/li>\n<\/ul>\n<\/div>\n<\/div>\n<div class=\"mp4t_16_s mryx_16_s mr3m_1 mli2_1 mh85_56 mh85_0_l\">\n<div class=\"mg9e_8 mj7a_8 mg9e_0_s mvrt_0_s mj7a_0_s mh36_0_s mzmg_6m munh_16_l m3h2_16_l\">\n<div class=\"mp4t_0 mryx_0 munh_56 m3h2_56\">\n<div class=\"mp7g_oh\"><\/div>\n<\/div>\n<\/div>\n<\/div>\n<\/div>\n<div class=\"mpof_ki myre_zn myre_8v_l m389_6m_l\" style=\"text-align: left;\">\n<div class=\"mp4t_16_s mryx_16_s mr3m_1 mli2_1 mh85_56 mh85_0_l\">\n<div class=\"mg9e_8 mj7a_8 mg9e_0_s mvrt_0_s mj7a_0_s mh36_0_s mzmg_6m munh_16_l m3h2_16_l\">\n<div class=\"mp4t_0 mryx_0 munh_56 m3h2_56\">\n<div class=\"mp7g_oh\"><\/div>\n<\/div>\n<\/div>\n<\/div>\n<div class=\"mp4t_16_s mryx_16_s mr3m_1 mli2_1 mh85_56 mh85_0_l\">\n<div class=\"mgn2_16 _0d3bd_am0a-\">\n<h4><strong>Tryby pracy wywa\u017carki ETGE-905 :<\/strong><\/h4>\n<ul>\n<li><b>Statyczne i dynamiczne<\/b><\/li>\n<li><b>Tryb dla felg stalowych i aluminiowych<\/b> (ci\u0119\u017carki klejone, nabijane, ukrywane za ramionami felgi)<\/li>\n<li><b>Tryb dla felg motocyklowych<\/b><\/li>\n<li><b>Alu S \u2013 optymalizacja niewywa\u017cenia<\/b><\/li>\n<li><\/li>\n<\/ul>\n<\/div>\n<\/div>\n<\/div>\n<div class=\"mpof_ki myre_zn myre_8v_l m389_6m_l\" style=\"text-align: left;\">\n<div class=\"mp4t_16_s mryx_16_s mr3m_1 mli2_1 mh85_56 mh85_0_l\">\n<h4 class=\"mgn2_16 _0d3bd_am0a-\">Funkcje wywa\u017carki ETGE-905:<\/h4>\n<p><b>Automatyczny START\/STOP<\/b> po zamkni\u0119ciu os\u0142ony ko\u0142a<\/p>\n<p><b>Automatyczny pomiar parametr\u00f3w ko\u0142a<\/b><\/p>\n<p><b>Funkcja samodiagnozy i kalibracji<\/b><\/p>\n<p><b>3-segmentowy wy\u015bwietlacz LED<\/b><\/p>\n<p><b>Laserowy wska\u017anik<\/b> do precyzyjnego montowania ci\u0119\u017cark\u00f3w<\/p>\n<p><b>Schowki na ci\u0119\u017carki i akcesoria<\/b><\/p>\n<\/div>\n<div class=\"mp4t_16_s mryx_16_s mr3m_1 mli2_1 mh85_56 mh85_0_l\">\n<div class=\"mg9e_8 mj7a_8 mg9e_0_s mvrt_0_s mj7a_0_s mh36_0_s mzmg_6m munh_16_l m3h2_16_l\">\n<div class=\"mp4t_0 mryx_0 munh_56 m3h2_56\">\n<div class=\"mp7g_oh\"><\/div>\n<\/div>\n<\/div>\n<\/div>\n<\/div>\n<div class=\"mpof_ki myre_zn myre_8v_l m389_6m_l\" style=\"text-align: left;\">\n<div class=\"mp4t_16_s mryx_16_s mr3m_1 mli2_1 mh85_56 mh85_0_l\">\n<div class=\"mg9e_8 mj7a_8 mg9e_0_s mvrt_0_s mj7a_0_s mh36_0_s mzmg_6m munh_16_l m3h2_16_l\">\n<div class=\"mp4t_0 mryx_0 munh_56 m3h2_56\">\n<div class=\"mp7g_oh\"><\/div>\n<\/div>\n<\/div>\n<\/div>\n<div class=\"mp4t_16_s mryx_16_s mr3m_1 mli2_1 mh85_56 mh85_0_l\">\n<div class=\"mgn2_16 _0d3bd_am0a-\">\n<h4>Dlaczego ta wywa\u017carka ?<\/h4>\n<ul>\n<li><b>Intuicyjny wy\u015bwietlacz z przyciskami steruj\u0105cymi wywa\u017cark\u0105<\/b> &#8211; Dzi\u0119ki temu wy\u015bwietlaczowi u\u017cytkownik mo\u017ce \u0142atwo i szybko dostosowa\u0107 ustawienia wywa\u017carki do konkretnych wymaga\u0144. To zwi\u0119ksza precyzj\u0119 i efektywno\u015b\u0107 procesu wywa\u017cania.<\/li>\n<li><b>Praktyczny schowek na ci\u0119\u017carki &#8211;<\/b> To udogodnienie pomaga w utrzymaniu porz\u0105dku i organizacji w miejscu pracy. U\u017cytkownik ma \u0142atwy dost\u0119p do ci\u0119\u017cark\u00f3w, co przyspiesza proces wywa\u017cania i minimalizuje straty czasu.<\/li>\n<li><b>Mocny i wytrzyma\u0142y wa\u0142ek do monta\u017cu ko\u0142a<\/b> &#8211; Ten element odgrywa kluczow\u0105 rol\u0119 w procesie monta\u017cu ko\u0142a na urz\u0105dzeniu. Jego wysoka jako\u015b\u0107 i wytrzyma\u0142o\u015b\u0107 gwarantuj\u0105, \u017ce wa\u0142ek wytrzyma du\u017ce obci\u0105\u017cenia i b\u0119dzie s\u0142u\u017cy\u0142 przez d\u0142ugi czas.<\/li>\n<li><b>Dodatkowy schowek z boku maszyny &#8211;<\/b> Dodatkowy schowek to praktyczne rozwi\u0105zanie, kt\u00f3re umo\u017cliwia przechowywanie dodatkowych narz\u0119dzi lub akcesori\u00f3w niezb\u0119dnych w procesie wywa\u017cania. To zwi\u0119ksza efektywno\u015b\u0107 pracy, poniewa\u017c wszystkie niezb\u0119dne elementy s\u0105 \u0142atwo dost\u0119pne.<\/li>\n<\/ul>\n<p>Wszystkie te funkcje sprawiaj\u0105, \u017ce ta wywa\u017carka jest nie tylko \u0142atwa w obs\u0142udze, ale tak\u017ce wydajna i komfortowa w u\u017cytkowaniu. Dzi\u0119ki nim proces wywa\u017cania staje si\u0119 szybszy, bardziej precyzyjny i mniej uci\u0105\u017cliwy dla operatora.<\/p>\n<\/div>\n<\/div>\n<\/div>\n<div class=\"mpof_ki myre_zn myre_8v_l m389_6m_l\">\n<div class=\"mp4t_16_s mryx_16_s mr3m_1 mli2_1 mh85_56 mh85_0_l\">\n<div class=\"mgn2_16 _0d3bd_am0a-\">\n<h4 style=\"text-align: left;\">W zestawie z monta\u017cownic\u0105 znajduj\u0105 si\u0119 :<\/h4>\n<ul>\n<li style=\"text-align: left;\">Sto\u017cki centruj\u0105ce,<\/li>\n<li style=\"text-align: left;\">M\u0142otko-szczypce do monta\u017cu i demonta\u017cu ci\u0119\u017cark\u00f3w,<\/li>\n<li style=\"text-align: left;\">Cyrkiel<\/li>\n<\/ul>\n<\/div>\n<\/div>\n<\/div>","protected":false},"excerpt":{"rendered":"<h4 style=\"text-align: left;\"><strong>WYWA\u017bARKA DO K\u00d3\u0141 OPON EURO TRADE ETGE-905 AUTOMAT Z LASEREM 230V<\/strong><\/h4>\n<p style=\"text-align: left;\"><b>Profesjonalna wywa\u017carka automatyczna<\/b> \u2013 idealny do serwis\u00f3w wymiany opon i warsztat\u00f3w samochodowych.<\/p>\n<p style=\"text-align: left;\"><b>Obs\u0142uga k\u00f3\u0142 samochod\u00f3w osobowych i dostawczych<\/b> \u2013 kompatybilno\u015b\u0107 z szerokim zakresem felg.<\/p>\n<p style=\"text-align: left;\"><b>Wysoka jako\u015b\u0107 wykonania<\/b> \u2013 solidna konstrukcja zapewnia d\u0142ugotrwa\u0142\u0105, bezawaryjn\u0105 prac\u0119.<\/p>\n<p style=\"text-align: left;\"><b>Dodatkowe akcesoria w zestawie<\/b>: m\u0142otko-szczypce, \u015bruba mocuj\u0105ca, zestaw sto\u017ck\u00f3w.<\/p>","protected":false},"featured_media":23403,"comment_status":"closed","ping_status":"closed","template":"","meta":[],"product_brand":[],"product_cat":[124,120],"product_tag":[],"class_list":{"0":"post-23410","1":"product","2":"type-product","3":"status-publish","4":"has-post-thumbnail","6":"product_cat-wszystkie-urzadzenia-euro-trade","7":"product_cat-06-wywazarki-do-kol","8":"product_shipping_class-wywazarka-montazownica-solo","10":"first","11":"instock","12":"taxable","13":"shipping-taxable","14":"purchasable","15":"product-type-simple"},"_links":{"self":[{"href":"https:\/\/etge.pl\/de\/wp-json\/wp\/v2\/product\/23410","targetHints":{"allow":["GET"]}}],"collection":[{"href":"https:\/\/etge.pl\/de\/wp-json\/wp\/v2\/product"}],"about":[{"href":"https:\/\/etge.pl\/de\/wp-json\/wp\/v2\/types\/product"}],"replies":[{"embeddable":true,"href":"https:\/\/etge.pl\/de\/wp-json\/wp\/v2\/comments?post=23410"}],"wp:featuredmedia":[{"embeddable":true,"href":"https:\/\/etge.pl\/de\/wp-json\/wp\/v2\/media\/23403"}],"wp:attachment":[{"href":"https:\/\/etge.pl\/de\/wp-json\/wp\/v2\/media?parent=23410"}],"wp:term":[{"taxonomy":"product_brand","embeddable":true,"href":"https:\/\/etge.pl\/de\/wp-json\/wp\/v2\/product_brand?post=23410"},{"taxonomy":"product_cat","embeddable":true,"href":"https:\/\/etge.pl\/de\/wp-json\/wp\/v2\/product_cat?post=23410"},{"taxonomy":"product_tag","embeddable":true,"href":"https:\/\/etge.pl\/de\/wp-json\/wp\/v2\/product_tag?post=23410"}],"curies":[{"name":"wp","href":"https:\/\/api.w.org\/{rel}","templated":true}]}}