{"id":23411,"date":"2025-04-09T15:35:19","date_gmt":"2025-04-09T13:35:19","guid":{"rendered":"https:\/\/etge.pl\/produkt\/wywazarka-do-kol-etge-901\/"},"modified":"2026-02-18T11:48:41","modified_gmt":"2026-02-18T10:48:41","slug":"wywazarka-do-kol-etge-901","status":"publish","type":"product","link":"https:\/\/etge.pl\/de\/produkt\/wywazarka-do-kol-etge-901\/","title":{"rendered":"Wywa\u017carka Do K\u00f3\u0142 Opon Euro Trade ETGE-901"},"content":{"rendered":"<div class=\"mp4t_16_s mryx_16_s mr3m_1 mli2_1 mh85_56 mh85_0_l\">\n<div class=\"mgn2_16 _0d3bd_am0a-\">\n<h4 style=\"text-align: left;\"><strong>WYWA\u017bARKA DO K\u00d3\u0141 OPON SAMOCHODOWYCH EURO TRADE ETGE-901<\/strong><\/h4>\n<p style=\"text-align: left;\"><b>Marka: Euro Trade\u00a0<\/b>Szukasz niezawodnego i profesjonalnego sprz\u0119tu do serwisu opon?<\/p>\n<p style=\"text-align: left;\">Zestaw <b>Wywa\u017carka ETGE-901 <\/b>od\u00a0<b>Euro Trade<\/b>\u00a0to doskona\u0142y wyb\u00f3r dla ka\u017cdego warsztatu wulkanizacyjnego!<\/p>\n<p style=\"text-align: left;\">Dzi\u0119ki temu zestawowi zaoszcz\u0119dzisz czas, zapewniaj\u0105c klientom szybk\u0105, dok\u0142adn\u0105 i efektywn\u0105 obs\u0142ug\u0119.<\/p>\n<\/div>\n<div class=\"mp4t_16_s mryx_16_s mr3m_1 mli2_1 mh85_56 mh85_0_l\">\n<div class=\"mgn2_16 _0d3bd_am0a-\">\n<h4 style=\"text-align: left;\"><b>Specyfikacja techniczna:<\/b><\/h4>\n<ul style=\"text-align: left;\">\n<li><b>Zasilanie:<\/b>\u00a0230V<\/li>\n<li><b>Moc silnika:<\/b>\u00a0250 W<\/li>\n<li><b>Maksymalna waga ko\u0142a:<\/b>\u00a065 kg<\/li>\n<li><b>Zakres szeroko\u015bci ko\u0142a:<\/b>\u00a01,5&#8243; &#8211; 20&#8243;<\/li>\n<li><b>Zakres \u015brednicy ko\u0142a:<\/b>\u00a010&#8243; &#8211; 24&#8243;<\/li>\n<li><b>Dok\u0142adno\u015b\u0107 wywa\u017cenia:<\/b>\u00a01 g<\/li>\n<li><b>Czas pomiaru:<\/b>\u00a08 sek.<\/li>\n<li><b>Poziom ha\u0142asu:<\/b>\u00a0&lt; 70 dB<\/li>\n<li><b>Certyfikat CE<\/b><\/li>\n<\/ul>\n<div class=\"mp4t_16_s mryx_16_s mr3m_1 mli2_1 mh85_56 mh85_0_l\">\n<div class=\"mgn2_16 _0d3bd_am0a-\">\n<h4 style=\"text-align: left;\"><strong>Tryby pracy wywa\u017carki ETGE-901:<\/strong><\/h4>\n<ul style=\"text-align: left;\">\n<li><b>Statyczne i dynamiczne wywa\u017canie<\/b><\/li>\n<li><b>Felgi stalowe i aluminiowe<\/b>\u00a0(ci\u0119\u017carki klejone i nabijane)<\/li>\n<li><b>Felgi motocyklowe<\/b><\/li>\n<li><b>Ukrywanie ci\u0119\u017cark\u00f3w za ramionami felgi<\/b><\/li>\n<li><b>Alu S-Optymalizacja niewywa\u017cenia<\/b><\/li>\n<\/ul>\n<div class=\"mp4t_16_s mryx_16_s mr3m_1 mli2_1 mh85_56 mh85_0_l\" style=\"text-align: left;\">\n<div class=\"mgn2_16 _0d3bd_am0a-\">\n<h4><strong>Funkcje wywa\u017carki ETGE-901:<\/strong><\/h4>\n<ul>\n<li><b>Automatyczny START\/STOP<\/b>\u00a0po zamkni\u0119ciu os\u0142ony ko\u0142a<\/li>\n<li><b>Samodiagnoza awarii i kalibracja<\/b><\/li>\n<li><b>Intuicyjny wy\u015bwietlacz LED<\/b>\u00a0z przyciskami steruj\u0105cymi<\/li>\n<li><b>Praktyczny schowek na ci\u0119\u017carki<\/b>\u00a0\u2013 porz\u0105dek w miejscu pracy!<\/li>\n<\/ul>\n<\/div>\n<\/div>\n<div class=\"mp4t_16_s mryx_16_s mr3m_1 mli2_1 mh85_56 mh85_0_l\">\n<div class=\"mgn2_16 _0d3bd_am0a-\">\n<h4 style=\"text-align: left;\"><strong>Dlaczego ta wywa\u017carka ?<\/strong><\/h4>\n<p style=\"text-align: left;\"><b>Intuicyjny wy\u015bwietlacz z przyciskami steruj\u0105cymi wywa\u017cark\u0105<\/b>\u00a0&#8211; Dzi\u0119ki temu wy\u015bwietlaczowi u\u017cytkownik mo\u017ce \u0142atwo i szybko dostosowa\u0107 ustawienia wywa\u017carki do konkretnych wymaga\u0144. To zwi\u0119ksza precyzj\u0119 i efektywno\u015b\u0107 procesu wywa\u017cania.<\/p>\n<p style=\"text-align: left;\"><b>Praktyczny schowek na ci\u0119\u017carki &#8211;<\/b>\u00a0To udogodnienie pomaga w utrzymaniu porz\u0105dku i organizacji w miejscu pracy. U\u017cytkownik ma \u0142atwy dost\u0119p do ci\u0119\u017cark\u00f3w, co przyspiesza proces wywa\u017cania i minimalizuje straty czasu.<\/p>\n<p style=\"text-align: left;\"><b>Mocny i wytrzyma\u0142y wa\u0142ek do monta\u017cu ko\u0142a<\/b>\u00a0&#8211; Ten element odgrywa kluczow\u0105 rol\u0119 w procesie monta\u017cu ko\u0142a na urz\u0105dzeniu. Jego wysoka jako\u015b\u0107 i wytrzyma\u0142o\u015b\u0107 gwarantuj\u0105, \u017ce wa\u0142ek wytrzyma du\u017ce obci\u0105\u017cenia i b\u0119dzie s\u0142u\u017cy\u0142 przez d\u0142ugi czas.<\/p>\n<p style=\"text-align: left;\"><b>Dodatkowy wieszak z boku maszyny &#8211;<\/b>\u00a0Dodatkowy wieszak to praktyczne rozwi\u0105zanie, kt\u00f3re umo\u017cliwia przechowywanie dodatkowych narz\u0119dzi lub akcesori\u00f3w niezb\u0119dnych w procesie wywa\u017cania. To zwi\u0119ksza efektywno\u015b\u0107 pracy, poniewa\u017c wszystkie niezb\u0119dne elementy s\u0105 \u0142atwo dost\u0119pne.<\/p>\n<p style=\"text-align: left;\"><b>Precyzyjno\u015b\u0107:<\/b>\u00a0Dzi\u0119ki dok\u0142adno\u015bci do 1 g, Twoje ko\u0142a b\u0119d\u0105 perfekcyjnie wywa\u017cone!<\/p>\n<p style=\"text-align: left;\"><b>\u0141atwo\u015b\u0107 obs\u0142ugi:<\/b>\u00a0Intuicyjny panel steruj\u0105cy i wy\u015bwietlacz LED sprawiaj\u0105, \u017ce obs\u0142uga urz\u0105dzenia jest szybka i prosta!<\/p>\n<p style=\"text-align: left;\"><b>Komfort pracy:<\/b>\u00a0Cicha praca urz\u0105dzenia (&lt; 70 dB) zapewnia komfort w ka\u017cdym warsztacie!<\/p>\n<p style=\"text-align: left;\">Wszystkie te funkcje sprawiaj\u0105, \u017ce ta wywa\u017carka jest nie tylko \u0142atwa w obs\u0142udze, ale tak\u017ce wydajna i komfortowa w u\u017cytkowaniu. Dzi\u0119ki nim proces wywa\u017cania staje si\u0119 szybszy, bardziej precyzyjny i mniej uci\u0105\u017cliwy dla operatora.<\/p>\n<\/div>\n<\/div>\n<\/div>\n<\/div>\n<\/div>\n<\/div>\n<\/div>","protected":false},"excerpt":{"rendered":"<h4 style=\"text-align: left;\"><strong>Wywa\u017carka do k\u00f3\u0142 ETGE-901 <\/strong><\/h4>\n<p style=\"text-align: left;\"><strong>Idealny wyb\u00f3r do profesjonalnych warsztat\u00f3w!<\/strong> Wywa\u017carka do K\u00f3\u0142 Osobowych Automatyczna ETGE-901 Wysokiej klasy, nowoczesna wywa\u017carka\u00a0do k\u00f3\u0142 samochod\u00f3w: osobowych, dostawczych, oraz motocykli.<\/p>","protected":false},"featured_media":23397,"comment_status":"open","ping_status":"closed","template":"","meta":[],"product_brand":[],"product_cat":[124,120],"product_tag":[],"class_list":{"0":"post-23411","1":"product","2":"type-product","3":"status-publish","4":"has-post-thumbnail","6":"product_cat-wszystkie-urzadzenia-euro-trade","7":"product_cat-06-wywazarki-do-kol","8":"product_shipping_class-wywazarka-montazownica-solo","10":"first","11":"instock","12":"taxable","13":"shipping-taxable","14":"purchasable","15":"product-type-simple"},"_links":{"self":[{"href":"https:\/\/etge.pl\/de\/wp-json\/wp\/v2\/product\/23411","targetHints":{"allow":["GET"]}}],"collection":[{"href":"https:\/\/etge.pl\/de\/wp-json\/wp\/v2\/product"}],"about":[{"href":"https:\/\/etge.pl\/de\/wp-json\/wp\/v2\/types\/product"}],"replies":[{"embeddable":true,"href":"https:\/\/etge.pl\/de\/wp-json\/wp\/v2\/comments?post=23411"}],"wp:featuredmedia":[{"embeddable":true,"href":"https:\/\/etge.pl\/de\/wp-json\/wp\/v2\/media\/23397"}],"wp:attachment":[{"href":"https:\/\/etge.pl\/de\/wp-json\/wp\/v2\/media?parent=23411"}],"wp:term":[{"taxonomy":"product_brand","embeddable":true,"href":"https:\/\/etge.pl\/de\/wp-json\/wp\/v2\/product_brand?post=23411"},{"taxonomy":"product_cat","embeddable":true,"href":"https:\/\/etge.pl\/de\/wp-json\/wp\/v2\/product_cat?post=23411"},{"taxonomy":"product_tag","embeddable":true,"href":"https:\/\/etge.pl\/de\/wp-json\/wp\/v2\/product_tag?post=23411"}],"curies":[{"name":"wp","href":"https:\/\/api.w.org\/{rel}","templated":true}]}}