{"id":23412,"date":"2025-04-09T15:35:19","date_gmt":"2025-04-09T13:35:19","guid":{"rendered":"https:\/\/etge.pl\/produkt\/podnosnik-samochodowy-dwukolumnowy-etge-tl40\/"},"modified":"2026-02-16T13:05:45","modified_gmt":"2026-02-16T12:05:45","slug":"podnosnik-samochodowy-dwukolumnowy-etge-tl40","status":"publish","type":"product","link":"https:\/\/etge.pl\/de\/produkt\/podnosnik-samochodowy-dwukolumnowy-etge-tl40\/","title":{"rendered":"Podno\u015bnik samochodowy dwukolumnowy ETGE-TL40"},"content":{"rendered":"<h4 style=\"text-align: left;\"><strong>Podno\u015bnik Dwukolumnowy Automatyczny 4T 4000KG WOLNY PRZEJAZD<\/strong><\/h4>\n<h4 style=\"text-align: left;\"><b>Specyfikacja:<\/b><\/h4>\n<ul style=\"text-align: left;\">\n<li>Producent: Euro Trade<\/li>\n<li>ud\u017awig: 4000 kg<\/li>\n<li>wysoko\u015b\u0107 ca\u0142kowita: 3700 mm<\/li>\n<li>wysoko\u015b\u0107 podnoszenia: 1900 mm<\/li>\n<li>szeroko\u015b\u0107 ca\u0142kowita: 3437 mm<\/li>\n<li>odleg\u0142o\u015b\u0107 mi\u0119dzy kolumnami: 2800\u00a0mm<\/li>\n<li>d\u0142ugo\u015b\u0107 ramion kr\u00f3tkich ( rozsuwane &#8222;na 2&#8221; ) : 710 ~ 1050 mm<\/li>\n<li>d\u0142ugo\u015b\u0107 ramion d\u0142ugich ( rozsuwane &#8222;na 2&#8221; ) : 760 ~ 1200 mm<\/li>\n<li>zasilanie: 400 V \/ 50 Hz \/ 3 Ph<\/li>\n<li>typ blokady: elektro-magnetyczna<\/li>\n<\/ul>\n<h4 style=\"text-align: left;\"><b>Informacje dodatkowe:<\/b><\/h4>\n<ul>\n<li>Automatyczne odblokowanie zapadek za pomoc\u0105 elektromagnes\u00f3w<\/li>\n<li>Nap\u0119d elektro-hydrauliczny<\/li>\n<li>Asymetryczne ramiona<\/li>\n<li>Wy\u0142\u0105cznik kra\u0144cowy<\/li>\n<li>Zabezpieczenie przed zmia\u017cd\u017ceniem stopy (wymagane przez UDT).<\/li>\n<li>Pe\u0142na dokumentacja: deklaracja zgodno\u015bci, certyfikat CE, polska instrukcja obs\u0142ugi<\/li>\n<li>Solidna i estetyczna konstrukcja<\/li>\n<li>Wzmocniona pompa hydrauliczna<\/li>\n<li>Lakierowanie proszkowe<\/li>\n<\/ul>\n<h4 style=\"text-align: left;\"><strong>Zastosowanie podno\u015bnika:<\/strong><\/h4>\n<p style=\"text-align: left;\">Tym podno\u015bnikiem mo\u017cna podnie\u015b\u0107 wszystkie samochody, pocz\u0105wszy od Smart&#8217;a ko\u0144cz\u0105c na wi\u0119kszych samochodach osobowych.<\/p>\n<p style=\"text-align: left;\">Mo\u017cna dzi\u0119ki niemu podnie\u015b\u0107 samoch\u00f3d na tak\u0105 wysoko\u015b\u0107\u00a0(wysoko\u015b\u0107 podnoszenia &#8211; 190cm) by swobodnie i bezpiecznie si\u0119 pod nim przemieszcza\u0107.<\/p>\n<p style=\"text-align: left;\">Mocne si\u0142owniki, wzmocnione zapadki bezpiecze\u0144stwa oraz liny synchronizuj\u0105ce dwie kolumny ze sob\u0105, zapewniaj\u0105 pewny sprz\u0119t dla ka\u017cdego mechanika na d\u0142ugie lata.<\/p>\n<h4 style=\"text-align: left;\"><b>Uniwersalno\u015b\u0107 podno\u015bnika:<\/b><\/h4>\n<p style=\"text-align: left;\">Ramiona podno\u015bnika s\u0105 asymetryczne ( przednie s\u0105 d\u0142u\u017csze, natomiast tylne \u0142apy kr\u00f3tsze). Powy\u017csze rozwi\u0105zanie pozwala na stabilne i bezpieczne zachowanie optymalnej r\u00f3wnowagi samochodu podczas podnoszenia. W podno\u015bniku samochodowym zastosowany zosta\u0142 system teleskopowej regulacji ramion &#8211; pozwala to na wygodne i szybsze ustawienie miejsca podparcia samochodu.<\/p>\n<h4 style=\"text-align: left;\"><strong>Prosty panel steruj\u0105cy<\/strong><\/h4>\n<p style=\"text-align: left;\">Panel steruj\u0105cy podno\u015bnika sk\u0142ada si\u0119 z trzech guzik\u00f3w, wy\u0142\u0105cznika awaryjnego oraz diody informuj\u0105cej nas o w\u0142\u0105czonym zasilaniu:<\/p>\n<p style=\"text-align: left;\">1. Czarny (UP) &#8211; unoszenie<\/p>\n<p style=\"text-align: left;\">2. Bia\u0142y (DOWN) &#8211; opuszczanie pojazdu na ziemi\u0119<\/p>\n<p style=\"text-align: left;\">3. \u017b\u00f3\u0142ty (LOCK) &#8211; opuszczanie samochodu do zapadki<\/p>\n<h4 style=\"text-align: left;\"><b>Dokumenty do UDT<\/b><\/h4>\n<p style=\"text-align: left;\">Wszystkie podno\u015bniki oferowane przez nasz\u0105 firm\u0119 spe\u0142niaj\u0105 wymogi dotycz\u0105ce zg\u0142oszenia urz\u0105dzenia w Urz\u0119dzie Dozoru Technicznego.<\/p>\n<ul style=\"text-align: left;\">\n<li>Deklaracja zgodno\u015bci,<\/li>\n<li>Certyfikat CE,<\/li>\n<li>Polska instrukcja obs\u0142ugi<\/li>\n<\/ul>\n<h4 style=\"text-align: left;\"><b>Warunki zabudowy\u00a0podno\u015bnika<\/b><\/h4>\n<p style=\"text-align: left;\">Podno\u015bnik musi by\u0107 instalowany na poziomym, betonowym pod\u0142o\u017cu o grubo\u015bci minimum 250mm I odporno\u015bci \u226530N\/mm2 .<\/p>\n<ul>\n<li style=\"text-align: left;\">Klasa betonu C20\/25 zgodnie z norm\u0105 DIN 1045-2 (kiedy\u015b beton B25 zgodnie z DIN 1045)<\/li>\n<li style=\"text-align: left;\">Pod\u0142o\u017ce musi by\u0107 r\u00f3wne i p\u0142askie (10mm tolerancja spadu)<\/li>\n<li style=\"text-align: left;\">Podno\u015bniki s\u0105 zaprojektowane do u\u017cytkowania wewn\u0105trz pomieszcze\u0144.<\/li>\n<\/ul>","protected":false},"excerpt":{"rendered":"<h4 style=\"text-align: left;\"><strong>Podno\u015bnik samochodowy dwukolumnowy ETGE-TL40\u00a0<\/strong><\/h4>\n<p style=\"text-align: left;\">Tym podno\u015bnikiem mo\u017cna podnie\u015b\u0107 wszystkie samochody, pocz\u0105wszy od Smart&#8217;a ko\u0144cz\u0105c na wi\u0119kszych samochodach osobowych.<\/p>\n<p style=\"text-align: left;\">Mo\u017cna dzi\u0119ki niemu podnie\u015b\u0107 samoch\u00f3d na tak\u0105 wysoko\u015b\u0107\u00a0(wysoko\u015b\u0107 podnoszenia &#8211; 190cm) by swobodnie i bezpiecznie si\u0119 pod nim przemieszcza\u0107.<\/p>\n<p style=\"text-align: left;\">Mocne si\u0142owniki, wzmocnione zapadki bezpiecze\u0144stwa oraz liny synchronizuj\u0105ce dwie kolumny ze sob\u0105, zapewniaj\u0105 pewny sprz\u0119t dla ka\u017cdego mechanika na d\u0142ugie lata.<\/p>","protected":false},"featured_media":23413,"comment_status":"open","ping_status":"closed","template":"","meta":[],"product_brand":[],"product_cat":[125],"product_tag":[],"class_list":{"0":"post-23412","1":"product","2":"type-product","3":"status-publish","4":"has-post-thumbnail","6":"product_cat-02-podnosniki-dwukolumnowe","7":"product_shipping_class-2-kol-4t","9":"first","10":"instock","11":"taxable","12":"shipping-taxable","13":"purchasable","14":"product-type-simple"},"_links":{"self":[{"href":"https:\/\/etge.pl\/de\/wp-json\/wp\/v2\/product\/23412","targetHints":{"allow":["GET"]}}],"collection":[{"href":"https:\/\/etge.pl\/de\/wp-json\/wp\/v2\/product"}],"about":[{"href":"https:\/\/etge.pl\/de\/wp-json\/wp\/v2\/types\/product"}],"replies":[{"embeddable":true,"href":"https:\/\/etge.pl\/de\/wp-json\/wp\/v2\/comments?post=23412"}],"wp:featuredmedia":[{"embeddable":true,"href":"https:\/\/etge.pl\/de\/wp-json\/wp\/v2\/media\/23413"}],"wp:attachment":[{"href":"https:\/\/etge.pl\/de\/wp-json\/wp\/v2\/media?parent=23412"}],"wp:term":[{"taxonomy":"product_brand","embeddable":true,"href":"https:\/\/etge.pl\/de\/wp-json\/wp\/v2\/product_brand?post=23412"},{"taxonomy":"product_cat","embeddable":true,"href":"https:\/\/etge.pl\/de\/wp-json\/wp\/v2\/product_cat?post=23412"},{"taxonomy":"product_tag","embeddable":true,"href":"https:\/\/etge.pl\/de\/wp-json\/wp\/v2\/product_tag?post=23412"}],"curies":[{"name":"wp","href":"https:\/\/api.w.org\/{rel}","templated":true}]}}