{"id":23458,"date":"2025-04-09T15:40:17","date_gmt":"2025-04-09T13:40:17","guid":{"rendered":"https:\/\/etge.pl\/produkt\/wywazarka-do-kol-euro-trade-cb-850\/"},"modified":"2026-04-07T08:31:48","modified_gmt":"2026-04-07T06:31:48","slug":"wywazarka-do-kol-euro-trade-cb-850","status":"publish","type":"product","link":"https:\/\/etge.pl\/de\/produkt\/wywazarka-do-kol-euro-trade-cb-850\/","title":{"rendered":"Wywa\u017carka do k\u00f3\u0142 Euro Trade CB-850"},"content":{"rendered":"<div class=\"WAZqE7 QfrfFD cell\">\n<section class=\"Va_ZoC\" data-hook=\"description-wrapper\">\n<div class=\"LvOu6J\">\n<div class=\"vaI0UH undefined\" data-hook=\"content-wrapper\">\n<h4 style=\"text-align: left;\"><strong>Wywa\u017carka do k\u00f3\u0142 opon Euro Trade CB-850<\/strong><\/h4>\n<p style=\"text-align: left;\">Wysokiej klasy, nowoczesna automatyczna wywa\u017carka\u00a0do k\u00f3\u0142 samochod\u00f3w: osobowych, dostawczych, oraz motocykli.<\/p>\n<p style=\"text-align: left;\">Charakteryzuje si\u0119\u00a0bardzo dobr\u0105 jako\u015bci\u0105 wykonania, solidn\u0105 konstrukcj\u0105, bardzo bogatym zakresem tryb\u00f3w wywa\u017cania a co\u00a0najwa\u017cniejsze dok\u0142adno\u015bci\u0105 pomiar\u00f3w.<\/p>\n<p><strong>Specyfikacja:<\/strong><\/p>\n<ul style=\"text-align: left;\">\n<li>Zasilanie: 230V<\/li>\n<li>Moc silnika: 250 Wat<\/li>\n<li>Maksymalna waga ko\u0142a: 65 kg<\/li>\n<li>Szeroko\u015b\u0107 ko\u0142a: 1,5\u201d &#8211; 20\u201d<\/li>\n<li>\u015arednica ko\u0142a: 10\u201d-24\u201d<\/li>\n<li>Dok\u0142adno\u015b\u0107 : 1 g<\/li>\n<li>Czas pomiaru: 6-9s<\/li>\n<li>Poziom ha\u0142asu: &lt; 70dB<\/li>\n<li>Certyfikat CE<\/li>\n<\/ul>\n<h4 style=\"text-align: left;\"><strong>Wywa\u017carka Euro Trade CB-850:<\/strong><\/h4>\n<ul style=\"text-align: left;\">\n<li>sto\u017cek centruj\u0105cy do wywa\u017cania k\u00f3\u0142 samochod\u00f3w dostawczych\/bus\u00f3w<\/li>\n<li>wy\u015bwietlacz<\/li>\n<li>wa\u0142ek na kt\u00f3rym mocowane jest ko\u0142o<\/li>\n<li>klawiatura steruj\u0105ca<\/li>\n<li>hamulec no\u017cny<\/li>\n<li>rami\u0119 pomiarowe<\/li>\n<li>wieszaki<\/li>\n<li>w\u0142\u0105cznik \/ wy\u0142\u0105cznik maszyny<\/li>\n<\/ul>\n<h4 style=\"text-align: left;\"><strong>Wywa\u017carka zawiera:<\/strong><\/h4>\n<ul>\n<li style=\"text-align: left;\">ZESTAW DO WYWA\u017bANIA BUS\u00d3W<\/li>\n<li style=\"text-align: left;\">sto\u017cki centruj\u0105ce ko\u0142o<\/li>\n<li style=\"text-align: left;\">\u015bruba szybkomocuj\u0105ca<\/li>\n<li style=\"text-align: left;\">spr\u0119\u017cyna<\/li>\n<li style=\"text-align: left;\">m\u0142otko-szczypce<\/li>\n<li style=\"text-align: left;\">ci\u0119\u017carek 100G do kalibracji wywa\u017carki<\/li>\n<\/ul>\n<\/div>\n<\/div>\n<\/section>\n<\/div>","protected":false},"excerpt":{"rendered":"<h3 style=\"text-align: left;\"><strong>Wywa\u017carka do k\u00f3\u0142 opon Euro Trade CB-850<\/strong><\/h3>\n<p style=\"text-align: left;\">Wysokiej klasy, nowoczesna automatyczna wywa\u017carka\u00a0do k\u00f3\u0142 samochod\u00f3w: osobowych, dostawczych, oraz motocykli.<\/p>\n<p style=\"text-align: left;\">Charakteryzuje si\u0119\u00a0bardzo dobr\u0105 jako\u015bci\u0105 wykonania, solidn\u0105 konstrukcj\u0105, bardzo bogatym zakresem tryb\u00f3w wywa\u017cania a co\u00a0najwa\u017cniejsze dok\u0142adno\u015bci\u0105 pomiar\u00f3w.<\/p>","protected":false},"featured_media":23459,"comment_status":"open","ping_status":"closed","template":"","meta":[],"product_brand":[],"product_cat":[124,120],"product_tag":[],"class_list":{"0":"post-23458","1":"product","2":"type-product","3":"status-publish","4":"has-post-thumbnail","6":"product_cat-wszystkie-urzadzenia-euro-trade","7":"product_cat-06-wywazarki-do-kol","8":"product_shipping_class-wywazarka-montazownica-solo","10":"first","11":"instock","12":"taxable","13":"shipping-taxable","14":"purchasable","15":"product-type-simple"},"_links":{"self":[{"href":"https:\/\/etge.pl\/de\/wp-json\/wp\/v2\/product\/23458","targetHints":{"allow":["GET"]}}],"collection":[{"href":"https:\/\/etge.pl\/de\/wp-json\/wp\/v2\/product"}],"about":[{"href":"https:\/\/etge.pl\/de\/wp-json\/wp\/v2\/types\/product"}],"replies":[{"embeddable":true,"href":"https:\/\/etge.pl\/de\/wp-json\/wp\/v2\/comments?post=23458"}],"wp:featuredmedia":[{"embeddable":true,"href":"https:\/\/etge.pl\/de\/wp-json\/wp\/v2\/media\/23459"}],"wp:attachment":[{"href":"https:\/\/etge.pl\/de\/wp-json\/wp\/v2\/media?parent=23458"}],"wp:term":[{"taxonomy":"product_brand","embeddable":true,"href":"https:\/\/etge.pl\/de\/wp-json\/wp\/v2\/product_brand?post=23458"},{"taxonomy":"product_cat","embeddable":true,"href":"https:\/\/etge.pl\/de\/wp-json\/wp\/v2\/product_cat?post=23458"},{"taxonomy":"product_tag","embeddable":true,"href":"https:\/\/etge.pl\/de\/wp-json\/wp\/v2\/product_tag?post=23458"}],"curies":[{"name":"wp","href":"https:\/\/api.w.org\/{rel}","templated":true}]}}