{"id":23365,"date":"2025-04-09T15:35:19","date_gmt":"2025-04-09T13:35:19","guid":{"rendered":"https:\/\/etge.pl\/produkt\/podnosnik-czterokolumnowy-euro-trade-etge-sdw50-z-podnosnikiem-osi\/"},"modified":"2025-09-24T15:25:56","modified_gmt":"2025-09-24T13:25:56","slug":"podnosnik-czterokolumnowy-euro-trade-etge-sdw50-z-podnosnikiem-osi","status":"publish","type":"product","link":"https:\/\/etge.pl\/en\/product\/podnosnik-czterokolumnowy-euro-trade-etge-sdw50-z-podnosnikiem-osi\/","title":{"rendered":"Podno\u015bnik czterokolumnowy Euro Trade ETGE-SDW50 z podno\u015bnikiem osi"},"content":{"rendered":"<div class=\"mp4t_16_s mryx_16_s mr3m_1 mli2_1 mh85_56 mh85_0_l\">\n<div class=\"mgn2_16 _0d3bd_am0a-\">\n<h4 style=\"text-align: left;\"><strong>Podno\u015bnik Czterokolumnowy Naposadzkowy 5000KG ETGE-SDW50<\/strong><\/h4>\n<p style=\"text-align: left;\">Podno\u015bnik czterokolumnowy przeznaczony do monta\u017cu na posadzce, o ud\u017awigu 5000 kg.<\/p>\n<p style=\"text-align: left;\">Jest przystosowany do pomiaru geometrii, wyposa\u017cony w miejsca pod obrotnice oraz p\u0142yty rozpr\u0119\u017cne.<\/p>\n<p style=\"text-align: left;\"><b>Podno\u015bnik osi w zestawie.<\/b><\/p>\n<h4 style=\"text-align: left;\">Specyfikacja:<\/h4>\n<ul style=\"text-align: left;\">\n<li>Producent: Euro Trade<\/li>\n<li>Ud\u017awig: 5000 kg<\/li>\n<li>Zasilanie: 400V\/50Hz<\/li>\n<li>Moc silnika: 2,2 kW<\/li>\n<li>Wysoko\u015b\u0107 ca\u0142kowita: 2204 mm<\/li>\n<li>Wysoko\u015b\u0107 podnoszenia: 1800 mm<\/li>\n<li>Prze\u015bwit: 3000 mm<\/li>\n<li>Wymiary platformy: 510 x 5492 mm<\/li>\n<li>Poziom ha\u0142asu: &lt; 70 dB (A)<\/li>\n<li>Waga: 1500 kg<\/li>\n<\/ul>\n<h4 style=\"text-align: left;\">Dodatkowo wraz z podno\u015bnikiem czterokolumnowym:<\/h4>\n<ul style=\"text-align: left;\">\n<li>Podno\u015bnik osi<\/li>\n<\/ul>\n<div class=\"mp4t_16_s mryx_16_s mr3m_1 mli2_1 mh85_56 mh85_0_l\">\n<div class=\"mgn2_16 _0d3bd_am0a-\">\n<h4 style=\"text-align: left;\">Dlaczego warto rozwa\u017cy\u0107 zakup tego podno\u015bnika?<\/h4>\n<p style=\"text-align: left;\">W cenie podno\u015bnika dostaj\u0105 Pa\u0144stwo solidn\u0105 konstrukcj\u0119 podno\u015bnika wraz z zestawem do jej przemieszczania. Dodatkowo podno\u015bnik zosta\u0142 wyposa\u017cony w dedykowany podno\u015bnik osi kt\u00f3ry przyda si\u0119 przy nie jednej naprawie samochodu.<\/p>\n<p style=\"text-align: left;\">Podno\u015bnik dzi\u0119ki swojej prostej budowie jest niezawodnym narz\u0119dziem dla ka\u017cdego\u00a0 profesjonalisty jak i domoros\u0142ego majsterkowicza.<\/p>\n<h4 style=\"text-align: left;\">Bezpiecze\u0144stwo przede wszystkim !<\/h4>\n<p style=\"text-align: left;\">Podno\u015bnik zosta\u0142 wyposa\u017cony w podw\u00f3jny system blokad bezpiecze\u0144stwa, tylne ograniczniki k\u00f3\u0142 oraz posiada wszelkie dokumenty CE a co najwa\u017cniejsze sterowanie odbywa si\u0119 bezpiecznym napi\u0119ciem 24V<\/p>\n<\/div>\n<\/div>\n<\/div>\n<\/div>","protected":false},"excerpt":{"rendered":"<h4 style=\"text-align: left;\"><strong>Podno\u015bnik czterokolumnowy Euro Trade ETGE-SDW50 z podno\u015bnikiem osi\u00a0<\/strong><\/h4>\n<p style=\"text-align: left;\">Podno\u015bnik Czterokolumnowy Naposadzkowy 5000KG ETGE-SDW50 Podno\u015bnik czterokolumnowy przeznaczony do monta\u017cu na posadzce, o ud\u017awigu 5000 kg.<\/p>","protected":false},"featured_media":23366,"comment_status":"open","ping_status":"closed","template":"","meta":[],"product_brand":[],"product_cat":[126],"product_tag":[],"class_list":{"0":"post-23365","1":"product","2":"type-product","3":"status-publish","4":"has-post-thumbnail","6":"product_cat-03-podnosniki-czterokolumnowe","7":"product_shipping_class-4-kol-duze","9":"first","10":"instock","11":"taxable","12":"shipping-taxable","13":"purchasable","14":"product-type-simple"},"_links":{"self":[{"href":"https:\/\/etge.pl\/en\/wp-json\/wp\/v2\/product\/23365","targetHints":{"allow":["GET"]}}],"collection":[{"href":"https:\/\/etge.pl\/en\/wp-json\/wp\/v2\/product"}],"about":[{"href":"https:\/\/etge.pl\/en\/wp-json\/wp\/v2\/types\/product"}],"replies":[{"embeddable":true,"href":"https:\/\/etge.pl\/en\/wp-json\/wp\/v2\/comments?post=23365"}],"wp:featuredmedia":[{"embeddable":true,"href":"https:\/\/etge.pl\/en\/wp-json\/wp\/v2\/media\/23366"}],"wp:attachment":[{"href":"https:\/\/etge.pl\/en\/wp-json\/wp\/v2\/media?parent=23365"}],"wp:term":[{"taxonomy":"product_brand","embeddable":true,"href":"https:\/\/etge.pl\/en\/wp-json\/wp\/v2\/product_brand?post=23365"},{"taxonomy":"product_cat","embeddable":true,"href":"https:\/\/etge.pl\/en\/wp-json\/wp\/v2\/product_cat?post=23365"},{"taxonomy":"product_tag","embeddable":true,"href":"https:\/\/etge.pl\/en\/wp-json\/wp\/v2\/product_tag?post=23365"}],"curies":[{"name":"wp","href":"https:\/\/api.w.org\/{rel}","templated":true}]}}