{"id":23399,"date":"2025-04-09T15:35:19","date_gmt":"2025-04-09T13:35:19","guid":{"rendered":"https:\/\/etge.pl\/produkt\/montazownica-do-opon-etge-530l-ramie-dp30-wywazarka-do-kol-etge905\/"},"modified":"2026-02-18T11:48:54","modified_gmt":"2026-02-18T10:48:54","slug":"montazownica-do-opon-etge-530l-ramie-dp30-wywazarka-do-kol-etge905","status":"publish","type":"product","link":"https:\/\/etge.pl\/en\/product\/montazownica-do-opon-etge-530l-ramie-dp30-wywazarka-do-kol-etge905\/","title":{"rendered":"Monta\u017cownica do opon ETGE 530L+ Rami\u0119 DP30 +Wywa\u017carka do k\u00f3\u0142 ETGE905"},"content":{"rendered":"<div class=\"mpof_ki myre_zn myre_8v_l m389_6m_l\">\n<div class=\"mp4t_16_s mryx_16_s mr3m_1 mli2_1 mh85_56 mh85_0_l\">\n<div class=\"mgn2_16 _0d3bd_am0a-\">\n<h4 style=\"text-align: left;\">Zestaw Monta\u017cownica ETGE-530L Rami\u0119 3D1 RunFlat Wywa\u017carka do opon ETGE-905 Laser<\/h4>\n<p style=\"text-align: left;\">\n<\/div>\n<\/div>\n<\/div>\n<div class=\"mpof_ki myre_zn myre_8v_l m389_6m_l\" style=\"text-align: left;\">\n<div class=\"mp4t_16_s mryx_16_s mr3m_1 mli2_1 mh85_56 mh85_0_l\">\n<div class=\"mgn2_16 _0d3bd_am0a-\">\n<p><b>Kompletny zestaw do wulkanizacji<\/b>\u00a0\u2013 idealny do serwis\u00f3w wymiany opon i warsztat\u00f3w samochodowych.<\/p>\n<p><b>Obs\u0142uga k\u00f3\u0142 samochod\u00f3w osobowych i dostawczych<\/b>\u00a0\u2013 kompatybilno\u015b\u0107 z szerokim zakresem felg.<\/p>\n<p><b>Wysoka jako\u015b\u0107 wykonania<\/b>\u00a0\u2013 solidna konstrukcja zapewnia d\u0142ugotrwa\u0142\u0105, bezawaryjn\u0105 prac\u0119.<\/p>\n<p><b>Dodatkowe akcesoria w zestawie<\/b>: pojemnik na past\u0119, \u0142y\u017cka, cyrkiel, m\u0142otko-szczypce, \u015bruba mocuj\u0105ca, zestaw sto\u017ck\u00f3w.<\/p>\n<\/div>\n<\/div>\n<\/div>\n<div class=\"mpof_ki myre_zn myre_8v_l m389_6m_l\" style=\"text-align: left;\">\n<div class=\"mp4t_16_s mryx_16_s mr3m_1 mli2_1 mh85_56 mh85_0_l\">\n<div class=\"mg9e_8 mj7a_8 mg9e_0_s mvrt_0_s mj7a_0_s mh36_0_s mzmg_6m munh_16_l m3h2_16_l\">\n<div class=\"mp4t_0 mryx_0 munh_56 m3h2_56\">\n<div class=\"mp7g_oh\"><\/div>\n<\/div>\n<\/div>\n<\/div>\n<div class=\"mp4t_16_s mryx_16_s mr3m_1 mli2_1 mh85_56 mh85_0_l\">\n<div class=\"mgn2_16 _0d3bd_am0a-\">\n<h4>Monta\u017cownica Opon ETGE-530L + DP30<\/h4>\n<p><b>Specyfikacja:<\/b><b>&#8211; Zasilanie<\/b>: 380V<\/p>\n<p><b>&#8211; Moc silnika<\/b>: 2.2 kW<\/p>\n<p><b>&#8211; Zasilanie pneumatyczne<\/b>: 8-10 Bar<\/p>\n<p><b>&#8211; Zakres felg (wewn\u0119trzne mocowanie)<\/b>: 10&#8243; &#8211; 24&#8243;<\/p>\n<p><b>&#8211; Zakres felg (zewn\u0119trzne mocowanie)<\/b>: 12&#8243; &#8211; 28&#8243;<\/p>\n<p><b>&#8211; Moc zbijaka<\/b>: 2700 kg<\/p>\n<p><b>&#8211; Maksymalna \u015brednica ko\u0142a<\/b>: 1150 mm<\/p>\n<p><b>&#8211; Maksymalna szeroko\u015b\u0107 ko\u0142a<\/b>: 15&#8243;<\/p>\n<p><b>&#8211; Poziom ha\u0142asu<\/b>: &lt;70 dB<\/p>\n<p>&nbsp;<\/p>\n<\/div>\n<\/div>\n<\/div>\n<div class=\"mpof_ki myre_zn myre_8v_l m389_6m_l\" style=\"text-align: left;\">\n<div class=\"mp4t_16_s mryx_16_s mr3m_1 mli2_1 mh85_56 mh85_0_l\">\n<div class=\"mgn2_16 _0d3bd_am0a-\">\n<h4>Dodatkowe informacje:<\/h4>\n<ul>\n<li><b>Monta\u017cownica do opon \u00a0ETGE-530L<\/b>\u00a0jest przystosowana do\u00a0profesjonalnego zastosowania\u00a0w serwisach wymiany opon.<\/li>\n<li><b>Maszyna posiada rozbudowane rami\u0119 pomocnicze Run Flat<\/b>\u00a0ze sterowaniem pneumatycznym (g\u00f3ra-d\u00f3\u0142)<\/li>\n<li><b>St\u00f3\u0142 monta\u017cowy<\/b>\u00a0(z obrotami prawo\/lewo) z systemem\u00a0samocentruj\u0105cych szcz\u0119k<\/li>\n<li><b>Stopka wraz z systemem blokowania<\/b><\/li>\n<li><b>Panel steruj\u0105cy<\/b>\u00a0(podnoszeniem i opuszczaniem) ramieniem\u00a0DP30<\/li>\n<li><b>Odwadniacz + naolejacz\u00a0<\/b>wraz z\u00a0pistoletem do pompowania opon<\/li>\n<li><b>Peda\u0142y steruj\u0105ce\u00a0<\/b>(\u00a0od lewej : odchylanie g\u0142\u00f3wnego ramienia ze stopk\u0105 monta\u017cow\u0105, sterowanie otwarciem\/zamkni\u0119ciem si\u0119 szcz\u0119k , sterowanie zbijakiem , sterowanie sto\u0142em obrotowym)<\/li>\n<li><b>Zbijak o maksymalnym\u00a0nacisku 2700KG<\/b><\/li>\n<li><b>Rami\u0119 pomocnicze\u00a0Run Flat DP30<\/b><\/li>\n<\/ul>\n<\/div>\n<\/div>\n<div class=\"mp4t_16_s mryx_16_s mr3m_1 mli2_1 mh85_56 mh85_0_l\">\n<div class=\"mg9e_8 mj7a_8 mg9e_0_s mvrt_0_s mj7a_0_s mh36_0_s mzmg_6m munh_16_l m3h2_16_l\">\n<div class=\"mp4t_0 mryx_0 munh_56 m3h2_56\">\n<div class=\"mp7g_oh\"><\/div>\n<\/div>\n<\/div>\n<\/div>\n<\/div>\n<div class=\"mpof_ki myre_zn myre_8v_l m389_6m_l\" style=\"text-align: left;\">\n<div class=\"mp4t_16_s mryx_16_s mr3m_1 mli2_1 mh85_56 mh85_0_l\">\n<div class=\"mgn2_16 _0d3bd_am0a-\">\n<h4>Monta\u017cownica zawiera:<\/h4>\n<ul>\n<li>\u0141y\u017cka\u00a0monta\u017cowa<\/li>\n<li>Pistolet\u00a0do pompowania opon<\/li>\n<li>Pojemnik na past\u0119<\/li>\n<\/ul>\n<\/div>\n<\/div>\n<div class=\"mp4t_16_s mryx_16_s mr3m_1 mli2_1 mh85_56 mh85_0_l\">\n<div class=\"mg9e_8 mj7a_8 mg9e_0_s mvrt_0_s mj7a_0_s mh36_0_s mzmg_6m munh_16_l m3h2_16_l\">\n<div class=\"mp4t_0 mryx_0 munh_56 m3h2_56\">\n<div class=\"mp7g_oh\"><\/div>\n<\/div>\n<\/div>\n<\/div>\n<\/div>\n<div class=\"mpof_ki myre_zn myre_8v_l m389_6m_l\" style=\"text-align: left;\">\n<div class=\"mp4t_16_s mryx_16_s mr3m_1 mli2_1 mh85_56 mh85_0_l\">\n<div class=\"mg9e_8 mj7a_8 mg9e_0_s mvrt_0_s mj7a_0_s mh36_0_s mzmg_6m munh_16_l m3h2_16_l\">\n<div class=\"mp4t_0 mryx_0 munh_56 m3h2_56\">\n<div class=\"mp7g_oh\"><\/div>\n<\/div>\n<\/div>\n<\/div>\n<div class=\"mp4t_16_s mryx_16_s mr3m_1 mli2_1 mh85_56 mh85_0_l\">\n<div class=\"mgn2_16 _0d3bd_am0a-\">\n<h4>Dlaczego warto zainteresowa\u0107 si\u0119 monta\u017cownic\u0105 ETGE 530L z ramieniem DP30?<\/h4>\n<ul>\n<li>Posiada system\u00a04-samocentruj\u0105cych szcz\u0119k, obroty sto\u0142u prawo\/lewo.<\/li>\n<li>Rami\u0119 g\u0142\u00f3wne\u00a0odchyla si\u0119 i w ty\u0142\u00a0i powraca do pozycji roboczej za pomoc\u0105 pneumatycznego si\u0142ownika poprzez naci\u015bniecie peda\u0142u.<\/li>\n<li>Operator, przyk\u0142ada stopk\u0119 do rantu felgi, \u00a0po naci\u015bni\u0119ciu przycisku pneumatycznego blokowania, stopka\u00a0automatyczne\u00a0unosi si\u0119 i blokuje kilka milimetr\u00f3w nad rantem felgi\u00a0nie uszkadzaj\u0105c jej w procesie zak\u0142adania opony.<\/li>\n<\/ul>\n<p>&nbsp;<\/p>\n<\/div>\n<\/div>\n<\/div>\n<div class=\"mpof_ki myre_zn myre_8v_l m389_6m_l\" style=\"text-align: left;\">\n<div class=\"mp4t_16_s mryx_16_s mr3m_1 mli2_1 mh85_56 mh85_0_l\">\n<div class=\"mgn2_16 _0d3bd_am0a-\">\n<h4>Jako\u015b\u0107 wykonania monta\u017cownicy:<\/h4>\n<p><b>Monta\u017cownica ETGE-530L z ramieniem DP30 <\/b>to wysokiej jako\u015bci monta\u017cownica do k\u00f3\u0142 oparta o najlepsze komponenty &#8211;<b> jako\u015b\u0107 wykonania monta\u017cownicy<\/b> sprawa, \u017ce maszyna <b>b\u0119dzie bezawaryjnie s\u0142u\u017cy\u0107 przez d\u0142ugi czas.<\/b><\/p>\n<\/div>\n<\/div>\n<div class=\"mp4t_16_s mryx_16_s mr3m_1 mli2_1 mh85_56 mh85_0_l\">\n<div class=\"mg9e_8 mj7a_8 mg9e_0_s mvrt_0_s mj7a_0_s mh36_0_s mzmg_6m munh_16_l m3h2_16_l\">\n<div class=\"mp4t_0 mryx_0 munh_56 m3h2_56\">\n<div class=\"mp7g_oh\"><\/div>\n<\/div>\n<\/div>\n<\/div>\n<\/div>\n<div class=\"mpof_ki myre_zn myre_8v_l m389_6m_l\" style=\"text-align: left;\">\n<div class=\"mp4t_16_s mryx_16_s mr3m_1 mli2_1 mh85_56 mh85_0_l\">\n<div class=\"mg9e_8 mj7a_8 mg9e_0_s mvrt_0_s mj7a_0_s mh36_0_s mzmg_6m munh_16_l m3h2_16_l\">\n<div class=\"mp4t_0 mryx_0 munh_56 m3h2_56\">\n<div class=\"mp7g_oh\"><\/div>\n<\/div>\n<\/div>\n<\/div>\n<div class=\"mp4t_16_s mryx_16_s mr3m_1 mli2_1 mh85_56 mh85_0_l\">\n<div class=\"mgn2_16 _0d3bd_am0a-\">\n<h4>Wywa\u017carka do k\u00f3\u0142 ETGE-905<\/h4>\n<h4>Wywa\u017carka do K\u00f3\u0142 Osobowych Automatyczna z Laserem ETGE-905<\/h4>\n<p>Wysokiej klasy, nowoczesna wywa\u017carka do k\u00f3\u0142 samochod\u00f3w: osobowych, dostawczych, oraz motocykli. Charakteryzuje si\u0119 bardzo dobr\u0105 jako\u015bci\u0105 wykonania, solidn\u0105 konstrukcj\u0105, oraz bardzo bogatym zakresem tryb\u00f3w wywa\u017cania.<\/p>\n<\/div>\n<\/div>\n<\/div>\n<div class=\"mpof_ki myre_zn myre_8v_l m389_6m_l\" style=\"text-align: left;\">\n<div class=\"mp4t_16_s mryx_16_s mr3m_1 mli2_1 mh85_56 mh85_0_l\">\n<div class=\"mg9e_8 mj7a_8 mg9e_0_s mvrt_0_s mj7a_0_s mh36_0_s mzmg_6m munh_16_l m3h2_16_l\">\n<div class=\"mp4t_0 mryx_0 munh_56 m3h2_56\">\n<div class=\"mp7g_oh\"><\/div>\n<\/div>\n<\/div>\n<\/div>\n<div class=\"mp4t_16_s mryx_16_s mr3m_1 mli2_1 mh85_56 mh85_0_l\">\n<div class=\"mgn2_16 _0d3bd_am0a-\">\n<h4>Specyfikacja:<\/h4>\n<p><b>&#8211; Zasilanie<\/b>: 230V<\/p>\n<p><b>&#8211; Moc silnika<\/b>: 250W<\/p>\n<p>&#8211; <b>Maksymalna waga ko\u0142a<\/b>: 70 kg<\/p>\n<p>&#8211; <b>Szeroko\u015b\u0107 ko\u0142a<\/b>: 1,5&#8243; &#8211; 20&#8243;<\/p>\n<p>&#8211; <b>\u015arednica ko\u0142a<\/b>: 10&#8243; &#8211; 28&#8243;<\/p>\n<p>&#8211; <b>Dok\u0142adno\u015b\u0107<\/b>: 1 g<\/p>\n<p>&#8211; <b>Czas pomiaru<\/b>: 8 s<\/p>\n<p>&#8211; <b>Poziom ha\u0142asu<\/b>: &lt;70 dB<\/p>\n<p>&#8211; <b>Certyfikat CE<\/b><\/p>\n<p>&nbsp;<\/p>\n<\/div>\n<\/div>\n<\/div>\n<div class=\"mpof_ki myre_zn myre_8v_l m389_6m_l\" style=\"text-align: left;\">\n<div class=\"mp4t_16_s mryx_16_s mr3m_1 mli2_1 mh85_56 mh85_0_l\">\n<div class=\"mgn2_16 _0d3bd_am0a-\">\n<h4>Tryby pracy wywa\u017carki ETGE-905 :<\/h4>\n<p>&#8211; <b>Statyczne i dynamiczne<\/b><\/p>\n<p>&#8211; <b>Tryb dla felg stalowych i aluminiowych<\/b>\u00a0(ci\u0119\u017carki klejone, nabijane, ukrywane za ramionami felgi)<\/p>\n<p>&#8211; <b>Tryb dla felg motocyklowych<\/b><\/p>\n<p><b>&#8211; Alu S \u2013 optymalizacja niewywa\u017cenia<\/b><\/p>\n<\/div>\n<\/div>\n<div class=\"mp4t_16_s mryx_16_s mr3m_1 mli2_1 mh85_56 mh85_0_l\">\n<div class=\"mg9e_8 mj7a_8 mg9e_0_s mvrt_0_s mj7a_0_s mh36_0_s mzmg_6m munh_16_l m3h2_16_l\">\n<div class=\"mp4t_0 mryx_0 munh_56 m3h2_56\">\n<div class=\"mp7g_oh\"><\/div>\n<\/div>\n<\/div>\n<\/div>\n<\/div>\n<div class=\"mpof_ki myre_zn myre_8v_l m389_6m_l\" style=\"text-align: left;\">\n<div class=\"mp4t_16_s mryx_16_s mr3m_1 mli2_1 mh85_56 mh85_0_l\">\n<div class=\"mgn2_16 _0d3bd_am0a-\">\n<h4>Tryby pracy wywa\u017carki ETGE-905 :<\/h4>\n<p>&#8211; <b>Statyczne i dynamiczne<\/b><\/p>\n<p>&#8211; <b>Tryb dla felg stalowych i aluminiowych<\/b>\u00a0(ci\u0119\u017carki klejone, nabijane, ukrywane za ramionami felgi)<\/p>\n<p>&#8211; <b>Tryb dla felg motocyklowych<\/b><\/p>\n<p>&#8211; <b>Alu S \u2013 optymalizacja niewywa\u017cenia<\/b><\/p>\n<\/div>\n<\/div>\n<div class=\"mp4t_16_s mryx_16_s mr3m_1 mli2_1 mh85_56 mh85_0_l\">\n<div class=\"mg9e_8 mj7a_8 mg9e_0_s mvrt_0_s mj7a_0_s mh36_0_s mzmg_6m munh_16_l m3h2_16_l\">\n<div class=\"mp4t_0 mryx_0 munh_56 m3h2_56\">\n<div class=\"mp7g_oh\"><\/div>\n<\/div>\n<\/div>\n<\/div>\n<\/div>\n<div class=\"mpof_ki myre_zn myre_8v_l m389_6m_l\" style=\"text-align: left;\">\n<div class=\"mp4t_16_s mryx_16_s mr3m_1 mli2_1 mh85_56 mh85_0_l\">\n<div class=\"mg9e_8 mj7a_8 mg9e_0_s mvrt_0_s mj7a_0_s mh36_0_s mzmg_6m munh_16_l m3h2_16_l\">\n<div class=\"mp4t_0 mryx_0 munh_56 m3h2_56\">\n<div class=\"mp7g_oh\"><\/div>\n<\/div>\n<\/div>\n<\/div>\n<div class=\"mp4t_16_s mryx_16_s mr3m_1 mli2_1 mh85_56 mh85_0_l\">\n<div class=\"mgn2_16 _0d3bd_am0a-\">\n<h4>Dlaczego ta wywa\u017carka ?<\/h4>\n<ul>\n<li><b>Intuicyjny wy\u015bwietlacz z przyciskami steruj\u0105cymi wywa\u017cark\u0105<\/b> &#8211; Dzi\u0119ki temu wy\u015bwietlaczowi u\u017cytkownik mo\u017ce \u0142atwo i szybko dostosowa\u0107 ustawienia wywa\u017carki do konkretnych wymaga\u0144. To zwi\u0119ksza precyzj\u0119 i efektywno\u015b\u0107 procesu wywa\u017cania.<\/li>\n<li><b>Praktyczny schowek na ci\u0119\u017carki &#8211;<\/b> To udogodnienie pomaga w utrzymaniu porz\u0105dku i organizacji w miejscu pracy. U\u017cytkownik ma \u0142atwy dost\u0119p do ci\u0119\u017cark\u00f3w, co przyspiesza proces wywa\u017cania i minimalizuje straty czasu.<\/li>\n<li><b>Mocny i wytrzyma\u0142y wa\u0142ek do monta\u017cu ko\u0142a<\/b> &#8211; Ten element odgrywa kluczow\u0105 rol\u0119 w procesie monta\u017cu ko\u0142a na urz\u0105dzeniu. Jego wysoka jako\u015b\u0107 i wytrzyma\u0142o\u015b\u0107 gwarantuj\u0105, \u017ce wa\u0142ek wytrzyma du\u017ce obci\u0105\u017cenia i b\u0119dzie s\u0142u\u017cy\u0142 przez d\u0142ugi czas.<\/li>\n<li><b>Dodatkowy schowek z boku maszyny &#8211;<\/b> Dodatkowy schowek to praktyczne rozwi\u0105zanie, kt\u00f3re umo\u017cliwia przechowywanie dodatkowych narz\u0119dzi lub akcesori\u00f3w niezb\u0119dnych w procesie wywa\u017cania. To zwi\u0119ksza efektywno\u015b\u0107 pracy, poniewa\u017c wszystkie niezb\u0119dne elementy s\u0105 \u0142atwo dost\u0119pne.<\/li>\n<\/ul>\n<p>Wszystkie te funkcje sprawiaj\u0105, \u017ce ta wywa\u017carka jest nie tylko \u0142atwa w obs\u0142udze, ale tak\u017ce wydajna i komfortowa w u\u017cytkowaniu. Dzi\u0119ki nim proces wywa\u017cania staje si\u0119 szybszy, bardziej precyzyjny i mniej uci\u0105\u017cliwy dla operatora.<\/p>\n<\/div>\n<\/div>\n<\/div>\n<div class=\"mpof_ki myre_zn myre_8v_l m389_6m_l\" style=\"text-align: left;\">\n<div class=\"mp4t_16_s mryx_16_s mr3m_1 mli2_1 mh85_56 mh85_0_l\">\n<div class=\"mgn2_16 _0d3bd_am0a-\">\n<h4>W zestawie z monta\u017cownic\u0105 znajduj\u0105 si\u0119 :<\/h4>\n<ul>\n<li>Sto\u017cki centruj\u0105ce,<\/li>\n<li>M\u0142otko-szczypce do monta\u017cu i demonta\u017cu ci\u0119\u017cark\u00f3w,<\/li>\n<li>Cyrkiel<\/li>\n<\/ul>\n<\/div>\n<\/div>\n<div class=\"mp4t_16_s mryx_16_s mr3m_1 mli2_1 mh85_56 mh85_0_l\">\n<div class=\"mg9e_8 mj7a_8 mg9e_0_s mvrt_0_s mj7a_0_s mh36_0_s mzmg_6m munh_16_l m3h2_16_l\">\n<div class=\"mp4t_0 mryx_0 munh_56 m3h2_56\">\n<div class=\"mp7g_oh\"><\/div>\n<\/div>\n<\/div>\n<\/div>\n<\/div>\n<div class=\"mpof_ki myre_zn myre_8v_l m389_6m_l\">\n<div class=\"mp4t_16_s mryx_16_s mr3m_1 mli2_1 mh85_56 mh85_0_l\">\n<div class=\"mgn2_16 _0d3bd_am0a-\">\n<h4 style=\"text-align: left;\">Dlaczego warto wybra\u0107 ten zestaw?<\/h4>\n<p style=\"text-align: left;\"><b>Kompleksowe rozwi\u0105zanie<\/b>\u00a0\u2013 monta\u017cownica i wywa\u017carka w jednym zestawie<\/p>\n<p style=\"text-align: left;\"><b>Zaawansowana technologia<\/b>\u00a0\u2013 automatyczne funkcje dla precyzyjnej obs\u0142ugi<\/p>\n<p style=\"text-align: left;\"><b>Trwa\u0142a i solidna konstrukcja<\/b>\u00a0\u2013 d\u0142ugowieczno\u015b\u0107 i niezawodno\u015b\u0107<\/p>\n<p style=\"text-align: left;\"><b>Wygoda i ergonomia<\/b>\u00a0\u2013 intuicyjna obs\u0142uga, dodatkowe schowki, laserowy wska\u017anik<\/p>\n<h4 style=\"text-align: left;\"><b>W ZESTAWIE:<\/b><\/h4>\n<ul style=\"text-align: left;\">\n<li>Sto\u017cki centruj\u0105ce<\/li>\n<li>M\u0142otko-szczypce do montazu i demonta\u017cu ci\u0119\u017cark\u00f3w<\/li>\n<li>Cyrkiel<\/li>\n<\/ul>\n<p style=\"text-align: left;\">Nie czekaj! Zainwestuj w profesjonalny zestaw do wulkanizacji i zapewnij swojemu warsztatowi najwy\u017csz\u0105 jako\u015b\u0107 obs\u0142ugi!<\/p>\n<\/div>\n<\/div>\n<\/div>","protected":false},"excerpt":{"rendered":"<h4 style=\"text-align: left;\"><strong>Monta\u017cownica do opon ETGE 530L+ Rami\u0119 DP30 +Wywa\u017carka do k\u00f3\u0142 ETGE905\u00a0<\/strong><\/h4>\n<p style=\"text-align: left;\"><b>Kompletny zestaw do wulkanizacji<\/b>\u00a0\u2013 idealny do serwis\u00f3w wymiany opon i warsztat\u00f3w samochodowych.<\/p>\n<p style=\"text-align: left;\"><b>Obs\u0142uga k\u00f3\u0142 samochod\u00f3w osobowych i dostawczych<\/b>\u00a0\u2013 kompatybilno\u015b\u0107 z szerokim zakresem felg.<\/p>\n<p style=\"text-align: left;\"><b>Wysoka jako\u015b\u0107 wykonania<\/b>\u00a0\u2013 solidna konstrukcja zapewnia d\u0142ugotrwa\u0142\u0105, bezawaryjn\u0105 prac\u0119.<\/p>\n<p style=\"text-align: left;\"><b>Dodatkowe akcesoria w zestawie<\/b>: pojemnik na past\u0119, \u0142y\u017cka, cyrkiel, m\u0142otko-szczypce, \u015bruba mocuj\u0105ca, zestaw sto\u017ck\u00f3w.<\/p>","protected":false},"featured_media":23400,"comment_status":"open","ping_status":"closed","template":"","meta":[],"product_brand":[],"product_cat":[121,120,119],"product_tag":[],"class_list":{"0":"post-23399","1":"product","2":"type-product","3":"status-publish","4":"has-post-thumbnail","6":"product_cat-07-zestawy-urzadzen-warsztatowych","7":"product_cat-06-wywazarki-do-kol","8":"product_cat-05-montazownice-do-opon","9":"product_shipping_class-zestaw-maszyn","11":"first","12":"instock","13":"taxable","14":"shipping-taxable","15":"purchasable","16":"product-type-simple"},"_links":{"self":[{"href":"https:\/\/etge.pl\/en\/wp-json\/wp\/v2\/product\/23399","targetHints":{"allow":["GET"]}}],"collection":[{"href":"https:\/\/etge.pl\/en\/wp-json\/wp\/v2\/product"}],"about":[{"href":"https:\/\/etge.pl\/en\/wp-json\/wp\/v2\/types\/product"}],"replies":[{"embeddable":true,"href":"https:\/\/etge.pl\/en\/wp-json\/wp\/v2\/comments?post=23399"}],"wp:featuredmedia":[{"embeddable":true,"href":"https:\/\/etge.pl\/en\/wp-json\/wp\/v2\/media\/23400"}],"wp:attachment":[{"href":"https:\/\/etge.pl\/en\/wp-json\/wp\/v2\/media?parent=23399"}],"wp:term":[{"taxonomy":"product_brand","embeddable":true,"href":"https:\/\/etge.pl\/en\/wp-json\/wp\/v2\/product_brand?post=23399"},{"taxonomy":"product_cat","embeddable":true,"href":"https:\/\/etge.pl\/en\/wp-json\/wp\/v2\/product_cat?post=23399"},{"taxonomy":"product_tag","embeddable":true,"href":"https:\/\/etge.pl\/en\/wp-json\/wp\/v2\/product_tag?post=23399"}],"curies":[{"name":"wp","href":"https:\/\/api.w.org\/{rel}","templated":true}]}}