{"id":23442,"date":"2025-04-09T15:35:19","date_gmt":"2025-04-09T13:35:19","guid":{"rendered":"https:\/\/etge.pl\/produkt\/podnosnik-samochodowy-nozycowy-euro-trade-tdy-3010\/"},"modified":"2026-02-17T15:03:43","modified_gmt":"2026-02-17T14:03:43","slug":"podnosnik-samochodowy-nozycowy-euro-trade-tdy-3010","status":"publish","type":"product","link":"https:\/\/etge.pl\/en\/product\/podnosnik-samochodowy-nozycowy-euro-trade-tdy-3010\/","title":{"rendered":"Podno\u015bnik samochodowy no\u017cycowy Euro Trade TDY-3010"},"content":{"rendered":"<div class=\"mp4t_16_s mryx_16_s mr3m_1 mli2_1 mh85_56 mh85_0_l\">\n<div class=\"mgn2_16 _0d3bd_am0a-\">\n<h3 style=\"text-align: left;\"><strong>Podno\u015bnik No\u017cycowy Samochodowy Mobilny Euro Trade TDY-3010 3000KG<\/strong><\/h3>\n<p style=\"text-align: left;\"><b>Hydrauliczny podno\u015bnik no\u017cycowy Euro Trade TDY-3010<\/b>\u00a0to solidnie wykonane\u00a0<b>urz\u0105dzenie mobilne<\/b> kt\u00f3re posiada ud\u017awig a\u017c 3000KG.<\/p>\n<p style=\"text-align: left;\"><b>Podno\u015bnik jest w pe\u0142ni automatyczny ( nie potrzebuj\u0119 zasilania powietrza), odbezpieczanie zapadek odbywa si\u0119 za pomoc\u0105 elektromagnes\u00f3w.<\/b><\/p>\n<h3 style=\"text-align: left;\"><strong>Specyfikacja:<\/strong><\/h3>\n<ul style=\"text-align: left;\">\n<li>Producent: Euro Trade<\/li>\n<li>Maksymalne obci\u0105\u017cenie: 3000KG<\/li>\n<li>Max wysoko\u015b\u0107 podnoszenia: 1000 mm<\/li>\n<li>Min. wysoko\u015b\u0107 podnoszenia: 110 mm<\/li>\n<li>Ca\u0142kowita szeroko\u015b\u0107: 1760 mm<\/li>\n<li>D\u0142ugo\u015b\u0107 platform: 1400-1900mm<\/li>\n<li>Przestrze\u0144 pomi\u0119dzy platformami: 700mm<\/li>\n<li>Czas podnoszenia: 60s<\/li>\n<li>Moc silnika: 2,2 KW<\/li>\n<li>Temperatura pracy: 10 &#8211; +50 Stopni Celsjusza<\/li>\n<li>Poziom ha\u0142asu: &lt;70db<\/li>\n<li>Waga: 558kg<\/li>\n<\/ul>\n<div class=\"mp4t_16_s mryx_16_s mr3m_1 mli2_1 mh85_56 mh85_0_l\">\n<div class=\"mgn2_16 _0d3bd_am0a-\" style=\"text-align: left;\">\n<h3><strong>Co zawiera si\u0119 w zestawie?<\/strong><\/h3>\n<p>&#8211; Podno\u015bnik no\u017cycowy <b>Euro Trade TDY-3010<\/b><\/p>\n<p>&#8211; Panel steruj\u0105cy<\/p>\n<p>&#8211; Cztery najazdy<\/p>\n<p>&#8211; <b>Zestaw do przemieszczania si\u0119 podno\u015bnikiem<\/b> (kierownica steruj\u0105ca oraz k\u00f3\u0142ka prowadz\u0105ce)<\/p>\n<p>&#8211; Os\u0142ona boczna ( ochrona przed zmia\u017cd\u017ceniem stopy )<\/p>\n<p>&#8211; Cztery gumowe <b>adaptery wysoko\u015bci<\/b><\/p>\n<\/div>\n<div class=\"mp4t_16_s mryx_16_s mr3m_1 mli2_1 mh85_56 mh85_0_l\">\n<div class=\"mgn2_16 _0d3bd_am0a-\">\n<h3 style=\"text-align: left;\"><strong>Z jakich element\u00f3w sk\u0142ada si\u0119 podno\u015bnik Euro Trade TDY-3010?<\/strong><\/h3>\n<ol style=\"text-align: left;\">\n<li>Dwa mocne si\u0142owniki hydrauliczne kt\u00f3re pozwalaj\u0105 ud\u017awign\u0105\u0107 pojazd o<b> masie do 3000KG<\/b> na wysoko\u015b\u0107 <b>1000mm (1m).<\/b><\/li>\n<li>Wspawane <b>mechaniczne zapadki bezpiecze\u0144stwa<\/b> odbezpieczane <b>za pomoc\u0105 wbudowanych elektromagnes\u00f3w<\/b> &#8211; nie ma konieczno\u015bci pod\u0142\u0105czania spr\u0119\u017conego powietrza<\/li>\n<li><b>Zestaw mobilny<\/b> do przemieszczania podno\u015bnika <b>ju\u017c w komplecie!<\/b> &#8211; nie ma potrzeby dokupowania dodatkowego osprz\u0119tu.<\/li>\n<li>Najazdy wykonane z blachy ryflowanej<\/li>\n<\/ol>\n<div class=\"mp4t_16_s mryx_16_s mr3m_1 mli2_1 mh85_56 mh85_0_l\">\n<div class=\"mgn2_16 _0d3bd_am0a-\" style=\"text-align: left;\">\n<h4><strong>Dlaczego warto zainteresowa\u0107 si\u0119 tym modelem?<\/strong><\/h4>\n<p>Podno\u015bnik <b>wraz z zestawem mobilnym<\/b> pozwala na swobodne przemieszczanie si\u0119 podno\u015bnikiem w dowolne miejsce w warsztacie. Podno\u015bnik <b>nie potrzebuj\u0119 pod\u0142\u0105czenia spr\u0119\u017conego powietrza<\/b> w celu odbezpieczania zapadek bezpiecze\u0144stwa &#8211; wszystko odbywa si\u0119 automatycznie <b>po naci\u015bni\u0119ciu przycisku na pulpicie steruj\u0105cym.<\/b><\/p>\n<p>Zdajemy sobie spraw\u0119 z tego, \u017ce dob\u00f3r odpowiednich urz\u0105dze\u0144 do warsztatu samochodowego to nie \u0142atwa sprawa. Zdajemy sobie r\u00f3wnie\u017c spraw\u0119 z tego, \u017ce\u00a0<b>podno\u015bnik samochodowy powinien by\u0107 wielozadaniowy<\/b>\u00a0oraz<b>\u00a0porz\u0105dnie wykonany<\/b>\u00a0by m\u00f3g\u0142 s\u0142u\u017cy\u0107 ka\u017cdemu mechanikowi przez d\u0142ugi okres czasu.<\/p>\n<p>Taki w\u0142a\u015bnie jest nasz<b> podno\u015bnik Euro Trade TDY-3010<\/b> &#8211; sprawdzi si\u0119 wsz\u0119dzie tam, gdzie liczy si\u0119<b>\u00a0mobilno\u015b\u0107<\/b>,\u00a0<b>niezawodno\u015b\u0107\u00a0pracy,<\/b>\u00a0oraz\u00a0<b>szybka obs\u0142uga<\/b>.<\/p>\n<\/div>\n<div class=\"mp4t_16_s mryx_16_s mr3m_1 mli2_1 mh85_56 mh85_0_l\">\n<h4 class=\"mgn2_16 _0d3bd_am0a-\" style=\"text-align: left;\"><strong>Do jakich konkretnie prac przystosowany jest ten model podno\u015bnika?<\/strong><\/h4>\n<ul>\n<li style=\"text-align: left;\"><b>Przy pracy z ko\u0142ami samochod\u00f3w osobowych<\/b>\u00a0&#8211; na przyk\u0142ad wymiana opon.<\/li>\n<li style=\"text-align: left;\"><b>Przy pracach lakierniczych<\/b>\u00a0&#8211; swobodny dost\u0119p do prog\u00f3w, nadkoli i innych element\u00f3w samochodu pozwala na komfortow\u0105 prac\u0119 przy pracach lakierniczych.<\/li>\n<li style=\"text-align: left;\"><b>Przy pracy z uk\u0142adem hamulcowym pojazdu<\/b>\u00a0&#8211; na przyk\u0142ad wymiana tarcz, klock\u00f3w.<\/li>\n<li style=\"text-align: left;\"><b>Przy pracach z zawieszeniem<\/b><\/li>\n<li style=\"text-align: left;\"><b>Przy wymianie p\u0142yn\u00f3w eksploatacyjnych<\/b> &#8211; na przyk\u0142ad wymiana oleju silnikowego<\/li>\n<\/ul>\n<\/div>\n<\/div>\n<\/div>\n<\/div>\n<\/div>\n<\/div>\n<\/div>","protected":false},"excerpt":{"rendered":"<h4 style=\"text-align: left;\"><strong>Podno\u015bnik samochodowy no\u017cycowy Euro Trade TDY-3010 <\/strong><\/h4>\n<p style=\"text-align: left;\"><strong>Idealny wyb\u00f3r do profesjonalnych warsztat\u00f3w!<\/strong> Podno\u015bnik samochodowy no\u017cycowy mobilny 3000KG Euro Trade TDY-3010 Hydrauliczny podno\u015bnik no\u017cycowy Euro Trade TDY-3010\u00a0to solidnie wykonane\u00a0urz\u0105dzenie mobilne\u00a0kt\u00f3re posiada ud\u017awig a\u017c 3000KG.<\/p>","protected":false},"featured_media":23443,"comment_status":"open","ping_status":"closed","template":"","meta":[],"product_brand":[],"product_cat":[122,123,124],"product_tag":[],"class_list":{"0":"post-23442","1":"product","2":"type-product","3":"status-publish","4":"has-post-thumbnail","6":"product_cat-04-podnosniki-nozycowe","7":"product_cat-wszystkie-podnosniki-euro-trade","8":"product_cat-wszystkie-urzadzenia-euro-trade","9":"product_shipping_class-156","11":"first","12":"instock","13":"taxable","14":"shipping-taxable","15":"purchasable","16":"product-type-simple"},"_links":{"self":[{"href":"https:\/\/etge.pl\/en\/wp-json\/wp\/v2\/product\/23442","targetHints":{"allow":["GET"]}}],"collection":[{"href":"https:\/\/etge.pl\/en\/wp-json\/wp\/v2\/product"}],"about":[{"href":"https:\/\/etge.pl\/en\/wp-json\/wp\/v2\/types\/product"}],"replies":[{"embeddable":true,"href":"https:\/\/etge.pl\/en\/wp-json\/wp\/v2\/comments?post=23442"}],"wp:featuredmedia":[{"embeddable":true,"href":"https:\/\/etge.pl\/en\/wp-json\/wp\/v2\/media\/23443"}],"wp:attachment":[{"href":"https:\/\/etge.pl\/en\/wp-json\/wp\/v2\/media?parent=23442"}],"wp:term":[{"taxonomy":"product_brand","embeddable":true,"href":"https:\/\/etge.pl\/en\/wp-json\/wp\/v2\/product_brand?post=23442"},{"taxonomy":"product_cat","embeddable":true,"href":"https:\/\/etge.pl\/en\/wp-json\/wp\/v2\/product_cat?post=23442"},{"taxonomy":"product_tag","embeddable":true,"href":"https:\/\/etge.pl\/en\/wp-json\/wp\/v2\/product_tag?post=23442"}],"curies":[{"name":"wp","href":"https:\/\/api.w.org\/{rel}","templated":true}]}}