{"id":24931,"date":"2025-11-21T16:01:59","date_gmt":"2025-11-21T15:01:59","guid":{"rendered":"https:\/\/etge.pl\/?post_type=product&#038;p=24931"},"modified":"2026-01-27T14:38:55","modified_gmt":"2026-01-27T13:38:55","slug":"zestaw-wulkanizacji-etge-wywazarka-etge-904-black-montazownica-opon-etge-210-black","status":"publish","type":"product","link":"https:\/\/etge.pl\/en\/product\/zestaw-wulkanizacji-etge-wywazarka-etge-904-black-montazownica-opon-etge-210-black\/","title":{"rendered":"Zestaw Wulkanizacji ETGE Wywa\u017carka ETGE-904 BLACK + Monta\u017cownica Opon ETGE-210 BLACK"},"content":{"rendered":"<div class=\"mp4t_16_s mryx_16_s mr3m_1 mli2_1 mh85_56 mh85_0_l\">\n<div class=\"mpof_ki myre_zn myre_8v_l m389_6m_l\">\n<div class=\"mp4t_16_s mryx_16_s mr3m_1 mli2_1 mh85_56 mh85_0_l\">\n<div class=\"mgn2_16 _0d3bd_am0a-\">\n<h1>Monta\u017cownica do opon Euro Trade ETGE-210 Black + Wywa\u017carka ETGE-904 Black<\/h1>\n<h1>Zestaw Profesjonalnych Maszyn do Wulkanizacji<\/h1>\n<\/div>\n<\/div>\n<\/div>\n<div class=\"mpof_ki myre_zn myre_8v_l m389_6m_l\">\n<div class=\"mp4t_16_s mryx_16_s mr3m_1 mli2_1 mh85_56 mh85_0_l\">\n<div class=\"mg9e_8 mj7a_8 mg9e_0_s mvrt_0_s mj7a_0_s mh36_0_s mzmg_6m munh_16_l m3h2_16_l\">\n<div class=\"mp4t_0 mryx_0 munh_56 m3h2_56\">\n<div class=\"mp7g_oh\"><\/div>\n<\/div>\n<\/div>\n<\/div>\n<\/div>\n<div class=\"mpof_ki myre_zn myre_8v_l m389_6m_l\">\n<div class=\"mp4t_16_s mryx_16_s mr3m_1 mli2_1 mh85_56 mh85_0_l\">\n<div class=\"mgn2_16 _0d3bd_am0a-\">\n<h1>Kompletny zestaw do wulkanizacji \u2013 dla profesjonalnych warsztat\u00f3w i serwis\u00f3w opon<\/h1>\n<p>Postaw na niezawodno\u015b\u0107, precyzj\u0119 i moc \u2013 wybierz zestaw EURO TRADE ETGE-210 BLACK + EURO TRADE ETGE-904 BLACK, kt\u00f3ry \u0142\u0105czy w sobie najwy\u017csz\u0105 jako\u015b\u0107 wykonania z funkcjonalno\u015bci\u0105 na poziomie sprz\u0119tu premium.<\/p>\n<p>To idealne rozwi\u0105zanie zar\u00f3wno do profesjonalnych warsztat\u00f3w samochodowych, jak i mniejszych serwis\u00f3w opon osobowych i warsztat\u00f3w.<\/p>\n<\/div>\n<\/div>\n<\/div>\n<div class=\"mpof_ki myre_zn myre_8v_l m389_6m_l\">\n<div class=\"mp4t_16_s mryx_16_s mr3m_1 mli2_1 mh85_56 mh85_0_l\">\n<div class=\"mg9e_8 mj7a_8 mg9e_0_s mvrt_0_s mj7a_0_s mh36_0_s mzmg_6m munh_16_l m3h2_16_l\">\n<div class=\"mp4t_0 mryx_0 munh_56 m3h2_56\">\n<div class=\"mp7g_oh\"><\/div>\n<\/div>\n<\/div>\n<\/div>\n<\/div>\n<div class=\"mpof_ki myre_zn myre_8v_l m389_6m_l\">\n<div class=\"mp4t_16_s mryx_16_s mr3m_1 mli2_1 mh85_56 mh85_0_l\">\n<div class=\"mgn2_16 _0d3bd_am0a-\">\n<h1>Monta\u017cownica do Wymiany Opon ETGE-210 BLACK<\/h1>\n<h2>Specyfikacja:<\/h2>\n<ul>\n<li>Zasilanie: 380V<\/li>\n<li>Moc silnika: 2.2 KW<\/li>\n<li>Zasilanie pneumatyczne: 8-10 Bar<\/li>\n<li>Zakres felg &#8211; mocowanie wewn\u0119trzne: 10&#8243; -22&#8243;<\/li>\n<li>Zakres felg &#8211; mocowanie zewn\u0119trzne : 12&#8243;-23&#8243;<\/li>\n<li>Moc zbijaka: 2700 kg<\/li>\n<li>Maksymalna \u015brednica ko\u0142a: 960 mm<\/li>\n<li>Maksymalna szeroko\u015b\u0107 ko\u0142a: 15\u201d<\/li>\n<li>Poziom ha\u0142asu: &lt; 70 dB<\/li>\n<\/ul>\n<\/div>\n<\/div>\n<\/div>\n<div class=\"mpof_ki myre_zn myre_8v_l m389_6m_l\">\n<div class=\"mp4t_16_s mryx_16_s mr3m_1 mli2_1 mh85_56 mh85_0_l\">\n<div class=\"mgn2_16 _0d3bd_am0a-\">\n<h1>Dodatkowe informacje:<\/h1>\n<p>Monta\u017cownica do opon ETGE-210 BLACK zosta\u0142a zaprojektowana z my\u015bl\u0105 o profesjonalnych serwisach wymiany opon.<\/p>\n<p>Wyposa\u017cona jest w stopk\u0119 z systemem blokowania, st\u00f3\u0142 monta\u017cowy z funkcj\u0105 obrotu w lewo\/prawo oraz samocentruj\u0105cymi si\u0119 szcz\u0119kami.<\/p>\n<p>Dodatkowo, wyposa\u017cona jest w odwadniacz, naolejacz z pistoletem do pompowania opon oraz peda\u0142y steruj\u0105ce.<\/p>\n<p>Peda\u0142y pozwalaj\u0105 na kontrol\u0119 otwarcia\/zamkni\u0119cia szcz\u0119k, sterowanie zbijakiem oraz sterowanie sto\u0142em obrotowym.<\/p>\n<p>Zbijak posiada maksymalny nacisk wynosz\u0105cy a\u017c 2700KG.<\/p>\n<\/div>\n<\/div>\n<div class=\"mp4t_16_s mryx_16_s mr3m_1 mli2_1 mh85_56 mh85_0_l\">\n<div class=\"mg9e_8 mj7a_8 mg9e_0_s mvrt_0_s mj7a_0_s mh36_0_s mzmg_6m munh_16_l m3h2_16_l\">\n<div class=\"mp4t_0 mryx_0 munh_56 m3h2_56\">\n<div class=\"mp7g_oh\"><\/div>\n<\/div>\n<\/div>\n<\/div>\n<\/div>\n<div class=\"mp4t_16_s mryx_16_s mr3m_1 mli2_1 mh85_56 mh85_0_l\">\n<div class=\"mg9e_8 mj7a_8 mg9e_0_s mvrt_0_s mj7a_0_s mh36_0_s mzmg_6m munh_16_l m3h2_16_l\">\n<div class=\"mp4t_0 mryx_0 munh_56 m3h2_56\">\n<div class=\"mp7g_oh\"><\/div>\n<\/div>\n<\/div>\n<\/div>\n<div class=\"mpof_ki myre_zn myre_8v_l m389_6m_l\">\n<div class=\"mp4t_16_s mryx_16_s mr3m_1 mli2_1 mh85_56 mh85_0_l\">\n<div class=\"mgn2_16 _0d3bd_am0a-\">\n<h1>Dlaczego ta monta\u017cownica ?<\/h1>\n<ul>\n<li>Solidny st\u00f3\u0142 monta\u017cowy: Ta monta\u017cownica wyposa\u017cona jest w wytrzyma\u0142y st\u00f3\u0142 monta\u017cowy, kt\u00f3ry zapewnia stabilno\u015b\u0107 podczas procesu monta\u017cu opon. Dzi\u0119ki jego solidnej konstrukcji, st\u00f3\u0142 jest gotowy do pracy w r\u00f3\u017cnych warunkach.<\/li>\n<li>Mocne i solidne si\u0142owniki: Si\u0142owniki s\u0105 kluczowymi elementami monta\u017cownicy. Dzi\u0119ki ich solidnej konstrukcji i wysokiej wytrzyma\u0142o\u015bci, gwarantuj\u0105 one p\u0142ynne i precyzyjne dzia\u0142anie, co jest niezwykle istotne podczas monta\u017cu opon<\/li>\n<li>Solidna stopka monta\u017cowa wykonana z wysokiej jako\u015bci materia\u0142u: Stopka monta\u017cowa to element, kt\u00f3ry utrzymuje opon\u0119 w miejscu podczas procesu monta\u017cu. Wykonana z wysokiej jako\u015bci materia\u0142u, zapewnia stabilno\u015b\u0107 i niezawodno\u015b\u0107 podczas pracy z r\u00f3\u017cnymi rodzajami opon.<\/li>\n<li>Blokada ramienia: Blokada ramienia to istotna funkcja, dzi\u0119ki kt\u00f3rej u\u017cytkownik ma wieksza kontrol\u0119 nad procesem wymiany opon i mo\u017ce wykona\u0107 monta\u017c precyzyjnie i efektywnie.<\/li>\n<li>Mocny zbijak o nacisku a\u017c 2700KG: Zbijak to narz\u0119dzie niezb\u0119dne do demonta\u017cu opony z felgi. Zbijak o tak wysokim nacisku gwarantuje skuteczne i bezproblemowe usuni\u0119cie opony, nawet w przypadku mocno zapieczonych opon<\/li>\n<li>Wydajny i wytrzyma\u0142y odwadniacz i naolejacz &#8211; Wydajno\u015b\u0107 i wytrzyma\u0142o\u015b\u0107 tych komponent\u00f3w s\u0105 kluczowe, aby zapewni\u0107 sprawn\u0105 i skuteczn\u0105 prac\u0119 monta\u017cownicy przez d\u0142ugi czas. Dzi\u0119ki nim, proces monta\u017cu i demonta\u017cu opon przebiega p\u0142ynnie i bez problem\u00f3w.<\/li>\n<\/ul>\n<\/div>\n<\/div>\n<\/div>\n<div class=\"mpof_ki myre_zn myre_8v_l m389_6m_l\">\n<div class=\"mp4t_16_s mryx_16_s mr3m_1 mli2_1 mh85_56 mh85_0_l\">\n<div class=\"mg9e_8 mj7a_8 mg9e_0_s mvrt_0_s mj7a_0_s mh36_0_s mzmg_6m munh_16_l m3h2_16_l\">\n<div class=\"mp4t_0 mryx_0 munh_56 m3h2_56\">\n<div class=\"mp7g_oh\"><\/div>\n<\/div>\n<\/div>\n<\/div>\n<\/div>\n<div class=\"mpof_ki myre_zn myre_8v_l m389_6m_l\">\n<div class=\"mp4t_16_s mryx_16_s mr3m_1 mli2_1 mh85_56 mh85_0_l\">\n<div class=\"mgn2_16 _0d3bd_am0a-\">\n<h1>Wraz z monta\u017cownica w zestawie:<\/h1>\n<ul>\n<li>\u0141y\u017cka monta\u017cowa<\/li>\n<li>Pojemnik na past\u0119<\/li>\n<li>Pistolet do pompowania opon<\/li>\n<\/ul>\n<\/div>\n<\/div>\n<\/div>\n<div class=\"mpof_ki myre_zn myre_8v_l m389_6m_l\">\n<div class=\"mp4t_16_s mryx_16_s mr3m_1 mli2_1 mh85_56 mh85_0_l\">\n<div class=\"mgn2_16 _0d3bd_am0a-\">\n<h1>Dlaczego warto zainteresowa\u0107 si\u0119 monta\u017cownic\u0105 ETGE-210 BLACK ?<\/h1>\n<p>Szeroki zakres zastosowania: Monta\u017cownica doskonale sprawdza si\u0119 podczas monta\u017cu k\u00f3\u0142 zar\u00f3wno w samochodach osobowych, jak i dostawczych.<\/p>\n<p>Niezawodno\u015b\u0107 pracy: Monta\u017cownica Euro Trade ETGE-210 BLACK wykorzystuje komponenty\u00a0najwy\u017cszej jako\u015bci, co gwarantuje niezawodne dzia\u0142anie przez d\u0142ugi czas.<\/p>\n<p>Jako\u015b\u0107 wykonania maszyny jest na tyle wysoka, \u017ce b\u0119dzie ona s\u0142u\u017cy\u0107 bezawaryjnie przez wiele lat.<\/p>\n<\/div>\n<\/div>\n<div class=\"mp4t_16_s mryx_16_s mr3m_1 mli2_1 mh85_56 mh85_0_l\">\n<div class=\"mg9e_8 mj7a_8 mg9e_0_s mvrt_0_s mj7a_0_s mh36_0_s mzmg_6m munh_16_l m3h2_16_l\">\n<div class=\"mp4t_0 mryx_0 munh_56 m3h2_56\">\n<div class=\"mp7g_oh\"><\/div>\n<\/div>\n<\/div>\n<\/div>\n<\/div>\n<div class=\"mp4t_16_s mryx_16_s mr3m_1 mli2_1 mh85_56 mh85_0_l\">\n<div class=\"mg9e_8 mj7a_8 mg9e_0_s mvrt_0_s mj7a_0_s mh36_0_s mzmg_6m munh_16_l m3h2_16_l\">\n<div class=\"mp4t_0 mryx_0 munh_56 m3h2_56\">\n<div class=\"mp7g_oh\"><\/div>\n<\/div>\n<\/div>\n<\/div>\n<div class=\"mpof_ki myre_zn myre_8v_l m389_6m_l\">\n<div class=\"mp4t_16_s mryx_16_s mr3m_1 mli2_1 mh85_56 mh85_0_l\">\n<div class=\"mgn2_16 _0d3bd_am0a-\">\n<h1>Wywa\u017carka do k\u00f3\u0142 ETGE-904<\/h1>\n<h2>Profesjonalna wywa\u017carka do K\u00f3\u0142 Osobowych<\/h2>\n<p>Wysokiej klasy, nowoczesna wywa\u017carka do k\u00f3\u0142 samochod\u00f3w: osobowych, dostawczych, oraz motocykli. Charakteryzuje si\u0119 bardzo dobr\u0105 jako\u015bci\u0105 wykonania, solidn\u0105 konstrukcj\u0105, oraz bardzo bogatym zakresem tryb\u00f3w wywa\u017cania.<\/p>\n<\/div>\n<\/div>\n<\/div>\n<div class=\"mpof_ki myre_zn myre_8v_l m389_6m_l\">\n<div class=\"mp4t_16_s mryx_16_s mr3m_1 mli2_1 mh85_56 mh85_0_l\">\n<div class=\"mg9e_8 mj7a_8 mg9e_0_s mvrt_0_s mj7a_0_s mh36_0_s mzmg_6m munh_16_l m3h2_16_l\">\n<div class=\"mp4t_0 mryx_0 munh_56 m3h2_56\">\n<div class=\"mp7g_oh\"><\/div>\n<\/div>\n<\/div>\n<\/div>\n<\/div>\n<div class=\"mpof_ki myre_zn myre_8v_l m389_6m_l\">\n<div class=\"mp4t_16_s mryx_16_s mr3m_1 mli2_1 mh85_56 mh85_0_l\">\n<div class=\"mgn2_16 _0d3bd_am0a-\">\n<h1>Wywa\u017carka do k\u00f3\u0142 ETGE-904<\/h1>\n<h2>Specyfikacja:<\/h2>\n<ul>\n<li>Zasilanie: 230V<\/li>\n<li>Moc silnika: 250 Wat<\/li>\n<li>Maksymalna waga ko\u0142a: 70kg<\/li>\n<li>Szeroko\u015b\u0107 ko\u0142a: 1,5\u201d &#8211; 16\u201d<\/li>\n<li>\u015arednica ko\u0142a: 10\u201d-24\u201d<\/li>\n<li>Dok\u0142adno\u015b\u0107 : 1 g<\/li>\n<li>Czas pomiaru: 8s<\/li>\n<li>Poziom ha\u0142asu: &lt; 70dB<\/li>\n<li>Certyfikat CE<\/li>\n<\/ul>\n<\/div>\n<\/div>\n<\/div>\n<div class=\"mpof_ki myre_zn myre_8v_l m389_6m_l\">\n<div class=\"mp4t_16_s mryx_16_s mr3m_1 mli2_1 mh85_56 mh85_0_l\">\n<div class=\"mgn2_16 _0d3bd_am0a-\">\n<h1>Tryby pracy wywa\u017carki ETGE-904 BLACK :<\/h1>\n<ul>\n<li>statyczne-dynamiczne<\/li>\n<li>do felg stalowych<\/li>\n<li>do felg aluminiowych, ci\u0119\u017carki klejone<\/li>\n<li>do felg aluminiowych ci\u0119\u017carki nabijane<\/li>\n<li>do felg aluminiowych ci\u0119\u017carek klejony+ ci\u0119\u017carek nabijany<\/li>\n<li>do felg motocyklowych<\/li>\n<li>ukrywanie ci\u0119\u017cark\u00f3w za ramionami felgi<\/li>\n<li>Alu S-Optymalizacja niewywa\u017cenia<\/li>\n<\/ul>\n<\/div>\n<\/div>\n<div class=\"mp4t_16_s mryx_16_s mr3m_1 mli2_1 mh85_56 mh85_0_l\">\n<div class=\"mg9e_8 mj7a_8 mg9e_0_s mvrt_0_s mj7a_0_s mh36_0_s mzmg_6m munh_16_l m3h2_16_l\">\n<div class=\"mp4t_0 mryx_0 munh_56 m3h2_56\">\n<div class=\"mp7g_oh\"><\/div>\n<\/div>\n<\/div>\n<\/div>\n<\/div>\n<div class=\"mpof_ki myre_zn myre_8v_l m389_6m_l\">\n<div class=\"mp4t_16_s mryx_16_s mr3m_1 mli2_1 mh85_56 mh85_0_l\">\n<div class=\"mgn2_16 _0d3bd_am0a-\">\n<h1>Funkcje wywa\u017carki ETGE-904 BLACK:<\/h1>\n<ul>\n<li>Zintegrowany panel dotykowy LED.<\/li>\n<li>Automatyczne wprowadzanie parametr\u00f3w\u00a0dotycz\u0105cych odleg\u0142o\u015bci i \u015brednicy.<\/li>\n<li>Automatyczny start po opuszczeniu pokrywy ko\u0142a.<\/li>\n<li>Automatyczne hamowanie ko\u0142a po wykonaniu pomiaru.<\/li>\n<li>Hamulec no\u017cny umo\u017cliwiaj\u0105cy unieruchomienie ko\u0142a podczas pozycjonowania ci\u0119\u017cark\u00f3w.<\/li>\n<li>Mocowanie ko\u0142a za pomoc\u0105 szybkomocuj\u0105cej nakr\u0119tki.<\/li>\n<li>Programy autokalibracji i autodiagnostyki.<\/li>\n<li>Wy\u015bwietlanie wymiar\u00f3w ko\u0142a w calach lub milimetrach.<\/li>\n<li>Wskazanie niewywa\u017cenia w gramach lub uncjach.<\/li>\n<li>Programy ALU oraz programy do k\u00f3\u0142 motocyklowych.<\/li>\n<li>Tryb optymalizacji dopasowania felgi i opony.<\/li>\n<\/ul>\n<\/div>\n<\/div>\n<div class=\"mp4t_16_s mryx_16_s mr3m_1 mli2_1 mh85_56 mh85_0_l\">\n<div class=\"mg9e_8 mj7a_8 mg9e_0_s mvrt_0_s mj7a_0_s mh36_0_s mzmg_6m munh_16_l m3h2_16_l\">\n<div class=\"mp4t_0 mryx_0 munh_56 m3h2_56\">\n<div class=\"mp7g_oh\"><\/div>\n<\/div>\n<\/div>\n<\/div>\n<\/div>\n<div class=\"mp4t_16_s mryx_16_s mr3m_1 mli2_1 mh85_56 mh85_0_l\">\n<div class=\"mg9e_8 mj7a_8 mg9e_0_s mvrt_0_s mj7a_0_s mh36_0_s mzmg_6m munh_16_l m3h2_16_l\">\n<div class=\"mp4t_0 mryx_0 munh_56 m3h2_56\">\n<div class=\"mp7g_oh\"><\/div>\n<\/div>\n<\/div>\n<\/div>\n<div class=\"mpof_ki myre_zn myre_8v_l m389_6m_l\">\n<div class=\"mp4t_16_s mryx_16_s mr3m_1 mli2_1 mh85_56 mh85_0_l\">\n<div class=\"mgn2_16 _0d3bd_am0a-\">\n<h1>Dlaczego ta wywa\u017carka ?<\/h1>\n<ul>\n<li>Intuicyjny wy\u015bwietlacz z przyciskami steruj\u0105cymi wywa\u017cark\u0105 &#8211; Dzi\u0119ki temu wy\u015bwietlaczowi u\u017cytkownik mo\u017ce \u0142atwo i szybko dostosowa\u0107 ustawienia wywa\u017carki do konkretnych wymaga\u0144. To zwi\u0119ksza precyzj\u0119 i efektywno\u015b\u0107 procesu wywa\u017cania.<\/li>\n<li>Praktyczny schowek na ci\u0119\u017carki &#8211; To udogodnienie pomaga w utrzymaniu porz\u0105dku i organizacji w miejscu pracy. U\u017cytkownik ma \u0142atwy dost\u0119p do ci\u0119\u017cark\u00f3w, co przyspiesza proces wywa\u017cania i minimalizuje straty czasu.<\/li>\n<li>Mocny i wytrzyma\u0142y wa\u0142ek do monta\u017cu ko\u0142a &#8211; Ten element odgrywa kluczow\u0105 rol\u0119 w procesie monta\u017cu ko\u0142a na urz\u0105dzeniu. Jego wysoka jako\u015b\u0107 i wytrzyma\u0142o\u015b\u0107 gwarantuj\u0105, \u017ce wa\u0142ek wytrzyma du\u017ce obci\u0105\u017cenia i b\u0119dzie s\u0142u\u017cy\u0142 przez d\u0142ugi czas.<\/li>\n<li>Dodatkowy schowek z boku maszyny &#8211; Dodatkowy schowek to praktyczne rozwi\u0105zanie, kt\u00f3re umo\u017cliwia przechowywanie dodatkowych narz\u0119dzi lub akcesori\u00f3w niezb\u0119dnych w procesie wywa\u017cania. To zwi\u0119ksza efektywno\u015b\u0107 pracy, poniewa\u017c wszystkie niezb\u0119dne elementy s\u0105 \u0142atwo dost\u0119pne.<\/li>\n<\/ul>\n<p>Wszystkie te funkcje sprawiaj\u0105, \u017ce ta wywa\u017carka jest nie tylko \u0142atwa w obs\u0142udze, ale tak\u017ce wydajna i komfortowa w u\u017cytkowaniu. Dzi\u0119ki nim proces wywa\u017cania staje si\u0119 szybszy, bardziej precyzyjny i mniej uci\u0105\u017cliwy dla operatora.<\/p>\n<\/div>\n<\/div>\n<\/div>\n<div class=\"mpof_ki myre_zn myre_8v_l m389_6m_l\">\n<div class=\"mp4t_16_s mryx_16_s mr3m_1 mli2_1 mh85_56 mh85_0_l\">\n<div class=\"mgn2_16 _0d3bd_am0a-\">\n<h1>W zestawie z monta\u017cownic\u0105 znajduj\u0105 si\u0119 :<\/h1>\n<ul>\n<li>Sto\u017cki centruj\u0105ce,<\/li>\n<li>M\u0142otko-szczypce do monta\u017cu i demonta\u017cu ci\u0119\u017cark\u00f3w,<\/li>\n<li>Cyrkiel<\/li>\n<\/ul>\n<\/div>\n<\/div>\n<\/div>\n<\/div>","protected":false},"excerpt":{"rendered":"<h1>Kompletny zestaw do wulkanizacji \u2013 dla profesjonalnych warsztat\u00f3w i serwis\u00f3w opon<\/h1>\n<p><b>Postaw na niezawodno\u015b\u0107, precyzj\u0119 i moc <\/b>\u2013 wybierz zestaw <b>EURO TRADE ETGE-210 BLACK + EURO TRADE ETGE-904 BLACK<\/b>, kt\u00f3ry \u0142\u0105czy w sobie <b>najwy\u017csz\u0105 jako\u015b\u0107 wykonania<\/b> z funkcjonalno\u015bci\u0105 na poziomie sprz\u0119tu <b>premium.<\/b><\/p>\n<p>To idealne rozwi\u0105zanie zar\u00f3wno do <b>profesjonalnych<\/b> <b>warsztat\u00f3w samochodowych<\/b>, jak i mniejszych serwis\u00f3w opon osobowych i warsztat\u00f3w.<\/p>","protected":false},"featured_media":24932,"comment_status":"open","ping_status":"closed","template":"","meta":[],"product_brand":[85],"product_cat":[121,120,119],"product_tag":[],"class_list":{"0":"post-24931","1":"product","2":"type-product","3":"status-publish","4":"has-post-thumbnail","6":"product_brand-euro-trade","7":"product_cat-07-zestawy-urzadzen-warsztatowych","8":"product_cat-06-wywazarki-do-kol","9":"product_cat-05-montazownice-do-opon","10":"product_shipping_class-zestaw-maszyn","12":"first","13":"instock","14":"taxable","15":"shipping-taxable","16":"purchasable","17":"product-type-simple"},"_links":{"self":[{"href":"https:\/\/etge.pl\/en\/wp-json\/wp\/v2\/product\/24931","targetHints":{"allow":["GET"]}}],"collection":[{"href":"https:\/\/etge.pl\/en\/wp-json\/wp\/v2\/product"}],"about":[{"href":"https:\/\/etge.pl\/en\/wp-json\/wp\/v2\/types\/product"}],"replies":[{"embeddable":true,"href":"https:\/\/etge.pl\/en\/wp-json\/wp\/v2\/comments?post=24931"}],"wp:featuredmedia":[{"embeddable":true,"href":"https:\/\/etge.pl\/en\/wp-json\/wp\/v2\/media\/24932"}],"wp:attachment":[{"href":"https:\/\/etge.pl\/en\/wp-json\/wp\/v2\/media?parent=24931"}],"wp:term":[{"taxonomy":"product_brand","embeddable":true,"href":"https:\/\/etge.pl\/en\/wp-json\/wp\/v2\/product_brand?post=24931"},{"taxonomy":"product_cat","embeddable":true,"href":"https:\/\/etge.pl\/en\/wp-json\/wp\/v2\/product_cat?post=24931"},{"taxonomy":"product_tag","embeddable":true,"href":"https:\/\/etge.pl\/en\/wp-json\/wp\/v2\/product_tag?post=24931"}],"curies":[{"name":"wp","href":"https:\/\/api.w.org\/{rel}","templated":true}]}}