{"id":25074,"date":"2026-05-07T08:22:13","date_gmt":"2026-05-07T06:22:13","guid":{"rendered":"https:\/\/etge.pl\/?post_type=product&#038;p=25074"},"modified":"2026-05-07T10:51:45","modified_gmt":"2026-05-07T08:51:45","slug":"podnosnik-samochodowy-warsztatowy-4-kolumnowy-etge-4000ch-mobilny","status":"publish","type":"product","link":"https:\/\/etge.pl\/en\/product\/podnosnik-samochodowy-warsztatowy-4-kolumnowy-etge-4000ch-mobilny\/","title":{"rendered":"Podno\u015bnik Samochodowy Warsztatowy 4-kolumnowy ETGE-4000CH Mobilny"},"content":{"rendered":"<h4>Podno\u015bnik Samochodowy Czterokolumnowy 4-kolumnowy ETGE-4000CH Mobilny<\/h4>\n<div class=\"mp4t_16_s mryx_16_s mr3m_1 mli2_1 mh85_56 mh85_0_l\">\n<div class=\"mgn2_16 _0d3bd_am0a-\">\n<p>Nowoczesny podno\u015bnik czterokolumnowy ETGE-4000CH to profesjonalne urz\u0105dzenie przeznaczone do obs\u0142ugi samochod\u00f3w osobowych, SUV-\u00f3w oraz lekkich pojazd\u00f3w dostawczych.<\/p>\n<p>Dzi\u0119ki solidnej konstrukcji oraz du\u017cej powierzchni najazdowej doskonale sprawdza si\u0119 zar\u00f3wno w warsztatach samochodowych, jak i jako system do przechowywania pojazd\u00f3w.<\/p>\n<p>To idealne rozwi\u0105zanie dla serwis\u00f3w, gara\u017cy prywatnych, dealer\u00f3w samochodowych oraz klient\u00f3w, kt\u00f3rzy potrzebuj\u0105 maksymalnej stabilno\u015bci i bezpiecze\u0144stwa pracy.<\/p>\n<h5>OPCJONALNIE MO\u017bLIWO\u015a\u0106 ZAKUPU PODNO\u015aNIKA OSI !<\/h5>\n<h4>Specyfikacja:<\/h4>\n<ul>\n<li>Ud\u017awig:4000kg<\/li>\n<li>Ca\u0142kowita wysoko\u015b\u0107: 2190mm<\/li>\n<li>Ca\u0142kowita d\u0142ugo\u015b\u0107: 5400mm<\/li>\n<li>Ca\u0142kowita szeroko\u015b\u0107:2930mm<\/li>\n<li>Minimalna wysoko\u015b\u0107 podnoszenia: 125mm<\/li>\n<li>Maksymalna wysoko\u015b\u0107 podnoszenia: 1880mm<\/li>\n<li>D\u0142ugo\u015b\u0107 najazdu: 4000mm<\/li>\n<li>Szeroko\u015b\u0107 najazdu: 475mm<\/li>\n<li>Zasilanie:230V<\/li>\n<li>Moc silnika: 2,2kW<\/li>\n<li>Czas podnoszenia: 50-60s<\/li>\n<\/ul>\n<\/div>\n<\/div>","protected":false},"excerpt":{"rendered":"<h4>Podno\u015bnik Samochodowy Warsztatowy 4-kolumnowy ETGE-4000CH Mobilny<\/h4>\n<p>Nowoczesny podno\u015bnik czterokolumnowy ETGE-4000CH to profesjonalne urz\u0105dzenie przeznaczone do obs\u0142ugi samochod\u00f3w osobowych, SUV-\u00f3w oraz lekkich pojazd\u00f3w dostawczych.<\/p>","protected":false},"featured_media":25077,"comment_status":"open","ping_status":"closed","template":"","meta":[],"product_brand":[],"product_cat":[133,126],"product_tag":[],"class_list":{"0":"post-25074","1":"product","2":"type-product","3":"status-publish","4":"has-post-thumbnail","6":"product_cat-podnosniki-kolumnowe","7":"product_cat-03-podnosniki-czterokolumnowe","8":"product_shipping_class-4-kol-male","10":"first","11":"instock","12":"taxable","13":"shipping-taxable","14":"purchasable","15":"product-type-simple"},"_links":{"self":[{"href":"https:\/\/etge.pl\/en\/wp-json\/wp\/v2\/product\/25074","targetHints":{"allow":["GET"]}}],"collection":[{"href":"https:\/\/etge.pl\/en\/wp-json\/wp\/v2\/product"}],"about":[{"href":"https:\/\/etge.pl\/en\/wp-json\/wp\/v2\/types\/product"}],"replies":[{"embeddable":true,"href":"https:\/\/etge.pl\/en\/wp-json\/wp\/v2\/comments?post=25074"}],"wp:featuredmedia":[{"embeddable":true,"href":"https:\/\/etge.pl\/en\/wp-json\/wp\/v2\/media\/25077"}],"wp:attachment":[{"href":"https:\/\/etge.pl\/en\/wp-json\/wp\/v2\/media?parent=25074"}],"wp:term":[{"taxonomy":"product_brand","embeddable":true,"href":"https:\/\/etge.pl\/en\/wp-json\/wp\/v2\/product_brand?post=25074"},{"taxonomy":"product_cat","embeddable":true,"href":"https:\/\/etge.pl\/en\/wp-json\/wp\/v2\/product_cat?post=25074"},{"taxonomy":"product_tag","embeddable":true,"href":"https:\/\/etge.pl\/en\/wp-json\/wp\/v2\/product_tag?post=25074"}],"curies":[{"name":"wp","href":"https:\/\/api.w.org\/{rel}","templated":true}]}}