{"id":23386,"date":"2025-04-09T15:35:19","date_gmt":"2025-04-09T13:35:19","guid":{"rendered":"https:\/\/etge.pl\/produkt\/montazownica-do-opon-etge-210wywazarka-do-kol-etge-901\/"},"modified":"2025-09-24T15:25:56","modified_gmt":"2025-09-24T13:25:56","slug":"montazownica-do-opon-etge-210wywazarka-do-kol-etge-901","status":"publish","type":"product","link":"https:\/\/etge.pl\/hu\/termek\/montazownica-do-opon-etge-210wywazarka-do-kol-etge-901\/","title":{"rendered":"Monta\u017cownica do opon ETGE 210 + Wywa\u017carka do k\u00f3\u0142 ETGE-901"},"content":{"rendered":"<div class=\"mp4t_16_s mryx_16_s mr3m_1 mli2_1 mh85_56 mh85_0_l\">\n<div class=\"mgn2_16 _0d3bd_am0a-\">\n<h4 style=\"text-align: left;\">ZESTAW DO WULKANIZACJI MONTA\u017bOWNICA ETGE-210 + WYWA\u017bARKA ETGE-901<\/h4>\n<p style=\"text-align: left;\">Szukasz niezawodnego i profesjonalnego sprz\u0119tu do serwisu opon?<\/p>\n<p style=\"text-align: left;\">Zestaw\u00a0<b>Wywa\u017carka ETGE-901<\/b>\u00a0+\u00a0<b>Monta\u017cownica ETGE-210<\/b>\u00a0od\u00a0<b>Euro Trade<\/b>\u00a0to doskona\u0142y wyb\u00f3r dla ka\u017cdego warsztatu wulkanizacyjnego!<\/p>\n<p style=\"text-align: left;\">Dzi\u0119ki temu zestawowi zaoszcz\u0119dzisz czas, zapewniaj\u0105c klientom szybk\u0105, dok\u0142adn\u0105 i efektywn\u0105 obs\u0142ug\u0119.<\/p>\n<p>&nbsp;<\/p>\n<\/div>\n<div class=\"mpof_ki myre_zn myre_8v_l m389_6m_l\" style=\"text-align: left;\">\n<div class=\"mp4t_16_s mryx_16_s mr3m_1 mli2_1 mh85_56 mh85_0_l\">\n<div class=\"mgn2_16 _0d3bd_am0a-\">\n<h4>Zestaw zawiera:<\/h4>\n<p><b>Wywa\u017carka do k\u00f3\u0142 ETGE-901<\/b><\/p>\n<p><b>Monta\u017cownica do opon ETGE-210<\/b><\/p>\n<p>&nbsp;<\/p>\n<h4><b>Akcesoria wulkanizacyjne:<\/b><\/h4>\n<ul>\n<li>Pojemnik na past\u0119<\/li>\n<li>\u0141y\u017cka monta\u017cowa<\/li>\n<li>Cyrkiel<\/li>\n<li>M\u0142otko-szczypce do monta\u017cu i demonta\u017cu ci\u0119\u017cark\u00f3w<\/li>\n<li>Zestaw sto\u017ck\u00f3w centruj\u0105cych<\/li>\n<li>\u015aruba mocuj\u0105ca<\/li>\n<\/ul>\n<\/div>\n<\/div>\n<div class=\"mp4t_16_s mryx_16_s mr3m_1 mli2_1 mh85_56 mh85_0_l\">\n<div class=\"mg9e_8 mj7a_8 mg9e_0_s mvrt_0_s mj7a_0_s mh36_0_s mzmg_6m munh_16_l m3h2_16_l\">\n<div class=\"mp4t_0 mryx_0 munh_56 m3h2_56\">\n<div class=\"mp7g_oh\"><\/div>\n<\/div>\n<\/div>\n<\/div>\n<\/div>\n<div class=\"mpof_ki myre_zn myre_8v_l m389_6m_l\" style=\"text-align: left;\">\n<div class=\"mp4t_16_s mryx_16_s mr3m_1 mli2_1 mh85_56 mh85_0_l\">\n<div class=\"mgn2_16 _0d3bd_am0a-\">\n<h4>Monta\u017cownica do Opon ETGE-210<\/h4>\n<p><b>Specyfikacja techniczna:<\/b><\/p>\n<p><b>Zasilanie:<\/b>\u00a0380V<\/p>\n<p><b>Moc silnika:<\/b>\u00a02.2 kW<\/p>\n<p><b>Zasilanie pneumatyczne:<\/b>\u00a08-10 Bar<\/p>\n<p><b>Zakres mocowania felg wewn\u0119trznych:<\/b>\u00a010&#8243; \u2013 22&#8243;<\/p>\n<p><b>Zakres mocowania felg zewn\u0119trznych:<\/b>\u00a012&#8243; \u2013 24&#8243;<\/p>\n<p><b>Moc zbijaka:<\/b>\u00a02700 kg<\/p>\n<p><b>Maksymalna \u015brednica ko\u0142a:<\/b>\u00a0960 mm<\/p>\n<p><b>Maksymalna szeroko\u015b\u0107 ko\u0142a:<\/b>\u00a015&#8243;<\/p>\n<p><b>Poziom ha\u0142asu:<\/b>\u00a0&lt; 70 dB<\/p>\n<p>&nbsp;<\/p>\n<\/div>\n<\/div>\n<\/div>\n<div class=\"mpof_ki myre_zn myre_8v_l m389_6m_l\" style=\"text-align: left;\">\n<div class=\"mp4t_16_s mryx_16_s mr3m_1 mli2_1 mh85_56 mh85_0_l\">\n<div class=\"mgn2_16 _0d3bd_am0a-\">\n<h4>Dodatkowe informacje:<\/h4>\n<p><b>Monta\u017cownica do opon \u00a0ETGE-210<\/b>\u00a0jest przystosowana do\u00a0profesjonalnego zastosowania\u00a0w serwisach wymiany opon.<\/p>\n<p><b>St\u00f3\u0142 monta\u017cowy<\/b>\u00a0(z obrotami prawo\/lewo) z systemem\u00a0samocentruj\u0105cych szcz\u0119k<\/p>\n<p><b>Stopka wraz z systemem blokowania<\/b><\/p>\n<p><b>Odwadniacz + naolejacz\u00a0<\/b>wraz z\u00a0pistoletem do pompowania opon<\/p>\n<p><b>Peda\u0142y steruj\u0105ce\u00a0<\/b>( od lewej : obroty sto\u0142u, sterowanie otwarciem\/zamkni\u0119ciem si\u0119 szcz\u0119k , sterowanie zbijakiem)<\/p>\n<p><b>Zbijak o maksymalnym nacisku 2700KG<\/b><\/p>\n<\/div>\n<\/div>\n<div class=\"mp4t_16_s mryx_16_s mr3m_1 mli2_1 mh85_56 mh85_0_l\">\n<div class=\"mg9e_8 mj7a_8 mg9e_0_s mvrt_0_s mj7a_0_s mh36_0_s mzmg_6m munh_16_l m3h2_16_l\">\n<div class=\"mp4t_0 mryx_0 munh_56 m3h2_56\">\n<div class=\"mp7g_oh\"><\/div>\n<\/div>\n<\/div>\n<\/div>\n<\/div>\n<div class=\"mpof_ki myre_zn myre_8v_l m389_6m_l\" style=\"text-align: left;\">\n<div class=\"mp4t_16_s mryx_16_s mr3m_1 mli2_1 mh85_56 mh85_0_l\">\n<div class=\"mg9e_8 mj7a_8 mg9e_0_s mvrt_0_s mj7a_0_s mh36_0_s mzmg_6m munh_16_l m3h2_16_l\">\n<div class=\"mp4t_0 mryx_0 munh_56 m3h2_56\">\n<div class=\"mp7g_oh\"><\/div>\n<\/div>\n<\/div>\n<\/div>\n<div class=\"mp4t_16_s mryx_16_s mr3m_1 mli2_1 mh85_56 mh85_0_l\">\n<div class=\"mgn2_16 _0d3bd_am0a-\">\n<h4>Dlaczego warto wybra\u0107 monta\u017cownic\u0119 ETGE-210?<\/h4>\n<p><b>Szerokie zastosowanie:<\/b>\u00a0Doskona\u0142a do serwis\u00f3w opon w samochodach osobowych i dostawczych!<\/p>\n<p><b>Niezawodno\u015b\u0107:<\/b>\u00a0Wysokiej jako\u015bci komponenty zapewniaj\u0105 niezawodn\u0105, d\u0142ugotrwa\u0142\u0105 prac\u0119!<\/p>\n<p><b>\u0141atwa obs\u0142uga:<\/b>\u00a0Peda\u0142y steruj\u0105ce (obr\u00f3t sto\u0142u, otwieranie\/zamykanie szcz\u0119k, sterowanie zbijakiem) zapewniaj\u0105 wygod\u0119 pracy!<\/p>\n<p>&nbsp;<\/p>\n<\/div>\n<\/div>\n<\/div>\n<div class=\"mpof_ki myre_zn myre_8v_l m389_6m_l\" style=\"text-align: left;\">\n<div class=\"mp4t_16_s mryx_16_s mr3m_1 mli2_1 mh85_56 mh85_0_l\">\n<div class=\"mgn2_16 _0d3bd_am0a-\">\n<h4>Wywa\u017carka do K\u00f3\u0142 ETGE-901<\/h4>\n<p><b>Specyfikacja techniczna:<\/b><\/p>\n<p><b>Zasilanie:<\/b>\u00a0230V<\/p>\n<p><b>Moc silnika:<\/b>\u00a0250 W<\/p>\n<p><b>Maksymalna waga ko\u0142a:<\/b>\u00a065 kg<\/p>\n<p><b>Zakres szeroko\u015bci ko\u0142a:<\/b>\u00a01,5&#8243; &#8211; 20&#8243;<\/p>\n<p><b>Zakres \u015brednicy ko\u0142a:<\/b>\u00a010&#8243; &#8211; 24&#8243;<\/p>\n<p><b>Dok\u0142adno\u015b\u0107 wywa\u017cenia:<\/b>\u00a01 g<\/p>\n<p><b>Czas pomiaru:<\/b>\u00a08 sek.<\/p>\n<p><b>Poziom ha\u0142asu:<\/b>\u00a0&lt; 70 dB<\/p>\n<p><b>Certyfikat CE<\/b><\/p>\n<\/div>\n<\/div>\n<div class=\"mp4t_16_s mryx_16_s mr3m_1 mli2_1 mh85_56 mh85_0_l\">\n<div class=\"mg9e_8 mj7a_8 mg9e_0_s mvrt_0_s mj7a_0_s mh36_0_s mzmg_6m munh_16_l m3h2_16_l\">\n<div class=\"mp7g_oh\"><\/div>\n<\/div>\n<\/div>\n<\/div>\n<div class=\"mpof_ki myre_zn myre_8v_l m389_6m_l\" style=\"text-align: left;\">\n<div class=\"mp4t_16_s mryx_16_s mr3m_1 mli2_1 mh85_56 mh85_0_l\">\n<div class=\"mg9e_8 mj7a_8 mg9e_0_s mvrt_0_s mj7a_0_s mh36_0_s mzmg_6m munh_16_l m3h2_16_l\">\n<div class=\"mp4t_0 mryx_0 munh_56 m3h2_56\">\n<div class=\"mp7g_oh\"><\/div>\n<\/div>\n<\/div>\n<\/div>\n<div class=\"mp4t_16_s mryx_16_s mr3m_1 mli2_1 mh85_56 mh85_0_l\">\n<div class=\"mgn2_16 _0d3bd_am0a-\">\n<h4>Tryby pracy wywa\u017carki ETGE-901:<\/h4>\n<p><b>Statyczne i dynamiczne wywa\u017canie<\/b><\/p>\n<p><b>Felgi stalowe i aluminiowe<\/b>\u00a0(ci\u0119\u017carki klejone i nabijane)<\/p>\n<p><b>Felgi motocyklowe<\/b><\/p>\n<p><b>Ukrywanie ci\u0119\u017cark\u00f3w za ramionami felgi<\/b><\/p>\n<p><b>Alu S-Optymalizacja niewywa\u017cenia<\/b><\/p>\n<\/div>\n<\/div>\n<\/div>\n<div class=\"mpof_ki myre_zn myre_8v_l m389_6m_l\" style=\"text-align: left;\">\n<div class=\"mp4t_16_s mryx_16_s mr3m_1 mli2_1 mh85_56 mh85_0_l\">\n<div class=\"mg9e_8 mj7a_8 mg9e_0_s mvrt_0_s mj7a_0_s mh36_0_s mzmg_6m munh_16_l m3h2_16_l\">\n<div class=\"mp4t_0 mryx_0 munh_56 m3h2_56\">\n<div class=\"mp7g_oh\"><\/div>\n<\/div>\n<\/div>\n<\/div>\n<div class=\"mp4t_16_s mryx_16_s mr3m_1 mli2_1 mh85_56 mh85_0_l\">\n<div class=\"mgn2_16 _0d3bd_am0a-\">\n<h4>Funkcje wywa\u017carki ETGE-901:<\/h4>\n<p><b>Automatyczny START\/STOP<\/b>\u00a0po zamkni\u0119ciu os\u0142ony ko\u0142a<\/p>\n<p><b>Samodiagnoza awarii i kalibracja<\/b><\/p>\n<p><b>Intuicyjny wy\u015bwietlacz LED<\/b>\u00a0z przyciskami steruj\u0105cymi<\/p>\n<p><b>Praktyczny schowek na ci\u0119\u017carki<\/b>\u00a0\u2013 porz\u0105dek w miejscu pracy!<\/p>\n<\/div>\n<\/div>\n<\/div>\n<div class=\"mpof_ki myre_zn myre_8v_l m389_6m_l\" style=\"text-align: left;\">\n<div class=\"mp4t_16_s mryx_16_s mr3m_1 mli2_1 mh85_56 mh85_0_l\">\n<div class=\"mg9e_8 mj7a_8 mg9e_0_s mvrt_0_s mj7a_0_s mh36_0_s mzmg_6m munh_16_l m3h2_16_l\">\n<div class=\"mp4t_0 mryx_0 munh_56 m3h2_56\">\n<div class=\"mp7g_oh\"><\/div>\n<\/div>\n<\/div>\n<\/div>\n<div class=\"mp4t_16_s mryx_16_s mr3m_1 mli2_1 mh85_56 mh85_0_l\">\n<div class=\"mgn2_16 _0d3bd_am0a-\">\n<h4>Dlaczego ta wywa\u017carka ?<\/h4>\n<p><b>Intuicyjny wy\u015bwietlacz z przyciskami steruj\u0105cymi wywa\u017cark\u0105<\/b>\u00a0&#8211; Dzi\u0119ki temu wy\u015bwietlaczowi u\u017cytkownik mo\u017ce \u0142atwo i szybko dostosowa\u0107 ustawienia wywa\u017carki do konkretnych wymaga\u0144. To zwi\u0119ksza precyzj\u0119 i efektywno\u015b\u0107 procesu wywa\u017cania.<\/p>\n<p><b>Praktyczny schowek na ci\u0119\u017carki &#8211;<\/b>\u00a0To udogodnienie pomaga w utrzymaniu porz\u0105dku i organizacji w miejscu pracy. U\u017cytkownik ma \u0142atwy dost\u0119p do ci\u0119\u017cark\u00f3w, co przyspiesza proces wywa\u017cania i minimalizuje straty czasu.<\/p>\n<p><b>Mocny i wytrzyma\u0142y wa\u0142ek do monta\u017cu ko\u0142a<\/b>\u00a0&#8211; Ten element odgrywa kluczow\u0105 rol\u0119 w procesie monta\u017cu ko\u0142a na urz\u0105dzeniu. Jego wysoka jako\u015b\u0107 i wytrzyma\u0142o\u015b\u0107 gwarantuj\u0105, \u017ce wa\u0142ek wytrzyma du\u017ce obci\u0105\u017cenia i b\u0119dzie s\u0142u\u017cy\u0142 przez d\u0142ugi czas.<\/p>\n<p><b>Dodatkowy wieszak z boku maszyny &#8211;<\/b>\u00a0Dodatkowy wieszak to praktyczne rozwi\u0105zanie, kt\u00f3re umo\u017cliwia przechowywanie dodatkowych narz\u0119dzi lub akcesori\u00f3w niezb\u0119dnych w procesie wywa\u017cania. To zwi\u0119ksza efektywno\u015b\u0107 pracy, poniewa\u017c wszystkie niezb\u0119dne elementy s\u0105 \u0142atwo dost\u0119pne.<\/p>\n<p><b>Precyzyjno\u015b\u0107:<\/b>\u00a0Dzi\u0119ki dok\u0142adno\u015bci do 1 g, Twoje ko\u0142a b\u0119d\u0105 perfekcyjnie wywa\u017cone!<\/p>\n<p><b>\u0141atwo\u015b\u0107 obs\u0142ugi:<\/b>\u00a0Intuicyjny panel steruj\u0105cy i wy\u015bwietlacz LED sprawiaj\u0105, \u017ce obs\u0142uga urz\u0105dzenia jest szybka i prosta!<\/p>\n<p><b>Komfort pracy:<\/b>\u00a0Cicha praca urz\u0105dzenia (&lt; 70 dB) zapewnia komfort w ka\u017cdym warsztacie!<\/p>\n<p>Wszystkie te funkcje sprawiaj\u0105, \u017ce ta wywa\u017carka jest nie tylko \u0142atwa w obs\u0142udze, ale tak\u017ce wydajna i komfortowa w u\u017cytkowaniu. Dzi\u0119ki nim proces wywa\u017cania staje si\u0119 szybszy, bardziej precyzyjny i mniej uci\u0105\u017cliwy dla operatora.<\/p>\n<p>&nbsp;<\/p>\n<\/div>\n<\/div>\n<\/div>\n<div class=\"mpof_ki myre_zn myre_8v_l m389_6m_l\">\n<div class=\"mp4t_16_s mryx_16_s mr3m_1 mli2_1 mh85_56 mh85_0_l\">\n<div class=\"mgn2_16 _0d3bd_am0a-\">\n<h4 style=\"text-align: left;\">Zestaw wulkanizacyjny Euro Trade<\/h4>\n<p style=\"text-align: left;\">Jest to inwestycja, kt\u00f3ra zdecydowanie podniesie jako\u015b\u0107 Twoich us\u0142ug i poprawi efektywno\u015b\u0107 pracy w Twoim serwisie! Dzi\u0119ki niezawodno\u015bci, precyzyjno\u015bci i solidnym materia\u0142om, zestaw zapewnia d\u0142ugotrwa\u0142\u0105 bezawaryjn\u0105 eksploatacj\u0119. Zr\u00f3b krok ku profesjonalizmowi i zadowoleniu klient\u00f3w!<\/p>\n<p style=\"text-align: left;\"><b>Zainwestuj w zestaw Euro Trade i ciesz si\u0119 niezawodn\u0105 jako\u015bci\u0105 przez lata!<\/b><\/p>\n<\/div>\n<\/div>\n<\/div>\n<\/div>","protected":false},"excerpt":{"rendered":"<h4>Zestaw\u00a0<b>Wywa\u017carka ETGE-901<\/b>\u00a0+\u00a0<b>Monta\u017cownica ETGE-210<\/b>\u00a0od\u00a0<b>Euro Trade<\/b><\/h4>\n<p>to doskona\u0142y wyb\u00f3r dla ka\u017cdego warsztatu wulkanizacyjnego!<\/p>\n<p>Dzi\u0119ki temu zestawowi zaoszcz\u0119dzisz czas, zapewniaj\u0105c klientom szybk\u0105, dok\u0142adn\u0105 i efektywn\u0105 obs\u0142ug\u0119.<\/p>","protected":false},"featured_media":23387,"comment_status":"open","ping_status":"closed","template":"","meta":[],"product_brand":[],"product_cat":[121,120,119],"product_tag":[],"class_list":{"0":"post-23386","1":"product","2":"type-product","3":"status-publish","4":"has-post-thumbnail","6":"product_cat-07-zestawy-urzadzen-warsztatowych","7":"product_cat-06-wywazarki-do-kol","8":"product_cat-05-montazownice-do-opon","9":"product_shipping_class-zestaw-maszyn","11":"first","12":"instock","13":"taxable","14":"shipping-taxable","15":"purchasable","16":"product-type-simple"},"_links":{"self":[{"href":"https:\/\/etge.pl\/hu\/wp-json\/wp\/v2\/product\/23386","targetHints":{"allow":["GET"]}}],"collection":[{"href":"https:\/\/etge.pl\/hu\/wp-json\/wp\/v2\/product"}],"about":[{"href":"https:\/\/etge.pl\/hu\/wp-json\/wp\/v2\/types\/product"}],"replies":[{"embeddable":true,"href":"https:\/\/etge.pl\/hu\/wp-json\/wp\/v2\/comments?post=23386"}],"wp:featuredmedia":[{"embeddable":true,"href":"https:\/\/etge.pl\/hu\/wp-json\/wp\/v2\/media\/23387"}],"wp:attachment":[{"href":"https:\/\/etge.pl\/hu\/wp-json\/wp\/v2\/media?parent=23386"}],"wp:term":[{"taxonomy":"product_brand","embeddable":true,"href":"https:\/\/etge.pl\/hu\/wp-json\/wp\/v2\/product_brand?post=23386"},{"taxonomy":"product_cat","embeddable":true,"href":"https:\/\/etge.pl\/hu\/wp-json\/wp\/v2\/product_cat?post=23386"},{"taxonomy":"product_tag","embeddable":true,"href":"https:\/\/etge.pl\/hu\/wp-json\/wp\/v2\/product_tag?post=23386"}],"curies":[{"name":"wp","href":"https:\/\/api.w.org\/{rel}","templated":true}]}}