{"id":24804,"date":"2025-08-19T13:53:50","date_gmt":"2025-08-19T11:53:50","guid":{"rendered":"https:\/\/etge.pl\/?post_type=product&#038;p=24804"},"modified":"2026-02-16T13:05:25","modified_gmt":"2026-02-16T12:05:25","slug":"podnosnik-samochodowy-warsztatowy-do-busow-laczenie-gorne-etge-tl-60-6000kg","status":"publish","type":"product","link":"https:\/\/etge.pl\/hu\/termek\/podnosnik-samochodowy-warsztatowy-do-busow-laczenie-gorne-etge-tl-60-6000kg\/","title":{"rendered":"Podno\u015bnik Samochodowy Warsztatowy Do Bus\u00f3w \u0141\u0105czenie g\u00f3rne ETGE TL-60 6000KG"},"content":{"rendered":"<h4 style=\"text-align: left;\"><strong>Podno\u015bnik Samochodowy Warsztatowy Do Bus\u00f3w \u0141\u0105czenie g\u00f3rne ETGE TL-60 6000KG<\/strong><\/h4>\n<p style=\"text-align: left;\">Mo\u017cna dzi\u0119ki niemu podnie\u015b\u0107 samoch\u00f3d na tak\u0105 wysoko\u015b\u0107 (wysoko\u015b\u0107 podnoszenia &#8211; 190cm) by swobodnie i bezpiecznie si\u0119 pod nim przemieszcza\u0107.<\/p>\n<p style=\"text-align: left;\">Mocne si\u0142owniki, wzmocnione zapadki bezpiecze\u0144stwa oraz liny synchronizuj\u0105ce dwie kolumny ze sob\u0105, zapewniaj\u0105 pewny sprz\u0119t dla ka\u017cdego mechanika na d\u0142ugie lata.<\/p>\n<p style=\"text-align: left;\">Ramiona podno\u015bnika s\u0105 asymetryczne ( przednie s\u0105 d\u0142u\u017csze, natomiast tylne \u0142apy kr\u00f3tsze). Powy\u017csze rozwi\u0105zanie pozwala na stabilne i bezpieczne zachowanie optymalnej r\u00f3wnowagi samochodu podczas podnoszenia. W podno\u015bniku zastosowany zosta\u0142 system teleskopowej regulacji ramion &#8211; pozwala to na wygodne i szybsze ustawienie miejsca podparcia samochodu.<\/p>\n<h4 style=\"text-align: left;\"><b>Informacje dodatkowe:<\/b><\/h4>\n<ul style=\"text-align: left;\">\n<li>\u0141\u0105czenie g\u00f3rne &#8211; wolny przejazd<\/li>\n<li>Automatyczne odblokowanie zapadek za pomoc\u0105 elektromagnes\u00f3w<\/li>\n<li>Nap\u0119d elektro-hydrauliczny<\/li>\n<li>Asymetryczne ramiona<\/li>\n<li>Wy\u0142\u0105cznik kra\u0144cowy<\/li>\n<li>Zabezpieczenie przed zmia\u017cd\u017ceniem stopy (wymagane przez UDT).<\/li>\n<li>Pe\u0142na dokumentacja: deklaracja zgodno\u015bci, certyfikat CE, polska instrukcja obs\u0142ugi<\/li>\n<li>Solidna i estetyczna konstrukcja<\/li>\n<li>Wzmocniona pompa hydrauliczna<\/li>\n<li>Lakierowanie proszkowe<\/li>\n<\/ul>\n<p style=\"text-align: left;\">Kolory i odcienie urz\u0105dze\u0144 mog\u0105 si\u0119 r\u00f3\u017cni\u0107 w zale\u017cno\u015bci od partii produkcyjnej.<\/p>\n<div class=\"mp4t_16_s mryx_16_s mr3m_1 mli2_1 mh85_56 mh85_0_l\">\n<div class=\"mgn2_16 _0d3bd_am0a-\">\n<h4 style=\"text-align: left;\"><b>Zastosowanie podno\u015bnika:<\/b><\/h4>\n<p style=\"text-align: left;\">Tym podno\u015bnikiem mo\u017cna podnie\u015b\u0107 wszystkie samochody, pocz\u0105wszy od Smart&#8217;a ko\u0144cz\u0105c na wi\u0119kszych samochodach osobowych.<\/p>\n<p style=\"text-align: left;\">Mo\u017cna dzi\u0119ki niemu podnie\u015b\u0107 samoch\u00f3d na tak\u0105 wysoko\u015b\u0107\u00a0(wysoko\u015b\u0107 podnoszenia &#8211; 190cm) by swobodnie i bezpiecznie si\u0119 pod nim przemieszcza\u0107.<\/p>\n<p style=\"text-align: left;\">Mocne si\u0142owniki, wzmocnione zapadki bezpiecze\u0144stwa oraz liny synchronizuj\u0105ce dwie kolumny ze sob\u0105, zapewniaj\u0105 pewny sprz\u0119t dla ka\u017cdego mechanika na d\u0142ugie lata.<\/p>\n<h4 style=\"text-align: left;\"><b>Uniwersalno\u015b\u0107 podno\u015bnika<\/b><\/h4>\n<p style=\"text-align: left;\">Ramiona podno\u015bnika s\u0105 asymetryczne ( przednie s\u0105 d\u0142u\u017csze, natomiast tylne \u0142apy kr\u00f3tsze). Powy\u017csze rozwi\u0105zanie pozwala na stabilne i bezpieczne zachowanie optymalnej r\u00f3wnowagi samochodu podczas podnoszenia. W podno\u015bniku zastosowany zosta\u0142 system teleskopowej regulacji ramion &#8211; pozwala to na wygodne i szybsze ustawienie miejsca podparcia samochodu.<\/p>\n<p style=\"text-align: left;\">Prosty panel steruj\u0105cy<\/p>\n<p style=\"text-align: left;\">Panel steruj\u0105cy podno\u015bnika sk\u0142ada si\u0119 z trzech guzik\u00f3w, wy\u0142\u0105cznika awaryjnego oraz diody informuj\u0105cej nas o w\u0142\u0105czonym zasilaniu:<\/p>\n<p style=\"text-align: left;\">1. Czarny (UP) &#8211; unoszenie<\/p>\n<p style=\"text-align: left;\">2. Bia\u0142y (DOWN) &#8211; opuszczanie pojazdu na ziemi\u0119<\/p>\n<p style=\"text-align: left;\">3. \u017b\u00f3\u0142ty (LOCK) &#8211; opuszczanie samochodu do zapadki<\/p>\n<p style=\"text-align: left;\"><b>Dokumenty do UDT<\/b><\/p>\n<p style=\"text-align: left;\">Wszystkie podno\u015bniki oferowane przez nasz\u0105 firm\u0119 spe\u0142niaj\u0105 wymogi dotycz\u0105ce zg\u0142oszenia urz\u0105dzenia w Urz\u0119dzie Dozoru Technicznego.<\/p>\n<ul style=\"text-align: left;\">\n<li>Deklaracja zgodno\u015bci,<\/li>\n<li>Certyfikat CE,<\/li>\n<li>Polska instrukcja obs\u0142ugi<\/li>\n<\/ul>\n<h4 style=\"text-align: left;\"><b>Warunki zabudowy\u00a0podno\u015bnika<\/b><\/h4>\n<p style=\"text-align: left;\">Podno\u015bnik musi by\u0107 instalowany na poziomym, betonowym pod\u0142o\u017cu o grubo\u015bci minimum 250mm I odporno\u015bci \u226530N\/mm2 .<\/p>\n<ul>\n<li style=\"text-align: left;\">Klasa betonu C20\/25 zgodnie z norm\u0105 DIN 1045-2 (kiedy\u015b beton B25 zgodnie z DIN 1045)<\/li>\n<li style=\"text-align: left;\">Pod\u0142o\u017ce musi by\u0107 r\u00f3wne i p\u0142askie (10mm tolerancja spadu)<\/li>\n<li style=\"text-align: left;\">Podno\u015bniki s\u0105 zaprojektowane do u\u017cytkowania wewn\u0105trz pomieszcze\u0144.<\/li>\n<\/ul>\n<\/div>\n<\/div>","protected":false},"excerpt":{"rendered":"<h3>Podno\u015bnik Dwukolumnowy Samochodowy TL-60 6T 6000KG Do Bus\u00f3w \u0141\u0105czenie g\u00f3rne<\/h3>\n<p>Tym podno\u015bnikiem mo\u017cna podnie\u015b\u0107 wszystkie samochody, pocz\u0105wszy od Smart&#8217;a ko\u0144cz\u0105c na wi\u0119kszych samochodach osobowych.<\/p>\n<p>Mocne si\u0142owniki, wzmocnione zapadki bezpiecze\u0144stwa oraz liny synchronizuj\u0105ce dwie kolumny ze sob\u0105, zapewniaj\u0105 pewny sprz\u0119t dla ka\u017cdego mechanika na d\u0142ugie lata.<\/p>\n<p>&nbsp;<\/p>\n<h3><\/h3>","protected":false},"featured_media":24806,"comment_status":"open","ping_status":"closed","template":"","meta":[],"product_brand":[],"product_cat":[133,125],"product_tag":[],"class_list":{"0":"post-24804","1":"product","2":"type-product","3":"status-publish","4":"has-post-thumbnail","6":"product_cat-podnosniki-kolumnowe","7":"product_cat-02-podnosniki-dwukolumnowe","8":"product_shipping_class-2-kol-6t","10":"first","11":"instock","12":"taxable","13":"shipping-taxable","14":"purchasable","15":"product-type-simple"},"_links":{"self":[{"href":"https:\/\/etge.pl\/hu\/wp-json\/wp\/v2\/product\/24804","targetHints":{"allow":["GET"]}}],"collection":[{"href":"https:\/\/etge.pl\/hu\/wp-json\/wp\/v2\/product"}],"about":[{"href":"https:\/\/etge.pl\/hu\/wp-json\/wp\/v2\/types\/product"}],"replies":[{"embeddable":true,"href":"https:\/\/etge.pl\/hu\/wp-json\/wp\/v2\/comments?post=24804"}],"wp:featuredmedia":[{"embeddable":true,"href":"https:\/\/etge.pl\/hu\/wp-json\/wp\/v2\/media\/24806"}],"wp:attachment":[{"href":"https:\/\/etge.pl\/hu\/wp-json\/wp\/v2\/media?parent=24804"}],"wp:term":[{"taxonomy":"product_brand","embeddable":true,"href":"https:\/\/etge.pl\/hu\/wp-json\/wp\/v2\/product_brand?post=24804"},{"taxonomy":"product_cat","embeddable":true,"href":"https:\/\/etge.pl\/hu\/wp-json\/wp\/v2\/product_cat?post=24804"},{"taxonomy":"product_tag","embeddable":true,"href":"https:\/\/etge.pl\/hu\/wp-json\/wp\/v2\/product_tag?post=24804"}],"curies":[{"name":"wp","href":"https:\/\/api.w.org\/{rel}","templated":true}]}}