{"id":24974,"date":"2026-02-16T13:21:06","date_gmt":"2026-02-16T12:21:06","guid":{"rendered":"https:\/\/etge.pl\/?post_type=product&#038;p=24974"},"modified":"2026-02-16T13:58:12","modified_gmt":"2026-02-16T12:58:12","slug":"podnosnik-nozycowy-euro-trade-etge-scc35-3500kg-1835mm-22kw-podposadzkowy","status":"publish","type":"product","link":"https:\/\/etge.pl\/hu\/termek\/podnosnik-nozycowy-euro-trade-etge-scc35-3500kg-1835mm-22kw-podposadzkowy\/","title":{"rendered":"Podno\u015bnik No\u017cycowy Euro Trade ETGE- SCC35 3500KG 1835mm 2,2kW  Podposadzkowy"},"content":{"rendered":"<p>Podno\u015bnik No\u017cycowy Euro Trade ETGE-<br \/>\nSCC35 3500KG<\/p>\n<p>Model ten zosta\u0142 zaprojektowany do zabudowy w posadzce, co zapewnia najwy\u017cszy komfort<br \/>\npracy, pe\u0142n\u0105 swobod\u0119 manewrowania i mo\u017cliwo\u015b\u0107 obs\u0142ugi pojazd\u00f3w o bardzo niskim<br \/>\nprze\u015bwicie.<br \/>\nDzi\u0119ki mocnemu, niezawodnemu silnikowi 380V \u2013 3-fazowemu, solidnej hydraulice i<br \/>\nautomatycznemu systemowi pneumatycznego odblokowania, ETGE-SCC35 gwarantuje<br \/>\nbezpieczne i p\u0142ynne podnoszenie ka\u017cdego pojazdu do 3,5 tony.<\/p>\n<p>Dane techniczne:<br \/>\n\u2022 Model: ETGE-SCC35<br \/>\n\u2022 Ud\u017awig: 3500 kg<br \/>\n\u2022 Minimalna wysoko\u015b\u0107: 330 mm<br \/>\n\u2022 Maksymalna wysoko\u015b\u0107 podnoszenia: 2180 mm<br \/>\n\u2022 Moc silnika: 2,2 kW<br \/>\n\u2022 Ci\u015bnienie robocze: 18 MPa<br \/>\n\u2022 Zasilanie: 380V &#8211; 3 fazy<br \/>\n\u2022 Czas podnoszenia: ok. 50 s<br \/>\n\u2022 Czas opuszczania: ok. 35 s (regulowany)<br \/>\n\u2022 Waga podno\u015bnika: 810 kg<br \/>\n\u2022 Wymaga pod\u0142\u0105czenia spr\u0119\u017conego powietrza<\/p>\n<p>Wymagania posadzki i instalacji<br \/>\npodno\u015bnika:<br \/>\n\u2022 Wytrzyma\u0142o\u015b\u0107 betonu: zalecana klasa betonu to co najmniej B25 \/ C20\u2013C25, aby zapewni\u0107<br \/>\nodpowiedni\u0105 no\u015bno\u015b\u0107 konstrukcji.<br \/>\n\u2022 Minimalna grubo\u015b\u0107 p\u0142yty betonowej: pod obszarem pracy podno\u015bnika posadzka powinna<br \/>\nmie\u0107 nie mniej ni\u017c 150 mm grubo\u015bci.<br \/>\n\u2022 R\u00f3wno\u015b\u0107 powierzchni: dopuszczalne odchylenie poziomu posadzki to maks. \u00b15 mm.<br \/>\n\u2022 Czas schni\u0119cia betonu: monta\u017c mo\u017cliwy dopiero po co najmniej 3 tygodniach od wykonania<br \/>\nwylewki.<br \/>\n\u2022 Elementy kotwi\u0105ce: zestaw monta\u017cowy wymaga zastosowania 8 kotew o \u015brednicy \u00f816 mm i<br \/>\nd\u0142ugo\u015bci 120 mm.<\/p>\n<p>\u2022 Hydraulika: urz\u0105dzenie pracuje na oleju HL32 w okresie zimowym a HL46 w okresie letnim, a<br \/>\nwymagana ilo\u015b\u0107 to 18 litr\u00f3w.<br \/>\n\u2022 Przygotowanie instalacji elektrycznej &#8211; powinno oby\u0107 si\u0119 przez wykwalifikowanego<br \/>\nelektryka<br \/>\n\u2022 Pneumatyka: pod\u0142\u0105czenie powinno zapewnia\u0107 suche i nasmarowane powietrze, o ci\u015bnieniu<br \/>\nco najmniej 6 bar (maksymalnie 10 bar).<br \/>\n\u2022 Warunki monta\u017cu: instalacja podno\u015bnika jest mo\u017cliwa wy\u0142\u0105cznie wewn\u0105trz budynk\u00f3w.<\/p>\n<p>Dlaczego warto wybra\u0107 ETGE-SCC35?<br \/>\n\u2022 \u2714 Mocny silnik 380V \u2013 idealny do intensywnej pracy<br \/>\n\u2022 \u2714 Do zabudowy \u2013 najwygodniejszy typ podno\u015bnika do profesjonalnych stanowisk<br \/>\n\u2022 \u2714 Automatyczne, pneumatyczne zwalnianie blokad<br \/>\n\u2022 \u2714 Rozsuwane platformy \u2013 pe\u0142na regulacja<br \/>\n\u2022 \u2714 Wzmocnione prowadzenia i solidna stal<br \/>\n\u2022 \u2714 Punkty smarowania (kalamitki) \u2013 d\u0142ugowieczno\u015b\u0107 i bezawaryjno\u015b\u0107<br \/>\n\u2022 \u2714 W zestawie odwadniacz i naolejacz<br \/>\n\u2022 \u2714 Stabilna, bezpieczna, cicha praca<br \/>\n\u2022 \u2714 Komplet dokument\u00f3w do UDT<br \/>\nPodno\u015bnik ETGE-SCC35 to sprz\u0119t, kt\u00f3ry spe\u0142ni oczekiwania zar\u00f3wno profesjonalnych<br \/>\nwarsztat\u00f3w, jak i serwis\u00f3w, w kt\u00f3rych liczy si\u0119 szybko\u015b\u0107, stabilno\u015b\u0107 i wygoda pracy.<\/p>\n<p>Automatyczne sterowanie \u2013 pe\u0142na kontrola z<br \/>\npanelu<br \/>\nPodno\u015bnik wyposa\u017cono w prosty i niezawodny panel steruj\u0105cy, kt\u00f3ry umo\u017cliwia:<br \/>\n\u2022 podnoszenie,<br \/>\n\u2022 opuszczanie,<br \/>\n\u2022 automatyczne, pneumatyczne zwalnianie blokad bezpiecze\u0144stwa \u2014 wszystko z jednego<br \/>\nmiejsca, bez d\u017awigni i linkowych mechanizm\u00f3w.<br \/>\nIntuicyjne przyciski i sterowanie bezpiecznym napi\u0119ciem gwarantuj\u0105 wygod\u0119 oraz<br \/>\nbezpiecze\u0144stwo u\u017cytkownika.<br \/>\nPodno\u015bnik zosta\u0142 zaprojektowany z<br \/>\nnaciskiem na d\u0142ug\u0105, bezawaryjn\u0105<br \/>\neksploatacj\u0119 dzi\u0119ki zastosowaniu:<\/p>\n<p>Kalamitki (punkty smarowania)<br \/>\nZastosowane punkty smarne na ruchomych przegubach \u2013 \u0142atwa konserwacja, cicha i p\u0142ynna<br \/>\npraca.<\/p>\n<p>Wzmocnione rolki prowadz\u0105ce oraz solidne<br \/>\nzapadki bezpiecze\u0144stwa<br \/>\nStabilne i bezpieczne podnoszenie samochod\u00f3w<\/p>\n<p>Trwa\u0142e i wytrzyma\u0142e si\u0142owniki hydrauliczne<br \/>\nDwa solidne si\u0142owniki zapewniaj\u0105 bezpieczn\u0105 i d\u0142ug\u0105 bezawaryjn\u0105 prac\u0119.<\/p>\n<p>Odwadniacz + naolejacz w zestawi\u0119<br \/>\nW zestawie znajduje si\u0119 profesjonalny zestaw:<br \/>\n\u2022 odwadniacz (separator wody) \u2013 zabezpiecza uk\u0142ad przed wilgoci\u0105,<br \/>\n\u2022 naolejacz \u2013 smaruje pneumatyczne elementy zwalniania blokad.<br \/>\nDzi\u0119ki temu uk\u0142ad pneumatyczny pracuje automatycznie , pewnie a co najwa\u017cniejsze ,<br \/>\ntrwale.<\/p>\n<p>Platformy rozsuwane \u2013 idealne dopasowanie<br \/>\ndo ka\u017cdego pojazdu<br \/>\nRozsuwane platformy umo\u017cliwiaj\u0105:<br \/>\n\u2022 obs\u0142ug\u0119 samochod\u00f3w osobowych, sedan\u00f3w, kombi, SUV-\u00f3w oraz lekkich<br \/>\ndostawczak\u00f3w,<br \/>\n\u2022 dopasowanie rozstawu do podwozia pojazdu,<br \/>\n\u2022 precyzyjne ustawienie punkt\u00f3w podparcia.<br \/>\nWzmocniona konstrukcja najazd\u00f3w i rozsuwane platformy gwarantuj\u0105 d\u0142ug\u0105 \u017cywotno\u015b\u0107<br \/>\noraz komfortow\u0105 prac\u0119 nawet przy intensywnym u\u017cytkowaniu.<br \/>\nPrzeznaczenie podno\u015bnika ETGE-SCC35<br \/>\nIdealny do:<br \/>\n\u2022 Wymiany opon i prac wulkanizacyjnych,<br \/>\n\u2022 Napraw uk\u0142ad\u00f3w hamulcowych i zawieszenia,<br \/>\n\u2022 Prac lakierniczych i blacharskich,<br \/>\n\u2022 Serwisu silnika i skrzyni,<br \/>\n\u2022 Diagnostyki i przegl\u0105d\u00f3w,<br \/>\n\u2022 Stacji kontroli pojazd\u00f3w,<br \/>\nBezpiecze\u0144stwo, dokumentacja i zgodno\u015b\u0107 z<br \/>\nUDT<\/p>\n<p>Podno\u015bnik spe\u0142nia wszystkie wymagane normy dla urz\u0105dze\u0144 d\u017awignikowych w Polsce oraz<br \/>\nUE.<br \/>\nW zestawie otrzymujesz:<br \/>\n\u2022 Deklaracj\u0119 zgodno\u015bci CE,<br \/>\n\u2022 Certyfikat CE,<br \/>\n\u2022 Instrukcj\u0119 obs\u0142ugi + DTR w j\u0119zyku polskim,<br \/>\n\u2022 komplet dokument\u00f3w wymaganych przy zg\u0142oszeniu do UDT.<br \/>\nUrz\u0105dzenie wyposa\u017cone jest w:<br \/>\n\u2022 wielostopniowy system zapadek bezpiecze\u0144stwa,<br \/>\n\u2022 zawory zabezpieczaj\u0105ce hydraulik\u0119,<br \/>\n\u2022 sterowanie niskonapi\u0119ciowe 24V,<br \/>\n\u2022 pneumatyczne odblokowanie blokad<\/p>","protected":false},"excerpt":{"rendered":"<p>Profesjonalny, podno\u015bnik no\u017cycowy do zabudowy ETGE-SCC35 o ud\u017awigu 3500KG to<br \/>\nrozwi\u0105zanie stworzone dla wymagaj\u0105cych warsztat\u00f3w, serwis\u00f3w opon, diagnostyki oraz prac<br \/>\nblacharsko-lakierniczych.<\/p>","protected":false},"featured_media":24994,"comment_status":"closed","ping_status":"closed","template":"","meta":[],"product_brand":[85],"product_cat":[122,123,124],"product_tag":[],"class_list":{"0":"post-24974","1":"product","2":"type-product","3":"status-publish","4":"has-post-thumbnail","6":"product_brand-euro-trade","7":"product_cat-04-podnosniki-nozycowe","8":"product_cat-wszystkie-podnosniki-euro-trade","9":"product_cat-wszystkie-urzadzenia-euro-trade","10":"product_shipping_class-158","12":"first","13":"instock","14":"featured","15":"taxable","16":"shipping-taxable","17":"purchasable","18":"product-type-simple"},"_links":{"self":[{"href":"https:\/\/etge.pl\/hu\/wp-json\/wp\/v2\/product\/24974","targetHints":{"allow":["GET"]}}],"collection":[{"href":"https:\/\/etge.pl\/hu\/wp-json\/wp\/v2\/product"}],"about":[{"href":"https:\/\/etge.pl\/hu\/wp-json\/wp\/v2\/types\/product"}],"replies":[{"embeddable":true,"href":"https:\/\/etge.pl\/hu\/wp-json\/wp\/v2\/comments?post=24974"}],"wp:featuredmedia":[{"embeddable":true,"href":"https:\/\/etge.pl\/hu\/wp-json\/wp\/v2\/media\/24994"}],"wp:attachment":[{"href":"https:\/\/etge.pl\/hu\/wp-json\/wp\/v2\/media?parent=24974"}],"wp:term":[{"taxonomy":"product_brand","embeddable":true,"href":"https:\/\/etge.pl\/hu\/wp-json\/wp\/v2\/product_brand?post=24974"},{"taxonomy":"product_cat","embeddable":true,"href":"https:\/\/etge.pl\/hu\/wp-json\/wp\/v2\/product_cat?post=24974"},{"taxonomy":"product_tag","embeddable":true,"href":"https:\/\/etge.pl\/hu\/wp-json\/wp\/v2\/product_tag?post=24974"}],"curies":[{"name":"wp","href":"https:\/\/api.w.org\/{rel}","templated":true}]}}