{"id":25043,"date":"2025-02-04T08:40:48","date_gmt":"2025-02-04T07:40:48","guid":{"rendered":"https:\/\/etge.pl\/?post_type=product&#038;p=25043"},"modified":"2026-04-16T09:10:24","modified_gmt":"2026-04-16T07:10:24","slug":"podnosnik-samochodowy-5t-do-busow-dlugie-lapy-5500kg-dostawa-cala-pl","status":"publish","type":"product","link":"https:\/\/etge.pl\/hu\/termek\/podnosnik-samochodowy-5t-do-busow-dlugie-lapy-5500kg-dostawa-cala-pl\/","title":{"rendered":"Podnosnik Samochodowy 5T Do Bus\u00f3w D\u0142ugie \u0141apy 5500KG Dostawa Ca\u0142a PL"},"content":{"rendered":"<div class=\"mpof_ki myre_zn myre_8v_l m389_6m_l\">\n<div class=\"mp4t_16_s mryx_16_s mr3m_1 mli2_1 mh85_56 mh85_0_l\">\n<div class=\"mgn2_16 _0d3bd_am0a-\">\n<h4>Podno\u015bnik dwukolumnowy do bus\u00f3w 5,5T Euro Trade ETGE-5500 elektrohydrauliczny<\/h4>\n<p>Wersja: Zasilanie 400V | Zastosowanie: Do Bus\u00f3w i Samochod\u00f3w Osobowych | Ud\u017awig: 5500KG | Pe\u0142en Automat | Wzmocniona konstrukcja<\/p>\n<\/div>\n<\/div>\n<\/div>\n<div class=\"mpof_ki myre_zn myre_8v_l m389_6m_l\">\n<div class=\"mp4t_16_s mryx_16_s mr3m_1 mli2_1 mh85_56 mh85_0_l\">\n<div class=\"mg9e_8 mj7a_8 mg9e_0_s mvrt_0_s mj7a_0_s mh36_0_s mzmg_6m munh_16_l m3h2_16_l\">\n<div class=\"mp4t_0 mryx_0 munh_56 m3h2_56\">\n<div class=\"mp7g_oh\"><\/div>\n<\/div>\n<\/div>\n<\/div>\n<div class=\"mp4t_16_s mryx_16_s mr3m_1 mli2_1 mh85_56 mh85_0_l\">\n<div class=\"mgn2_16 _0d3bd_am0a-\">\n<h4>Dane techniczne podno\u015bnika ETGE-5500<\/h4>\n<ul>\n<li><b>Mode:<\/b> ETGE-5500<\/li>\n<li><b>Ud\u017awig:<\/b> 5500 kg<\/li>\n<li><b>Czas podnoszenia:<\/b> 50 s<\/li>\n<li><b>Max Wysoko\u015b\u0107 podnoszenia:<\/b> 1900 mm<\/li>\n<li><b>Min Wysoko\u015b\u0107 podnoszenia:<\/b>100mm<\/li>\n<li><b>Wysoko\u015b\u0107 ca\u0142kowita:<\/b> 2824 mm<\/li>\n<li><b>Szeroko\u015b\u0107 ca\u0142kowita:<\/b> 3980 mm<\/li>\n<li><b>Odleg\u0142o\u015b\u0107 mi\u0119dzy kolumnami:<\/b> 3300 mm<\/li>\n<li><b>Zasilanie:<\/b> 400V (3-faz)<\/li>\n<li><b>Moc silnika:<\/b> 3 kW<\/li>\n<\/ul>\n<\/div>\n<\/div>\n<\/div>\n<div class=\"mpof_ki myre_zn myre_8v_l m389_6m_l\">\n<div class=\"mp4t_16_s mryx_16_s mr3m_1 mli2_1 mh85_56 mh85_0_l\">\n<div class=\"mg9e_8 mj7a_8 mg9e_0_s mvrt_0_s mj7a_0_s mh36_0_s mzmg_6m munh_16_l m3h2_16_l\">\n<div class=\"mp4t_0 mryx_0 munh_56 m3h2_56\">\n<div class=\"mp7g_oh\"><\/div>\n<\/div>\n<\/div>\n<\/div>\n<div class=\"mp4t_16_s mryx_16_s mr3m_1 mli2_1 mh85_56 mh85_0_l\">\n<div class=\"mgn2_16 _0d3bd_am0a-\">\n<h4>Zalety podno\u015bnika ETGE-5500:<\/h4>\n<ul>\n<li><b>Automatyczne blokady zapadek<\/b> \u2013 elektromagnesy u\u0142atwiaj\u0105 codzienn\u0105 prac\u0119<\/li>\n<li><b>Asymetryczne ramiona<\/b> \u2013 wi\u0119kszy komfort i uniwersalno\u015b\u0107<\/li>\n<li><b>Asymetryczne ustawienie kolumn<\/b> \u2013 lepszy dost\u0119p i ergonomia<\/li>\n<li><b>Elektro-hydrauliczny nap\u0119d<\/b> \u2013 sprawdzone i trwa\u0142e rozwi\u0105zanie<\/li>\n<li><b>Nowoczesna estetyka<\/b> \u2013 wersja BLACK prezentuje si\u0119 bardzo profesjonalnie<\/li>\n<li><b>Malowanie proszkowe<\/b> \u2013 odporno\u015b\u0107 na korozj\u0119 i estetyczne wyko\u0144czenie<\/li>\n<\/ul>\n<p><b>Dokumenty w zestawie:<\/b><\/p>\n<ul>\n<li>Deklaracja zgodno\u015bci<\/li>\n<li>Certyfikat CE<\/li>\n<li>Polska instrukcja obs\u0142ugi<\/li>\n<li>Komplet dokument\u00f3w do zg\u0142oszenia w <b>UDT<\/b><\/li>\n<\/ul>\n<\/div>\n<\/div>\n<\/div>\n<div class=\"mpof_ki myre_zn myre_8v_l m389_6m_l\">\n<div class=\"mp4t_16_s mryx_16_s mr3m_1 mli2_1 mh85_56 mh85_0_l\">\n<div class=\"mg9e_8 mj7a_8 mg9e_0_s mvrt_0_s mj7a_0_s mh36_0_s mzmg_6m munh_16_l m3h2_16_l\">\n<div class=\"mp4t_0 mryx_0 munh_56 m3h2_56\">\n<div class=\"mp7g_oh\"><\/div>\n<\/div>\n<\/div>\n<\/div>\n<div class=\"mp4t_16_s mryx_16_s mr3m_1 mli2_1 mh85_56 mh85_0_l\">\n<div class=\"mgn2_16 _0d3bd_am0a-\">\n<h4>Wygodny panel sterowania<\/h4>\n<p><b>Podno\u015bnik ETGE-5500<\/b> zosta\u0142 wyposa\u017cony w <b>nowoczesny, hydrauliczny uk\u0142ad sterowania <\/b>obs\u0142ugiwany w ca\u0142o\u015bci z panelu steruj\u0105cego.<\/p>\n<p><b>Nie ma potrzeby:<\/b><\/p>\n<ul>\n<li><b>ci\u0105gni\u0119cia za linki,<\/b><\/li>\n<li><b>r\u0119cznego odblokowywania zapadek,<\/b><\/li>\n<li><b>przechodzenia od kolumny do kolumny.<\/b><\/li>\n<\/ul>\n<p><b>Wszystko dzia\u0142a automatycznie<\/b>, dzi\u0119ki zastosowaniu elektromagnes\u00f3w bezpiecze\u0144stwa 24V i inteligentnemu systemowi sterowania.<\/p>\n<h4>Wytrzyma\u0142y silnik i solidna pompa hydrauliczna<\/h4>\n<ul>\n<li><b>Silnik nap\u0119dowy tego podno\u015bnika zosta\u0142 oparty o nowoczesne bloki i wysokoci\u015bnieniowe pompy olejowe,<\/b><\/li>\n<li><b>Zapewnia du\u017c\u0105 wydajno\u015b\u0107, stabilne ci\u015bnienie i prac\u0119 pod pe\u0142nym obci\u0105\u017ceniem bez spadku mocy,<\/b><\/li>\n<li><b>Gwarantuje d\u0142ug\u0105 \u017cywotno\u015b\u0107 oraz odporno\u015b\u0107 na intensywn\u0105 eksploatacj\u0119 warsztatow\u0105.<\/b><\/li>\n<\/ul>\n<\/div>\n<\/div>\n<\/div>\n<div class=\"mpof_ki myre_zn myre_8v_l m389_6m_l\">\n<div class=\"mp4t_16_s mryx_16_s mr3m_1 mli2_1 mh85_56 mh85_0_l\">\n<div class=\"mg9e_8 mj7a_8 mg9e_0_s mvrt_0_s mj7a_0_s mh36_0_s mzmg_6m munh_16_l m3h2_16_l\">\n<div class=\"mp4t_0 mryx_0 munh_56 m3h2_56\">\n<div class=\"mp7g_oh\"><\/div>\n<\/div>\n<\/div>\n<\/div>\n<div class=\"mp4t_16_s mryx_16_s mr3m_1 mli2_1 mh85_56 mh85_0_l\">\n<div class=\"mgn2_16 _0d3bd_am0a-\">\n<h4>Wytrzyma\u0142a konstrukcja kolumn podno\u015bnika, si\u0142ownik\u00f3w oraz zastosowanie teflonowych \u015blizg\u00f3w<\/h4>\n<ul>\n<li><b>grubo\u015bcienne, wzmacniane kolumny stalowe,<\/b><\/li>\n<li><b>szeroko rozstawione p\u0142yty monta\u017cowe<\/b> zapewniaj\u0105 maksymaln\u0105 stabilno\u015b\u0107,<\/li>\n<li><b>\u015alizgi teflonowe &#8211; <\/b>redukuj\u0105 tarcie podczas pracy, \u00a0wyciszaj\u0105 ruch w\u00f3zk\u00f3w, \u00a0zwi\u0119kszaj\u0105 precyzj\u0119 prowadzenia ramion, \u00a0znacz\u0105co wyd\u0142u\u017caj\u0105 \u017cywotno\u015b\u0107 ca\u0142ego podno\u015bnika.<\/li>\n<li><b>si\u0142owniki hydrauliczne du\u017cej \u015brednicy<\/b>, stworzone do ci\u0119\u017ckiej pracy,<\/li>\n<li><b>wysokiej jako\u015bci uszczelniacze przemys\u0142owe<\/b>, odporne na temperatur\u0119, ci\u015bnienie oraz intensywny cykl pracy,<\/li>\n<li><b>\u0142a\u0144cuchy nap\u0119dowe klasy przemys\u0142owej,<\/b> zaprojektowane tak, by przenie\u015b\u0107 maksymalny ud\u017awig bez ryzyka rozci\u0105gni\u0119cia.<\/li>\n<\/ul>\n<p>Podno\u015bnik zosta\u0142 zaprojektowany z my\u015bl\u0105 <b>o ci\u0105g\u0142ej, bezawaryjnej pracy<\/b> w profesjonalnym serwisie.<\/p>\n<\/div>\n<\/div>\n<\/div>","protected":false},"excerpt":{"rendered":"<h3>Podno\u015bnik dwukolumnowy do bus\u00f3w 5T Euro Trade ETGE-5500 elektrohydrauliczny<\/h3>\n<p>Wersja: Zasilanie 400V | Zastosowanie: Do Bus\u00f3w i Samochod\u00f3w Osobowych | Ud\u017awig: 5500KG | Pe\u0142en Automat | Wzmocniona konstrukcja<\/p>","protected":false},"featured_media":25054,"comment_status":"open","ping_status":"closed","template":"","meta":[],"product_brand":[85],"product_cat":[125],"product_tag":[],"class_list":{"0":"post-25043","1":"product","2":"type-product","3":"status-publish","4":"has-post-thumbnail","6":"product_brand-euro-trade","7":"product_cat-02-podnosniki-dwukolumnowe","8":"product_shipping_class-2-kol-4t","10":"first","11":"instock","12":"taxable","13":"shipping-taxable","14":"purchasable","15":"product-type-simple"},"_links":{"self":[{"href":"https:\/\/etge.pl\/hu\/wp-json\/wp\/v2\/product\/25043","targetHints":{"allow":["GET"]}}],"collection":[{"href":"https:\/\/etge.pl\/hu\/wp-json\/wp\/v2\/product"}],"about":[{"href":"https:\/\/etge.pl\/hu\/wp-json\/wp\/v2\/types\/product"}],"replies":[{"embeddable":true,"href":"https:\/\/etge.pl\/hu\/wp-json\/wp\/v2\/comments?post=25043"}],"wp:featuredmedia":[{"embeddable":true,"href":"https:\/\/etge.pl\/hu\/wp-json\/wp\/v2\/media\/25054"}],"wp:attachment":[{"href":"https:\/\/etge.pl\/hu\/wp-json\/wp\/v2\/media?parent=25043"}],"wp:term":[{"taxonomy":"product_brand","embeddable":true,"href":"https:\/\/etge.pl\/hu\/wp-json\/wp\/v2\/product_brand?post=25043"},{"taxonomy":"product_cat","embeddable":true,"href":"https:\/\/etge.pl\/hu\/wp-json\/wp\/v2\/product_cat?post=25043"},{"taxonomy":"product_tag","embeddable":true,"href":"https:\/\/etge.pl\/hu\/wp-json\/wp\/v2\/product_tag?post=25043"}],"curies":[{"name":"wp","href":"https:\/\/api.w.org\/{rel}","templated":true}]}}