{"id":23356,"date":"2025-04-09T15:35:19","date_gmt":"2025-04-09T13:35:19","guid":{"rendered":"https:\/\/etge.pl\/produkt\/podnosnik-nozycowy-naposadzkowy-etge-6435l-3500kg\/"},"modified":"2026-02-18T11:50:25","modified_gmt":"2026-02-18T10:50:25","slug":"podnosnik-nozycowy-naposadzkowy-etge-6435l-3500kg","status":"publish","type":"product","link":"https:\/\/etge.pl\/sk\/produkt\/podnosnik-nozycowy-naposadzkowy-etge-6435l-3500kg\/","title":{"rendered":"Podno\u015bnik no\u017cycowy naposadzkowy ETGE-6435L 3500KG"},"content":{"rendered":"<div class=\"mpof_ki myre_zn myre_8v_l m389_6m_l\">\n<div class=\"mp4t_16_s mryx_16_s mr3m_1 mli2_1 mh85_56 mh85_0_l\">\n<div class=\"mgn2_16 _0d3bd_am0a-\">\n<div class=\"mp4t_16_s mryx_16_s mr3m_1 mli2_1 mh85_56 mh85_0_l\">\n<div class=\"mgn2_16 _0d3bd_am0a-\">\n<h4 style=\"text-align: left;\"><b>Hydrauliczny podno\u015bnik no\u017cycowy Euro Trade ETGE-6435L<\/b><\/h4>\n<p style=\"text-align: left;\">to solidnie wykonane profesjonalne urz\u0105dzenie warsztatowe przeznaczone do monta\u017cu na posadzce<\/p>\n<\/div>\n<\/div>\n<\/div>\n<\/div>\n<\/div>\n<div class=\"mpof_ki myre_zn myre_8v_l m389_6m_l\" style=\"text-align: left;\">\n<div class=\"mp4t_16_s mryx_16_s mr3m_1 mli2_1 mh85_56 mh85_0_l\">\n<div class=\"mgn2_16 _0d3bd_am0a-\">\n<h4><strong>Dane techniczne:<\/strong><\/h4>\n<ul>\n<li>Ud\u017awig: 3500 kg<\/li>\n<li>Wysoko\u015b\u0107 podnoszenia: 1920 mm<\/li>\n<li>Wysoko\u015b\u0107 w spoczynku ( najazd ): 110 mm<\/li>\n<li>D\u0142ugo\u015b\u0107 platformy: 1450 mm<\/li>\n<li>Ca\u0142kowita d\u0142ugo\u015b\u0107: 2055 mm<\/li>\n<li>Szeroko\u015b\u0107 platformy: 650 mm<\/li>\n<li>Ca\u0142kowita szeroko\u015b\u0107 (maksymalna): 2220 mm<\/li>\n<li>Wydajno\u015b\u0107 silnika: 2,2 kW<\/li>\n<li>Pod\u0142\u0105czenie elektryczne: 400 V \/ 50 Hz (3 fazy)<\/li>\n<li>Czas podnoszenia: \u226460 sekund<\/li>\n<li>Czas opuszczania: \u226460 sekund<\/li>\n<\/ul>\n<\/div>\n<\/div>\n<div class=\"mp4t_16_s mryx_16_s mr3m_1 mli2_1 mh85_56 mh85_0_l\">\n<div class=\"mg9e_8 mj7a_8 mg9e_0_s mvrt_0_s mj7a_0_s mh36_0_s mzmg_6m munh_16_l m3h2_16_l\">\n<div class=\"mp4t_0 mryx_0 munh_56 m3h2_56\">\n<div class=\"mp7g_oh\"><\/div>\n<\/div>\n<\/div>\n<\/div>\n<\/div>\n<div class=\"mpof_ki myre_zn myre_8v_l m389_6m_l\" style=\"text-align: left;\">\n<div class=\"mp4t_16_s mryx_16_s mr3m_1 mli2_1 mh85_56 mh85_0_l\">\n<div class=\"mgn2_16 _0d3bd_am0a-\"><strong>Dlaczego ten model podno\u015bnika?<\/strong><\/p>\n<ul>\n<li>Monta\u017c na posadzce<\/li>\n<li>Wyposa\u017cony w elektro-hydrauliczny system zabezpieczaj\u0105cy w ka\u017cdym po\u0142o\u017ceniu podno\u015bnika<\/li>\n<li>Dzia\u0142a przy bezpiecznym napi\u0119ciu sterowania 24V.<\/li>\n<li>Posiada elektro-hydrauliczny system sterowania zapewniaj\u0105cy bezpiecze\u0144stwo i niezawodno\u015b\u0107, obs\u0142ugiwany za pomoc\u0105 przycisk\u00f3w na panelu kontrolnym.<\/li>\n<li>Wykorzystuje wysokiej jako\u015bci \u0142o\u017cyska samosmaruj\u0105ce zapewniaj\u0105ce niezawodno\u015b\u0107 dzia\u0142ania i d\u0142u\u017csz\u0105 \u017cywotno\u015b\u0107 podno\u015bnika.<\/li>\n<\/ul>\n<\/div>\n<\/div>\n<\/div>\n<div class=\"mpof_ki myre_zn myre_8v_l m389_6m_l\" style=\"text-align: left;\">\n<div class=\"mp4t_16_s mryx_16_s mr3m_1 mli2_1 mh85_56 mh85_0_l\">\n<div class=\"mgn2_16 _0d3bd_am0a-\">\n<h4>Du\u017cy ud\u017awig &#8211; 3500kg<\/h4>\n<p>Solidna konstrukcja i wykonanie podno\u015bnika pozwala na podnoszenie pojazd\u00f3w o ca\u0142kowitej masie 3500KG zachowuj\u0105c i gwarantuj\u0105c przy tym stabilno\u015b\u0107 uniesionego pojazdu.<\/p>\n<p>&nbsp;<\/p>\n<\/div>\n<\/div>\n<\/div>\n<div class=\"mpof_ki myre_zn myre_8v_l m389_6m_l\" style=\"text-align: left;\">\n<div class=\"mp4t_16_s mryx_16_s mr3m_1 mli2_1 mh85_56 mh85_0_l\">\n<div class=\"mgn2_16 _0d3bd_am0a-\"><strong>Intuicyjny panel sterowania &#8211; \u0142atwa obs\u0142uga<\/strong>Panel sterowania jest staranie wykonany a co najwa\u017cniejsze przejrzysty i intuicyjny. Dodatkowo sterowanie podno\u015bnika odbywa si\u0119 bezpiecznym napi\u0119ciem 24V przez co u\u017cytkowanie urz\u0105dzenia jest bezpieczne.<\/p>\n<h4><\/h4>\n<\/div>\n<\/div>\n<\/div>\n<div class=\"mpof_ki myre_zn myre_8v_l m389_6m_l\" style=\"text-align: left;\">\n<div class=\"mp4t_16_s mryx_16_s mr3m_1 mli2_1 mh85_56 mh85_0_l\">\n<div class=\"mgn2_16 _0d3bd_am0a-\">\n<h4><strong>Do jakich konkretnie prac mo\u017ce pos\u0142u\u017cy\u0107 ten model podno\u015bnika?<\/strong><\/h4>\n<p>Zastosowanie tego modelu podno\u015bnika jest bardzo obszerne, znajdzie on zastosowanie praktycznie w ka\u017cdej dziedzinie mechaniki. Podno\u015bnik unosi pojazd na wysoko\u015b\u0107 maksymaln\u0105 1945mm oraz nie posiada \u017cadnych element\u00f3w przeszkadzaj\u0105cych u\u017cytkownikowi przemieszcza\u0107 si\u0119 pod samochodem co wp\u0142ywa bezpo\u015brednio na komfort i wygod\u0105 pracy.<\/p>\n<p>Przyk\u0142ady zastosowa\u0144 podno\u015bnika no\u017cycowego Euro Trade ETGE-6435L :<\/p>\n<ul>\n<li><b>Przy pracy z ko\u0142ami samochod\u00f3w osobowych<\/b>\u00a0&#8211; na przyk\u0142ad wymiana opon.<\/li>\n<li><b>Przy pracy z uk\u0142adem hamulcowym pojazdu<\/b>\u00a0&#8211; na przyk\u0142ad wymiana tarcz, klock\u00f3w.<\/li>\n<li><b>Przy pracach z zawieszeniem<\/b><\/li>\n<li><b>Przy pracach zwi\u0105zanych z wyci\u0105ganiem skrzy\u0144 bieg\u00f3w oraz silnika.<\/b><\/li>\n<li><b>Przy pracach z uk\u0142adem wydechowym<\/b><\/li>\n<li><b>Przy wymianie p\u0142yn\u00f3w eksploatacyjnych<\/b>\u00a0&#8211; na przyk\u0142ad wymiana oleju silnikowego.<\/li>\n<li><b>Przy pracach lakierniczych<\/b>\u00a0&#8211; swobodny dost\u0119p do prog\u00f3w, nadkoli i innych element\u00f3w samochodu pozwala na komfortow\u0105 prac\u0119 przy pracach lakierniczych.<\/li>\n<\/ul>\n<p>&nbsp;<\/p>\n<\/div>\n<\/div>\n<\/div>\n<div class=\"mpof_ki myre_zn myre_8v_l m389_6m_l\" style=\"text-align: left;\">\n<div class=\"mp4t_16_s mryx_16_s mr3m_1 mli2_1 mh85_56 mh85_0_l\">\n<div class=\"mgn2_16 _0d3bd_am0a-\"><\/div>\n<\/div>\n<\/div>\n<div class=\"mpof_ki myre_zn myre_8v_l m389_6m_l\">\n<div class=\"mp4t_16_s mryx_16_s mr3m_1 mli2_1 mh85_56 mh85_0_l\">\n<div class=\"mgn2_16 _0d3bd_am0a-\"><strong>Dlaczego warto wybra\u0107 urz\u0105dzenia marki Euro Trade?<\/strong><\/p>\n<p style=\"text-align: left;\">Zdajemy sobie doskonale spraw\u0119 z tego, \u017ce dla wi\u0119kszo\u015bci klient\u00f3w zakup urz\u0105dze\u0144 warsztatowych to nie lada wyzwanie. Ogromna ilo\u015b\u0107 producent\u00f3w, firm sprzeda\u017cowych, oraz mnogo\u015b\u0107 r\u00f3\u017cnorodnych modeli urz\u0105dze\u0144 mo\u017ce zdezorientowa\u0107 niejednego mechanika. Dlaczego wiec warto wybiera\u0107 podno\u015bniki naszej marki?<\/p>\n<ul>\n<li style=\"text-align: left;\"><b>Dost\u0119pno\u015b\u0107 cz\u0119\u015bci do naszych urz\u0105dze\u0144<\/b>\u00a0&#8211; posiadamy cz\u0119\u015bci zamienne do wszystkich naszych urz\u0105dze\u0144. Nie musisz ju\u017c przejmowa\u0107 si\u0119 tym, \u017ce w przypadku wyst\u0105pienia awarii cz\u0119\u015bci b\u0119d\u0105 niedost\u0119pne a urz\u0105dzenie nie zostanie naprawione.<\/li>\n<li style=\"text-align: left;\"><b>W\u0142asny serwis<\/b>\u00a0&#8211; posiadamy w\u0142asny serwis stacjonarny oraz mobilny. Nasi serwisanci s\u0142u\u017c\u0105 pomoc\u0105 codziennie od poniedzia\u0142ku do pi\u0105tku r\u00f3wnie\u017c telefonicznie.<\/li>\n<li style=\"text-align: left;\"><b>Znamy si\u0119 na naszych urz\u0105dzeniach &#8211;\u00a0<\/b>jeste\u015bmy producentem oferowanych przez nas produkt\u00f3w! Zdobywane przez lata do\u015bwiadczenia w bran\u017cy\u00a0 urz\u0105dze\u0144 warsztatowych pozwalaj\u0105 nam swobodnie komunikowa\u0107 si\u0119 z naszymi klientami i pomaga\u0107 w wyborze urz\u0105dze\u0144 oraz usuwaniu awarii.<\/li>\n<li style=\"text-align: left;\"><b>Urz\u0105dzenia kt\u00f3re s\u0105 obj\u0119te gwarancj\u0105 naprawiamy za darmo.<\/b><\/li>\n<\/ul>\n<\/div>\n<\/div>\n<\/div>","protected":false},"excerpt":{"rendered":"<h4 style=\"text-align: left;\"><strong>Hydrauliczny podno\u015bnik no\u017cycowy Euro Trade ETGE-6435L<\/strong><\/h4>\n<p style=\"text-align: left;\">Jest to solidnie wykonane profesjonalne urz\u0105dzenie warsztatowe przeznaczone do monta\u017cu na posadzce i nie wymaga spr\u0119\u017conego powietrza!<\/p>","protected":false},"featured_media":24811,"comment_status":"open","ping_status":"closed","template":"","meta":[],"product_brand":[85],"product_cat":[122,123,124],"product_tag":[],"class_list":{"0":"post-23356","1":"product","2":"type-product","3":"status-publish","4":"has-post-thumbnail","6":"product_brand-euro-trade","7":"product_cat-04-podnosniki-nozycowe","8":"product_cat-wszystkie-podnosniki-euro-trade","9":"product_cat-wszystkie-urzadzenia-euro-trade","10":"product_shipping_class-6435l","12":"first","13":"instock","14":"purchasable","15":"product-type-simple"},"_links":{"self":[{"href":"https:\/\/etge.pl\/sk\/wp-json\/wp\/v2\/product\/23356","targetHints":{"allow":["GET"]}}],"collection":[{"href":"https:\/\/etge.pl\/sk\/wp-json\/wp\/v2\/product"}],"about":[{"href":"https:\/\/etge.pl\/sk\/wp-json\/wp\/v2\/types\/product"}],"replies":[{"embeddable":true,"href":"https:\/\/etge.pl\/sk\/wp-json\/wp\/v2\/comments?post=23356"}],"wp:featuredmedia":[{"embeddable":true,"href":"https:\/\/etge.pl\/sk\/wp-json\/wp\/v2\/media\/24811"}],"wp:attachment":[{"href":"https:\/\/etge.pl\/sk\/wp-json\/wp\/v2\/media?parent=23356"}],"wp:term":[{"taxonomy":"product_brand","embeddable":true,"href":"https:\/\/etge.pl\/sk\/wp-json\/wp\/v2\/product_brand?post=23356"},{"taxonomy":"product_cat","embeddable":true,"href":"https:\/\/etge.pl\/sk\/wp-json\/wp\/v2\/product_cat?post=23356"},{"taxonomy":"product_tag","embeddable":true,"href":"https:\/\/etge.pl\/sk\/wp-json\/wp\/v2\/product_tag?post=23356"}],"curies":[{"name":"wp","href":"https:\/\/api.w.org\/{rel}","templated":true}]}}