{"id":23433,"date":"2025-04-09T15:35:19","date_gmt":"2025-04-09T13:35:19","guid":{"rendered":"https:\/\/etge.pl\/produkt\/montazownica-do-opon-euro-trade-lt-900\/"},"modified":"2025-09-24T15:25:56","modified_gmt":"2025-09-24T13:25:56","slug":"montazownica-do-opon-euro-trade-lt-900","status":"publish","type":"product","link":"https:\/\/etge.pl\/sk\/produkt\/montazownica-do-opon-euro-trade-lt-900\/","title":{"rendered":"Monta\u017cownica  do opon Euro-Trade LT-900"},"content":{"rendered":"<div class=\"WAZqE7 QfrfFD cell\">\n<section class=\"Va_ZoC\" data-hook=\"description-wrapper\">\n<div class=\"LvOu6J\">\n<div class=\"vaI0UH undefined\" data-hook=\"content-wrapper\">\n<h4 style=\"text-align: left;\"><strong>Monta\u017cownica do Opon Euro Trade LT900<\/strong><\/h4>\n<p style=\"text-align: left;\">Profesjonalna monta\u017cownica do opon Euro Trade LT-900 z ramieniem g\u0142\u00f3wnym odchylanym pneumatycznie do ty\u0142u.<\/p>\n<p style=\"text-align: left;\">Monta\u017cownica do k\u00f3\u0142 Euro Trade LT-900 posiada mo\u017cliwo\u015b\u0107 rozbudowy o dodatkowe rami\u0119 pomocnicze RUN FLAT.<\/p>\n<h4 style=\"text-align: left;\"><strong>Parametry techniczne:<\/strong><\/h4>\n<p style=\"text-align: left;\">\u2022 Zasilanie: 230V<\/p>\n<p style=\"text-align: left;\">\u2022 Moc silnika: 1.1 KW<\/p>\n<p style=\"text-align: left;\">\u2022 Zasilanie pneumatyczne: 8-12 Bar<\/p>\n<p style=\"text-align: left;\">\u2022 Zakres felg &#8211; mocowanie wewn\u0119trzne: 10&#8243; -22&#8243;<\/p>\n<p style=\"text-align: left;\">\u2022 Zakres felg &#8211; mocowanie zewn\u0119trzne : 12&#8243;-24&#8243;<\/p>\n<p style=\"text-align: left;\">\u2022 Moc zbijaka: 2500 kg<\/p>\n<p style=\"text-align: left;\">\u2022 Maksymalna \u015brednica ko\u0142a: 1100 mm<\/p>\n<p style=\"text-align: left;\">\u2022 Maksymalna szeroko\u015b\u0107 ko\u0142a: 15\u201d<\/p>\n<p style=\"text-align: left;\">\u2022 Poziom ha\u0142asu: &lt;70 dB<\/p>\n<h4 style=\"text-align: left;\"><strong>Dodatkowe informacje:<\/strong><\/h4>\n<p style=\"text-align: left;\">Monta\u017cownica do opon Euro Trade LT-900 jest przystosowana do profesjonalnego zastosowania w serwisach wymiany opon. Maszyna posiada rozbudowane rami\u0119 pomocnicze Run Flat ze sterowaniem pneumatycznym (g\u00f3ra-d\u00f3\u0142).<\/p>\n<p style=\"text-align: left;\">1. St\u00f3\u0142 monta\u017cowy (z obrotami prawo\/lewo) z systemem samocentruj\u0105cych szcz\u0119k.<\/p>\n<p style=\"text-align: left;\">2. Stopka wraz z systemem blokowania.<\/p>\n<p style=\"text-align: left;\">3. Panel steruj\u0105cy (podnoszeniem i opuszczaniem) ramieniem RUN FLAT AL-320B.<\/p>\n<p style=\"text-align: left;\">4. Odwadniacz + naolejacz wraz z pistoletem do pompowania opon.<\/p>\n<p style=\"text-align: left;\">5. Peda\u0142y steruj\u0105ce ( od lewej : odchylanie g\u0142\u00f3wnego ramienia ze stopk\u0105 monta\u017cow\u0105, sterowanie otwarciem\/ zamkni\u0119ciem si\u0119 szcz\u0119k , sterowanie zbijakiem , sterowanie sto\u0142em obrotowym).<\/p>\n<p style=\"text-align: left;\">6. Zbijak o maksymalnym nacisku 2500KG.<\/p>\n<p style=\"text-align: left;\">7. Zbiornik na past\u0119 monta\u017cow\u0105 wraz z p\u0119dzlem.<\/p>\n<h4 style=\"text-align: left;\"><strong>Monta\u017cownica zawiera:<\/strong><\/h4>\n<ul>\n<li style=\"text-align: left;\">dodatkowa nak\u0142adka na zbijak<\/li>\n<li style=\"text-align: left;\">docisk do opony (tzw. trzecia r\u0119ka)<\/li>\n<li style=\"text-align: left;\">\u0142y\u017cka monta\u017cowa<\/li>\n<li style=\"text-align: left;\">pistolet do pompowania opon<\/li>\n<li style=\"text-align: left;\">komplet nak\u0142adek z tworzywa na szcz\u0119ki oraz stopk\u0119 monta\u017cow\u0105<\/li>\n<li style=\"text-align: left;\">wymienna stopka z tworzywa do felg aluminiowych<\/li>\n<li style=\"text-align: left;\">zbiornik na past\u0119 oraz p\u0119dzel<\/li>\n<li style=\"text-align: left;\">nak\u0142adka na rant felgi (chroni przed porysowaniem felgi przez \u0142y\u017ck\u0119)<\/li>\n<\/ul>\n<\/div>\n<\/div>\n<\/section>\n<\/div>","protected":false},"excerpt":{"rendered":"<h3 style=\"text-align: left;\"><strong>Monta\u017cownica do Opon Euro Trade LT900<\/strong><\/h3>\n<p style=\"text-align: left;\">Profesjonalna monta\u017cownica do opon Euro Trade LT-900 z ramieniem g\u0142\u00f3wnym odchylanym pneumatycznie do ty\u0142u.<\/p>\n<p style=\"text-align: left;\">Monta\u017cownica do k\u00f3\u0142 Euro Trade LT-900 posiada mo\u017cliwo\u015b\u0107 rozbudowy o dodatkowe rami\u0119 pomocnicze RUN FLAT.<\/p>","protected":false},"featured_media":23434,"comment_status":"open","ping_status":"closed","template":"","meta":[],"product_brand":[],"product_cat":[119],"product_tag":[],"class_list":{"0":"post-23433","1":"product","2":"type-product","3":"status-publish","4":"has-post-thumbnail","6":"product_cat-05-montazownice-do-opon","7":"product_shipping_class-wywazarka-montazownica-solo","9":"first","10":"instock","11":"taxable","12":"shipping-taxable","13":"purchasable","14":"product-type-simple"},"_links":{"self":[{"href":"https:\/\/etge.pl\/sk\/wp-json\/wp\/v2\/product\/23433","targetHints":{"allow":["GET"]}}],"collection":[{"href":"https:\/\/etge.pl\/sk\/wp-json\/wp\/v2\/product"}],"about":[{"href":"https:\/\/etge.pl\/sk\/wp-json\/wp\/v2\/types\/product"}],"replies":[{"embeddable":true,"href":"https:\/\/etge.pl\/sk\/wp-json\/wp\/v2\/comments?post=23433"}],"wp:featuredmedia":[{"embeddable":true,"href":"https:\/\/etge.pl\/sk\/wp-json\/wp\/v2\/media\/23434"}],"wp:attachment":[{"href":"https:\/\/etge.pl\/sk\/wp-json\/wp\/v2\/media?parent=23433"}],"wp:term":[{"taxonomy":"product_brand","embeddable":true,"href":"https:\/\/etge.pl\/sk\/wp-json\/wp\/v2\/product_brand?post=23433"},{"taxonomy":"product_cat","embeddable":true,"href":"https:\/\/etge.pl\/sk\/wp-json\/wp\/v2\/product_cat?post=23433"},{"taxonomy":"product_tag","embeddable":true,"href":"https:\/\/etge.pl\/sk\/wp-json\/wp\/v2\/product_tag?post=23433"}],"curies":[{"name":"wp","href":"https:\/\/api.w.org\/{rel}","templated":true}]}}