{"id":24800,"date":"2025-08-19T13:40:57","date_gmt":"2025-08-19T11:40:57","guid":{"rendered":"https:\/\/etge.pl\/?post_type=product&#038;p=24800"},"modified":"2025-09-24T15:25:56","modified_gmt":"2025-09-24T13:25:56","slug":"podnosnik-samochodowy-dwukolumnowy-automatyczny-etge-3440asy-black-4t","status":"publish","type":"product","link":"https:\/\/etge.pl\/sk\/produkt\/podnosnik-samochodowy-dwukolumnowy-automatyczny-etge-3440asy-black-4t\/","title":{"rendered":"Podno\u015bnik Samochodowy Dwukolumnowy Automatyczny ETGE-3440ASY BLACK 4T"},"content":{"rendered":"<h4 style=\"text-align: left;\"><strong>Podno\u015bnik dwukolumnowy ETGE-3440ASY BLACK<\/strong><\/h4>\n<p style=\"text-align: left;\">Jest to nowoczesna i solidna konstrukcja stworzona z my\u015bl\u0105 o profesjonalnych warsztatach samochodowych. Jego ud\u017awig 4000 kg sprawia, \u017ce doskonale radzi sobie zar\u00f3wno z samochodami osobowymi, jak i lekkimi dostawczymi.<\/p>\n<p style=\"text-align: left;\">Dzi\u0119ki zastosowaniu <b>asymetrycznych ramion oraz asymetrycznego ustawienia kolumn wzgl\u0119dem siebie<\/b>, praca z pojazdem staje si\u0119 wygodniejsza i bezpieczniejsza. To rozwi\u0105zanie zapewnia:<\/p>\n<ul style=\"text-align: left;\">\n<li><b>lepszy dost\u0119p do kabiny i komory silnika<\/b>,<\/li>\n<li><b>wygodniejsze otwieranie drzwi<\/b>,<\/li>\n<li><b>optymalne roz\u0142o\u017cenie ci\u0119\u017caru<\/b> na ca\u0142ej konstrukcji.<\/li>\n<\/ul>\n<div class=\"mp4t_16_s mryx_16_s mr3m_1 mli2_1 mh85_56 mh85_0_l\">\n<div class=\"mgn2_16 _0d3bd_am0a-\">\n<h4 style=\"text-align: left;\"><b>Dane techniczne podno\u015bnika ETGE-3440ASY BLACK:<\/b><\/h4>\n<ul style=\"text-align: left;\">\n<li><b>Ud\u017awig:<\/b> 4000 kg<\/li>\n<li><b>Minimalna wysoko\u015b\u0107 ramion:<\/b> 110 mm<\/li>\n<li><b>Maksymalna wysoko\u015b\u0107 podnoszenia:<\/b> 1900 mm<\/li>\n<li><b>Wysoko\u015b\u0107 ca\u0142kowita:<\/b> 3770 mm<\/li>\n<li><b>Szeroko\u015b\u0107 ca\u0142kowita:<\/b> 3773 mm<\/li>\n<li><b>Szeroko\u015b\u0107 mi\u0119dzy kolumnami:<\/b> 2900 mm<\/li>\n<li><b>D\u0142ugo\u015b\u0107 ramion kr\u00f3tkich:<\/b> 600\u20131100 mm<\/li>\n<li><b>D\u0142ugo\u015b\u0107 ramion d\u0142ugich:<\/b> 845\u20131330 mm<\/li>\n<li><b>Czas podnoszenia\/opuszczania:<\/b> 55 \/ 45 sek.<\/li>\n<li><b>Moc silnika:<\/b> 2,2 kW<\/li>\n<li><b>Zasilanie do wyboru: <\/b>380V \/ 50Hz \/ 3 fazy<\/li>\n<\/ul>\n<div class=\"mp4t_16_s mryx_16_s mr3m_1 mli2_1 mh85_56 mh85_0_l\">\n<div class=\"mgn2_16 _0d3bd_am0a-\">\n<h4 style=\"text-align: left;\"><b>Cechy i zalety:<\/b><\/h4>\n<ul style=\"text-align: left;\">\n<li><b>Automatyczne blokady zapadek<\/b> \u2013 elektromagnesy u\u0142atwiaj\u0105 codzienn\u0105 prac\u0119<\/li>\n<li><b>Asymetryczne ramiona<\/b> \u2013 wi\u0119kszy komfort i uniwersalno\u015b\u0107<\/li>\n<li><b>Asymetryczne ustawienie kolumn<\/b> \u2013 lepszy dost\u0119p i ergonomia<\/li>\n<li><b>Elektro-hydrauliczny nap\u0119d<\/b> \u2013 sprawdzone i trwa\u0142e rozwi\u0105zanie<\/li>\n<li><b>Nowoczesna estetyka<\/b> \u2013 wersja BLACK prezentuje si\u0119 bardzo profesjonalnie<\/li>\n<li><b>Malowanie proszkowe<\/b> \u2013 odporno\u015b\u0107 na korozj\u0119 i estetyczne wyko\u0144czenie<\/li>\n<\/ul>\n<h4 style=\"text-align: left;\"><b>Dokumenty w zestawie:<\/b><\/h4>\n<ul>\n<li style=\"text-align: left;\">Deklaracja zgodno\u015bci<\/li>\n<li style=\"text-align: left;\">Certyfikat CE<\/li>\n<li style=\"text-align: left;\">Polska instrukcja obs\u0142ugi<\/li>\n<li style=\"text-align: left;\">Komplet dokument\u00f3w do zg\u0142oszenia w <b>UDT<\/b><\/li>\n<\/ul>\n<\/div>\n<\/div>\n<\/div>\n<\/div>","protected":false},"excerpt":{"rendered":"<h4 style=\"text-align: left;\"><strong>Podno\u015bnik dwukolumnowy ETGE-3440ASY BLACK<\/strong><\/h4>\n<p style=\"text-align: left;\">Jest to nowoczesna i solidna konstrukcja stworzona z my\u015bl\u0105 o profesjonalnych warsztatach samochodowych. Jego ud\u017awig 4000 kg sprawia, \u017ce doskonale radzi sobie zar\u00f3wno z samochodami osobowymi, jak i lekkimi dostawczymi.<\/p>","protected":false},"featured_media":24802,"comment_status":"open","ping_status":"closed","template":"","meta":[],"product_brand":[85],"product_cat":[133,125],"product_tag":[],"class_list":{"0":"post-24800","1":"product","2":"type-product","3":"status-publish","4":"has-post-thumbnail","6":"product_brand-euro-trade","7":"product_cat-podnosniki-kolumnowe","8":"product_cat-02-podnosniki-dwukolumnowe","9":"product_shipping_class-2-kol-4t","11":"first","12":"instock","13":"featured","14":"taxable","15":"shipping-taxable","16":"purchasable","17":"product-type-simple"},"_links":{"self":[{"href":"https:\/\/etge.pl\/sk\/wp-json\/wp\/v2\/product\/24800","targetHints":{"allow":["GET"]}}],"collection":[{"href":"https:\/\/etge.pl\/sk\/wp-json\/wp\/v2\/product"}],"about":[{"href":"https:\/\/etge.pl\/sk\/wp-json\/wp\/v2\/types\/product"}],"replies":[{"embeddable":true,"href":"https:\/\/etge.pl\/sk\/wp-json\/wp\/v2\/comments?post=24800"}],"wp:featuredmedia":[{"embeddable":true,"href":"https:\/\/etge.pl\/sk\/wp-json\/wp\/v2\/media\/24802"}],"wp:attachment":[{"href":"https:\/\/etge.pl\/sk\/wp-json\/wp\/v2\/media?parent=24800"}],"wp:term":[{"taxonomy":"product_brand","embeddable":true,"href":"https:\/\/etge.pl\/sk\/wp-json\/wp\/v2\/product_brand?post=24800"},{"taxonomy":"product_cat","embeddable":true,"href":"https:\/\/etge.pl\/sk\/wp-json\/wp\/v2\/product_cat?post=24800"},{"taxonomy":"product_tag","embeddable":true,"href":"https:\/\/etge.pl\/sk\/wp-json\/wp\/v2\/product_tag?post=24800"}],"curies":[{"name":"wp","href":"https:\/\/api.w.org\/{rel}","templated":true}]}}