{"id":24808,"date":"2025-08-19T14:04:23","date_gmt":"2025-08-19T12:04:23","guid":{"rendered":"https:\/\/etge.pl\/?post_type=product&#038;p=24808"},"modified":"2026-02-16T13:07:07","modified_gmt":"2026-02-16T12:07:07","slug":"podnosnik-nozycowy-samochodowy-mobilny-euro-trade-2812-2800kg-2-8t","status":"publish","type":"product","link":"https:\/\/etge.pl\/sk\/produkt\/podnosnik-nozycowy-samochodowy-mobilny-euro-trade-2812-2800kg-2-8t\/","title":{"rendered":"Podno\u015bnik No\u017cycowy Samochodowy Mobilny Euro Trade 2812 2800KG 2.8T"},"content":{"rendered":"<div class=\"mp4t_16_s mryx_16_s mr3m_1 mli2_1 mh85_56 mh85_0_l\">\n<div class=\"mgn2_16 _0d3bd_am0a-\">\n<h4 style=\"text-align: left;\">Podno\u015bnik No\u017cycowy Samochodowy Mobilny 2800KG 2.8T<\/h4>\n<p style=\"text-align: left;\"><b>Podno\u015bnik samochodowy, no\u017cycowy Euro Trade TDY-2812<\/b> to solidnie wykonane <b>urz\u0105dzenie mobilne,<\/b> kt\u00f3re posiada <b>dwa si\u0142owniki<\/b> hydrauliczne oraz <b>automatyczny system<\/b> blokowania i odbezpieczania zapadek bezpiecze\u0144stwa.<\/p>\n<h4 style=\"text-align: left;\">Specyfikacja:<\/h4>\n<ul style=\"text-align: left;\">\n<li>Ud\u017awig: 2800 kg<\/li>\n<li>Maks. wysoko\u015b\u0107 podnoszenia: 1262 mm<\/li>\n<li>Maks. wysoko\u015b\u0107 podnoszenia z adapterami: 1362 mm<\/li>\n<li>Minimalna wysoko\u015b\u0107: 115 mm<\/li>\n<li>Ca\u0142kowita d\u0142ugo\u015b\u0107: 2194 mm<\/li>\n<li>Ca\u0142kowita szeroko\u015b\u0107: 997 mm<\/li>\n<li>Czas podnoszenia: \u226435 s<\/li>\n<li>Czas opuszczania: \u226425 s<\/li>\n<li>Zasilanie: AC 400V<\/li>\n<li>Moc: 2,2 kW<\/li>\n<li>Temperatura robocza: 5\u201340\u00b0C<\/li>\n<li>Poziom ha\u0142asu: &lt; 76 dB<\/li>\n<\/ul>\n<p style=\"text-align: left;\">Kolory i odcienie urz\u0105dze\u0144 mog\u0105 si\u0119 r\u00f3\u017cni\u0107 w zale\u017cno\u015bci od partii produkcyjnej.<\/p>\n<\/div>\n<\/div>","protected":false},"excerpt":{"rendered":"<h5 style=\"text-align: left;\">Podno\u015bnik no\u017cycowy mobilny Euro Trade TDY-2812<\/h5>\n<p style=\"text-align: left;\">Podno\u015bnik samochodowy, no\u017cycowy Euro Trade TDY-2812 to solidnie wykonane urz\u0105dzenie mobilne, kt\u00f3re posiada dwa si\u0142owniki hydrauliczne oraz automatyczny system blokowania i odbezpieczania zapadek bezpiecze\u0144stwa.<\/p>","protected":false},"featured_media":24876,"comment_status":"open","ping_status":"closed","template":"","meta":[],"product_brand":[],"product_cat":[122],"product_tag":[],"class_list":{"0":"post-24808","1":"product","2":"type-product","3":"status-publish","4":"has-post-thumbnail","6":"product_cat-04-podnosniki-nozycowe","7":"product_shipping_class-157","9":"first","10":"instock","11":"taxable","12":"shipping-taxable","13":"purchasable","14":"product-type-simple"},"_links":{"self":[{"href":"https:\/\/etge.pl\/sk\/wp-json\/wp\/v2\/product\/24808","targetHints":{"allow":["GET"]}}],"collection":[{"href":"https:\/\/etge.pl\/sk\/wp-json\/wp\/v2\/product"}],"about":[{"href":"https:\/\/etge.pl\/sk\/wp-json\/wp\/v2\/types\/product"}],"replies":[{"embeddable":true,"href":"https:\/\/etge.pl\/sk\/wp-json\/wp\/v2\/comments?post=24808"}],"wp:featuredmedia":[{"embeddable":true,"href":"https:\/\/etge.pl\/sk\/wp-json\/wp\/v2\/media\/24876"}],"wp:attachment":[{"href":"https:\/\/etge.pl\/sk\/wp-json\/wp\/v2\/media?parent=24808"}],"wp:term":[{"taxonomy":"product_brand","embeddable":true,"href":"https:\/\/etge.pl\/sk\/wp-json\/wp\/v2\/product_brand?post=24808"},{"taxonomy":"product_cat","embeddable":true,"href":"https:\/\/etge.pl\/sk\/wp-json\/wp\/v2\/product_cat?post=24808"},{"taxonomy":"product_tag","embeddable":true,"href":"https:\/\/etge.pl\/sk\/wp-json\/wp\/v2\/product_tag?post=24808"}],"curies":[{"name":"wp","href":"https:\/\/api.w.org\/{rel}","templated":true}]}}