{"id":24882,"date":"2025-09-24T13:58:20","date_gmt":"2025-09-24T11:58:20","guid":{"rendered":"https:\/\/etge.pl\/?post_type=product&#038;p=24882"},"modified":"2026-02-18T11:45:43","modified_gmt":"2026-02-18T10:45:43","slug":"podnosnik-samochodowy-dwukolumnowy-euro-trade-etge-7224e-4200kg","status":"publish","type":"product","link":"https:\/\/etge.pl\/sk\/produkt\/podnosnik-samochodowy-dwukolumnowy-euro-trade-etge-7224e-4200kg\/","title":{"rendered":"Podno\u015bnik samochodowy dwukolumnowy Euro Trade ETGE-7224E 4200KG"},"content":{"rendered":"<div class=\"mp4t_16_s mryx_16_s mr3m_1 mli2_1 mh85_56 mh85_0_l\">\n<h4>Podno\u015bnik samochodowy dwukolumnowy Euro Trade ETGE-7224E 4200KG<\/h4>\n<p><strong>Specyfikacja techniczna:<\/strong><\/p>\n<ul>\n<li>Producent: Euro Trade<\/li>\n<li>Ud\u017awig: 4200kg<\/li>\n<li>Wysoko\u015b\u0107 podnoszenia: 1900mm<\/li>\n<li>Czas podnoszenia \/ opuszczania ca.: 55\/30 s<\/li>\n<li>Napi\u0119cie (elektryczne): 230V b\u0105d\u017a 400V<\/li>\n<li>Moc silnika: 2,2 kW<\/li>\n<li>Zabezpieczenie (elektryczne): 16 A<\/li>\n<li>Zbiornik oleju: 10L<\/li>\n<li>Waga: 628 kg<\/li>\n<li>Model: Euro Trade ETGE-7224E<\/li>\n<li>\u0141\u0105czenie dolne \/ dolna synchronizacja<\/li>\n<li>Wy\u0142\u0105cznik kra\u0144cowy &#8211; zabezpieczenie przed przekroczeniem maksymalnej wysoko\u015bci podnoszenia<\/li>\n<\/ul>\n<\/div>","protected":false},"excerpt":{"rendered":"<p><strong>Podno\u015bnik dwukolumnowy samochodowy 4,2T Euro Trade ETGE-7224E automatyczny<\/strong><\/p>\n<p>Model ETGE-7224E jest to profesjonalne, automatyczne urz\u0105dzenie przeznaczone do podnoszenia pojazd\u00f3w na maksymaln\u0105 wysoko\u015bci 190cm.<\/p>\n<p>Nowoczesna w pe\u0142ni automatyczna konstrukcja zapewnia szeroki zakres zastosowa\u0144 od najmniejszych aut typu Smart po wi\u0119ksze samochody osobowe.<\/p>","protected":false},"featured_media":24885,"comment_status":"open","ping_status":"closed","template":"","meta":[],"product_brand":[],"product_cat":[133,125],"product_tag":[],"class_list":{"0":"post-24882","1":"product","2":"type-product","3":"status-publish","4":"has-post-thumbnail","6":"product_cat-podnosniki-kolumnowe","7":"product_cat-02-podnosniki-dwukolumnowe","8":"product_shipping_class-4-kol-male","10":"first","11":"instock","12":"taxable","13":"shipping-taxable","14":"purchasable","15":"product-type-simple"},"_links":{"self":[{"href":"https:\/\/etge.pl\/sk\/wp-json\/wp\/v2\/product\/24882","targetHints":{"allow":["GET"]}}],"collection":[{"href":"https:\/\/etge.pl\/sk\/wp-json\/wp\/v2\/product"}],"about":[{"href":"https:\/\/etge.pl\/sk\/wp-json\/wp\/v2\/types\/product"}],"replies":[{"embeddable":true,"href":"https:\/\/etge.pl\/sk\/wp-json\/wp\/v2\/comments?post=24882"}],"wp:featuredmedia":[{"embeddable":true,"href":"https:\/\/etge.pl\/sk\/wp-json\/wp\/v2\/media\/24885"}],"wp:attachment":[{"href":"https:\/\/etge.pl\/sk\/wp-json\/wp\/v2\/media?parent=24882"}],"wp:term":[{"taxonomy":"product_brand","embeddable":true,"href":"https:\/\/etge.pl\/sk\/wp-json\/wp\/v2\/product_brand?post=24882"},{"taxonomy":"product_cat","embeddable":true,"href":"https:\/\/etge.pl\/sk\/wp-json\/wp\/v2\/product_cat?post=24882"},{"taxonomy":"product_tag","embeddable":true,"href":"https:\/\/etge.pl\/sk\/wp-json\/wp\/v2\/product_tag?post=24882"}],"curies":[{"name":"wp","href":"https:\/\/api.w.org\/{rel}","templated":true}]}}