{"id":24892,"date":"2025-10-07T14:26:24","date_gmt":"2025-10-07T12:26:24","guid":{"rendered":"https:\/\/etge.pl\/?post_type=product&#038;p=24892"},"modified":"2026-04-15T11:23:54","modified_gmt":"2026-04-15T09:23:54","slug":"podnosnik-jednokolumnowy-mobilny-etge-2800lift-pelny-automat-udzwig-2800kg","status":"publish","type":"product","link":"https:\/\/etge.pl\/sk\/produkt\/podnosnik-jednokolumnowy-mobilny-etge-2800lift-pelny-automat-udzwig-2800kg\/","title":{"rendered":"Podno\u015bnik Jednokolumnowy Mobilny ETGE-2800LIFT Pe\u0142ny Automat Ud\u017awig 2800KG"},"content":{"rendered":"<div class=\"product-section reverse\">\n<div class=\"description\">\n<div class=\"mp4t_16_s mryx_16_s mr3m_1 mli2_1 mh85_56 mh85_0_l\">\n<div class=\"mgn2_16 _0d3bd_am0a-\">\n<h1>Podno\u015bnik Jednokolumnowy Mobilny ETGE-2800LIFT 2800KG 2.8T 230V \u2013 Profesjonalny Podno\u015bnik Warsztatowy Elektrohydrauliczny<\/h1>\n<p><b>Nowoczesny podno\u015bnik jednokolumnowy mobilny ETGE-2800LIFT<\/b> to <b>profesjonalne urz\u0105dzenie warsztatowe<\/b> zaprojektowane do obs\u0142ugi samochod\u00f3w osobowych, SUV-\u00f3w oraz lekkich dostawczak\u00f3w. Dzi\u0119ki kompaktowej konstrukcji i mobilnemu systemowi k\u00f3\u0142 transportowych, podno\u015bnik ten mo\u017ce by\u0107 u\u017cywany zar\u00f3wno w warsztacie, jak i na zewn\u0105trz, na twardym i r\u00f3wnym pod\u0142o\u017cu.<\/p>\n<p><b>Uniwersalno\u015b\u0107 i mobilno\u015b\u0107 <\/b>czyni\u0105 z <b>ETGE-2800LIFT<\/b> idealne rozwi\u0105zanie dla warsztat\u00f3w, serwis\u00f3w opon, stacji kontroli pojazd\u00f3w, lakierni, jak i u\u017cytkownik\u00f3w indywidualnych, <b>kt\u00f3rzy oczekuj\u0105 pe\u0142nej swobody pracy.<\/b><\/p>\n<\/div>\n<\/div>\n<\/div>\n<\/div>\n<div class=\"product-section\"><img decoding=\"async\" src=\"https:\/\/etge.pl\/wp-content\/uploads\/2025\/10\/Podnosnik-jednokolumnowy-ETGE-2800LIFT9-1920x1920.jpg\" alt=\"Podno\u015bnik ETGE 2800\" \/><\/div>","protected":false},"excerpt":{"rendered":"<div class=\"mp4t_16_s mryx_16_s mr3m_1 mli2_1 mh85_56 mh85_0_l\">\n<div class=\"mg9e_8 mj7a_8 mg9e_0_s mvrt_0_s mj7a_0_s mh36_0_s mzmg_6m munh_16_l m3h2_16_l\">\n<div class=\"mp4t_0 mryx_0 munh_56 m3h2_56\">\n<div class=\"mp7g_oh\"><\/div>\n<\/div>\n<\/div>\n<\/div>\n<div class=\"mp4t_16_s mryx_16_s mr3m_1 mli2_1 mh85_56 mh85_0_l\">\n<div class=\"mgn2_16 _0d3bd_am0a-\">\n<h1>Podno\u015bnik Jednokolumnowy Mobilny ETGE-2800LIFT 2800KG 2.8T 230V \u2013 Profesjonalny Podno\u015bnik Warsztatowy Elektrohydrauliczny<\/h1>\n<p><b>Nowoczesny podno\u015bnik jednokolumnowy mobilny ETGE-2800LIFT<\/b> to <b>profesjonalne urz\u0105dzenie warsztatowe<\/b> zaprojektowane do obs\u0142ugi samochod\u00f3w osobowych, SUV-\u00f3w oraz lekkich dostawczak\u00f3w. Dzi\u0119ki kompaktowej konstrukcji i mobilnemu systemowi k\u00f3\u0142 transportowych, podno\u015bnik ten mo\u017ce by\u0107 u\u017cywany zar\u00f3wno w warsztacie, jak i na zewn\u0105trz, na twardym i r\u00f3wnym pod\u0142o\u017cu.<\/p>\n<p><b>Uniwersalno\u015b\u0107 i mobilno\u015b\u0107 <\/b>czyni\u0105 z <b>ETGE-2800LIFT<\/b> idealne rozwi\u0105zanie dla warsztat\u00f3w, serwis\u00f3w opon, stacji kontroli pojazd\u00f3w, lakierni, jak i u\u017cytkownik\u00f3w indywidualnych, <b>kt\u00f3rzy oczekuj\u0105 pe\u0142nej swobody pracy.<\/b><\/p>\n<\/div>\n<\/div>","protected":false},"featured_media":24908,"comment_status":"open","ping_status":"closed","template":"","meta":[],"product_brand":[],"product_cat":[131,123,124],"product_tag":[],"class_list":{"0":"post-24892","1":"product","2":"type-product","3":"status-publish","4":"has-post-thumbnail","6":"product_cat-01-podnosniki-jednokolumnowe","7":"product_cat-wszystkie-podnosniki-euro-trade","8":"product_cat-wszystkie-urzadzenia-euro-trade","9":"product_shipping_class-1-kol","11":"first","12":"instock","13":"featured","14":"taxable","15":"shipping-taxable","16":"purchasable","17":"product-type-simple"},"_links":{"self":[{"href":"https:\/\/etge.pl\/sk\/wp-json\/wp\/v2\/product\/24892","targetHints":{"allow":["GET"]}}],"collection":[{"href":"https:\/\/etge.pl\/sk\/wp-json\/wp\/v2\/product"}],"about":[{"href":"https:\/\/etge.pl\/sk\/wp-json\/wp\/v2\/types\/product"}],"replies":[{"embeddable":true,"href":"https:\/\/etge.pl\/sk\/wp-json\/wp\/v2\/comments?post=24892"}],"wp:featuredmedia":[{"embeddable":true,"href":"https:\/\/etge.pl\/sk\/wp-json\/wp\/v2\/media\/24908"}],"wp:attachment":[{"href":"https:\/\/etge.pl\/sk\/wp-json\/wp\/v2\/media?parent=24892"}],"wp:term":[{"taxonomy":"product_brand","embeddable":true,"href":"https:\/\/etge.pl\/sk\/wp-json\/wp\/v2\/product_brand?post=24892"},{"taxonomy":"product_cat","embeddable":true,"href":"https:\/\/etge.pl\/sk\/wp-json\/wp\/v2\/product_cat?post=24892"},{"taxonomy":"product_tag","embeddable":true,"href":"https:\/\/etge.pl\/sk\/wp-json\/wp\/v2\/product_tag?post=24892"}],"curies":[{"name":"wp","href":"https:\/\/api.w.org\/{rel}","templated":true}]}}