{"id":25061,"date":"2026-04-17T07:33:40","date_gmt":"2026-04-17T05:33:40","guid":{"rendered":"https:\/\/etge.pl\/?post_type=product&#038;p=25061"},"modified":"2026-04-17T07:44:47","modified_gmt":"2026-04-17T05:44:47","slug":"podnosnik-czterokolumnowy-parkingowy-etge-4200d-mobilny-dwa-auta-4200kg","status":"publish","type":"product","link":"https:\/\/etge.pl\/sk\/produkt\/podnosnik-czterokolumnowy-parkingowy-etge-4200d-mobilny-dwa-auta-4200kg\/","title":{"rendered":"Podno\u015bnik Czterokolumnowy Parkingowy ETGE-4200D Mobilny Dwa Auta 4200KG"},"content":{"rendered":"<div class=\"mp4t_16_s mryx_16_s mr3m_1 mli2_1 mh85_56 mh85_0_l\">\n<h4>Podno\u015bnik Czterokolumnowy Parkingowy ETGE-4200D 4200KG na dwa samochody.<\/h4>\n<p>Nowoczesny podno\u015bnik czterokolumnowy ETGE-4200D to profesjonalne urz\u0105dzenie przeznaczone do obs\u0142ugi samochod\u00f3w osobowych, SUV-\u00f3w oraz lekkich pojazd\u00f3w dostawczych.<\/p>\n<p>Dzi\u0119ki solidnej konstrukcji oraz du\u017cej powierzchni najazdowej doskonale sprawdza si\u0119 zar\u00f3wno w warsztatach samochodowych, jak i jako system do przechowywania pojazd\u00f3w (podno\u015bnik parkingowy).<\/p>\n<p>To idealne rozwi\u0105zanie dla serwis\u00f3w, gara\u017cy prywatnych, dealer\u00f3w samochodowych oraz klient\u00f3w, kt\u00f3rzy potrzebuj\u0105 maksymalnej stabilno\u015bci i bezpiecze\u0144stwa pracy.<\/p>\n<\/div>\n<div class=\"mpof_ki myre_zn myre_8v_l m389_6m_l\">\n<div class=\"mp4t_16_s mryx_16_s mr3m_1 mli2_1 mh85_56 mh85_0_l\">\n<div class=\"mgn2_16 _0d3bd_am0a-\">\n<h4>Specyfikacja:<\/h4>\n<p>Ud\u017awig:4200kg<\/p>\n<p>Ca\u0142kowita wysoko\u015b\u0107: 2190mm<\/p>\n<p>Ca\u0142kowita d\u0142ugo\u015b\u0107: 5444mm<\/p>\n<p>Ca\u0142kowita szeroko\u015b\u0107:4885mm<\/p>\n<p>Minimalna wysoko\u015b\u0107 podnoszenia: 125mm<\/p>\n<p>Maksymalna wysoko\u015b\u0107 podnoszenia: 1880mm<\/p>\n<p>D\u0142ugo\u015b\u0107 najazdu: 4200mm<\/p>\n<p>Szeroko\u015b\u0107 najazdu: 894mm<\/p>\n<p>Zasilanie:230V<\/p>\n<p>Moc silnika: 2,2kW<\/p>\n<p>Czas podnoszenia: 50-60s<\/p>\n<\/div>\n<\/div>\n<div class=\"mp4t_16_s mryx_16_s mr3m_1 mli2_1 mh85_56 mh85_0_l\">\n<div class=\"mg9e_8 mj7a_8 mg9e_0_s mvrt_0_s mj7a_0_s mh36_0_s mzmg_6m munh_16_l m3h2_16_l\">\n<div class=\"mp4t_0 mryx_0 munh_56 m3h2_56\">\n<div class=\"mp7g_oh\"><\/div>\n<\/div>\n<\/div>\n<\/div>\n<\/div>\n<div class=\"mpof_ki myre_zn myre_8v_l m389_6m_l\">\n<div class=\"mp4t_16_s mryx_16_s mr3m_1 mli2_1 mh85_56 mh85_0_l\">\n<div class=\"mgn2_16 _0d3bd_am0a-\">\n<h4>Stabilna konstrukcja czterokolumnowa \u2013 maksymalne bezpiecze\u0144stwo<\/h4>\n<p>Podno\u015bnik ETGE-4200D oparty jest na wytrzyma\u0142ej konstrukcji 4 kolumn, co zapewnia:<\/p>\n<ul>\n<li>najwy\u017csz\u0105 stabilno\u015b\u0107 podczas podnoszenia<\/li>\n<li>r\u00f3wnomierne roz\u0142o\u017cenie ci\u0119\u017caru pojazdu<\/li>\n<li>bezpieczn\u0105 prac\u0119 nawet przy maksymalnym obci\u0105\u017ceniu<\/li>\n<\/ul>\n<p>W przeciwie\u0144stwie do podno\u015bnik\u00f3w dwukolumnowych, ta konstrukcja czterokolumnowa nie wymaga kotwienia \u2013 pojazd wje\u017cd\u017ca bezpo\u015brednio na platformy.<\/p>\n<p>To rozwi\u0105zanie znacznie przyspiesza prac\u0119 i eliminuje ryzyko b\u0142\u0119dnego ustawienia auta.<\/p>\n<\/div>\n<\/div>\n<\/div>\n<div class=\"mpof_ki myre_zn myre_8v_l m389_6m_l\">\n<div class=\"mp4t_16_s mryx_16_s mr3m_1 mli2_1 mh85_56 mh85_0_l\">\n<div class=\"mg9e_8 mj7a_8 mg9e_0_s mvrt_0_s mj7a_0_s mh36_0_s mzmg_6m munh_16_l m3h2_16_l\">\n<div class=\"mp4t_0 mryx_0 munh_56 m3h2_56\">\n<div class=\"mp7g_oh\"><\/div>\n<\/div>\n<\/div>\n<\/div>\n<div class=\"mp4t_16_s mryx_16_s mr3m_1 mli2_1 mh85_56 mh85_0_l\">\n<div class=\"mgn2_16 _0d3bd_am0a-\">\n<h4>Elektrohydrauliczny system podnoszenia \u2013 p\u0142ynna i bezawaryjna praca<\/h4>\n<p>Podno\u015bnik wyposa\u017cony jest w nowoczesny uk\u0142ad elektrohydrauliczny, kt\u00f3ry gwarantuje:<\/p>\n<ul>\n<li>p\u0142ynne podnoszenie i opuszczanie<\/li>\n<li>wysok\u0105 wydajno\u015b\u0107 pracy<\/li>\n<li>nisk\u0105 awaryjno\u015b\u0107<\/li>\n<li>prost\u0105 obs\u0142ug\u0119<\/li>\n<\/ul>\n<p>Sterowanie odbywa si\u0119 z poziomu intuicyjnego panelu, co zapewnia pe\u0142n\u0105 kontrol\u0119 nad urz\u0105dzeniem.<\/p>\n<\/div>\n<\/div>\n<\/div>\n<div class=\"mpof_ki myre_zn myre_8v_l m389_6m_l\">\n<div class=\"mp4t_16_s mryx_16_s mr3m_1 mli2_1 mh85_56 mh85_0_l\">\n<div class=\"mgn2_16 _0d3bd_am0a-\">\n<h4>System blokad bezpiecze\u0144stwa \u2013 pe\u0142na kontrola i ochrona<\/h4>\n<p>Model ETGE-4200D posiada mechaniczne blokady bezpiecze\u0144stwa, kt\u00f3re automatycznie zabezpieczaj\u0105 podno\u015bnik na r\u00f3\u017cnych wysoko\u015bciach.<\/p>\n<p>Dzi\u0119ki temu:<\/p>\n<ul>\n<li>pojazd pozostaje stabilny nawet przy d\u0142ugotrwa\u0142ej pracy<\/li>\n<li>ryzyko opadni\u0119cia zostaje wyeliminowane<\/li>\n<\/ul>\n<\/div>\n<\/div>\n<div class=\"mp4t_16_s mryx_16_s mr3m_1 mli2_1 mh85_56 mh85_0_l\">\n<div class=\"mg9e_8 mj7a_8 mg9e_0_s mvrt_0_s mj7a_0_s mh36_0_s mzmg_6m munh_16_l m3h2_16_l\">\n<div class=\"mp4t_0 mryx_0 munh_56 m3h2_56\">\n<div class=\"mp7g_oh\"><\/div>\n<\/div>\n<\/div>\n<\/div>\n<\/div>\n<div class=\"mpof_ki myre_zn myre_8v_l m389_6m_l\">\n<div class=\"mp4t_16_s mryx_16_s mr3m_1 mli2_1 mh85_56 mh85_0_l\">\n<div class=\"mg9e_8 mj7a_8 mg9e_0_s mvrt_0_s mj7a_0_s mh36_0_s mzmg_6m munh_16_l m3h2_16_l\">\n<div class=\"mp4t_0 mryx_0 munh_56 m3h2_56\">\n<div class=\"mp7g_oh\"><\/div>\n<\/div>\n<\/div>\n<\/div>\n<div class=\"mp4t_16_s mryx_16_s mr3m_1 mli2_1 mh85_56 mh85_0_l\">\n<div class=\"mgn2_16 _0d3bd_am0a-\">\n<h4>Mobilno\u015b\u0107 i funkcjonalno\u015b\u0107 \u2013 wi\u0119cej mo\u017cliwo\u015bci pracy<\/h4>\n<p>Podno\u015bnik zosta\u0142 wyposa\u017cony w zestaw mobilny (ko\u0142a transportowe), kt\u00f3ry umo\u017cliwia jego przemieszczanie.<\/p>\n<p>To ogromna zaleta w przypadku:<\/p>\n<ul>\n<li>warsztat\u00f3w z ograniczon\u0105 przestrzeni\u0105<\/li>\n<li>gara\u017cy wielostanowiskowych<\/li>\n<li>zastosowa\u0144 prywatnych<\/li>\n<\/ul>\n<p>Dodatkowe elementy, takie jak rampy najazdowe, blokady k\u00f3\u0142 czy p\u0142yty ograniczaj\u0105ce, zwi\u0119kszaj\u0105 komfort codziennego u\u017cytkowania.<\/p>\n<\/div>\n<\/div>\n<\/div>\n<div class=\"mpof_ki myre_zn myre_8v_l m389_6m_l\">\n<div class=\"mp4t_16_s mryx_16_s mr3m_1 mli2_1 mh85_56 mh85_0_l\">\n<div class=\"mgn2_16 _0d3bd_am0a-\">\n<h4>Zastosowanie podno\u015bnika:<\/h4>\n<p>Podno\u015bnik ETGE-4200D doskonale sprawdzi si\u0119 przy:<\/p>\n<ul>\n<li>przechowywaniu pojazd\u00f3w (parkingi, gara\u017ce)<\/li>\n<li>diagnostyce samochod\u00f3w<\/li>\n<li>serwisie opon i zawieszenia<\/li>\n<li>pracach mechanicznych<\/li>\n<li>prezentacji pojazd\u00f3w w salonach<\/li>\n<\/ul>\n<\/div>\n<\/div>\n<\/div>","protected":false},"excerpt":{"rendered":"<h4>Podno\u015bnik Czterokolumnowy Parkingowy ETGE-4200D 4200KG na dwa samochody.<\/h4>\n<p>Nowoczesny podno\u015bnik czterokolumnowy ETGE-4200D to profesjonalne urz\u0105dzenie przeznaczone do obs\u0142ugi samochod\u00f3w osobowych, SUV-\u00f3w oraz lekkich pojazd\u00f3w dostawczych.<\/p>","protected":false},"featured_media":25064,"comment_status":"open","ping_status":"closed","template":"","meta":[],"product_brand":[],"product_cat":[133,126],"product_tag":[],"class_list":{"0":"post-25061","1":"product","2":"type-product","3":"status-publish","4":"has-post-thumbnail","6":"product_cat-podnosniki-kolumnowe","7":"product_cat-03-podnosniki-czterokolumnowe","8":"product_shipping_class-4-kol-male","10":"first","11":"instock","12":"taxable","13":"shipping-taxable","14":"purchasable","15":"product-type-simple"},"_links":{"self":[{"href":"https:\/\/etge.pl\/sk\/wp-json\/wp\/v2\/product\/25061","targetHints":{"allow":["GET"]}}],"collection":[{"href":"https:\/\/etge.pl\/sk\/wp-json\/wp\/v2\/product"}],"about":[{"href":"https:\/\/etge.pl\/sk\/wp-json\/wp\/v2\/types\/product"}],"replies":[{"embeddable":true,"href":"https:\/\/etge.pl\/sk\/wp-json\/wp\/v2\/comments?post=25061"}],"wp:featuredmedia":[{"embeddable":true,"href":"https:\/\/etge.pl\/sk\/wp-json\/wp\/v2\/media\/25064"}],"wp:attachment":[{"href":"https:\/\/etge.pl\/sk\/wp-json\/wp\/v2\/media?parent=25061"}],"wp:term":[{"taxonomy":"product_brand","embeddable":true,"href":"https:\/\/etge.pl\/sk\/wp-json\/wp\/v2\/product_brand?post=25061"},{"taxonomy":"product_cat","embeddable":true,"href":"https:\/\/etge.pl\/sk\/wp-json\/wp\/v2\/product_cat?post=25061"},{"taxonomy":"product_tag","embeddable":true,"href":"https:\/\/etge.pl\/sk\/wp-json\/wp\/v2\/product_tag?post=25061"}],"curies":[{"name":"wp","href":"https:\/\/api.w.org\/{rel}","templated":true}]}}